{"id":94,"date":"2021-03-17T10:08:03","date_gmt":"2021-03-17T10:08:03","guid":{"rendered":"https:\/\/eboutique.zeppelin.fr\/?post_type=product&#038;p=94"},"modified":"2025-06-03T06:35:31","modified_gmt":"2025-06-03T06:35:31","slug":"macaron-avec-anneau-d-noir","status":"publish","type":"product","link":"https:\/\/eboutique.zeppelin.fr\/index.php\/produit\/macaron-avec-anneau-d-noir\/","title":{"rendered":"MACARON AVEC ANNEAU \u00ab\u00a0D\u00a0\u00bb NOIR"},"content":{"rendered":"<p>Ce macaron en hypalon de 15 cm de diam\u00e8tre est \u00e9quip\u00e9 d\u2019un anneau D central de 4 cm, offrant une solution pratique et r\u00e9sistante pour diverses applications nautiques. Le mat\u00e9riau en hypalon assure une excellente r\u00e9sistance aux UV, \u00e0 l\u2019abrasion et aux conditions marines, garantissant une durabilit\u00e9 \u00e0 toute \u00e9preuve.<\/p>\n<p>L&rsquo;anneau D int\u00e9gr\u00e9 permet une fixation facile et s\u00e9curis\u00e9e pour les amarrages, ou toute autre installation n\u00e9cessitant un point d\u2019attache solide. Id\u00e9al pour les r\u00e9parations ou comme accessoire de montage sur les flotteurs, ce macaron en hypalon combine fonctionnalit\u00e9 et robustesse pour r\u00e9pondre aux besoins des marins exigeants.<\/p>\n","protected":false},"excerpt":{"rendered":"<p>Ce macaron avec anneau \u00ab\u00a0D\u00a0\u00bb, de 15cm de diam\u00e8tre est utiliser pour la r\u00e9alisation d&rsquo;une saisine int\u00e9rieure ou par exemple pour permettre l&rsquo;attache d&rsquo;un taud (dans ce cas pr\u00e9cis, \u00e0 coller sous le flotteur)<\/p>\n","protected":false},"featured_media":965,"template":"","meta":[],"product_brand":[],"product_cat":[16,22],"product_tag":[],"class_list":{"0":"post-94","1":"product","2":"type-product","3":"status-publish","4":"has-post-thumbnail","6":"product_cat-accessoires-flotteurs","7":"product_cat-macarons","8":"description-off","10":"first","11":"outofstock","12":"taxable","13":"shipping-taxable","14":"purchasable","15":"product-type-simple"},"_links":{"self":[{"href":"https:\/\/eboutique.zeppelin.fr\/index.php\/wp-json\/wp\/v2\/product\/94","targetHints":{"allow":["GET"]}}],"collection":[{"href":"https:\/\/eboutique.zeppelin.fr\/index.php\/wp-json\/wp\/v2\/product"}],"about":[{"href":"https:\/\/eboutique.zeppelin.fr\/index.php\/wp-json\/wp\/v2\/types\/product"}],"wp:featuredmedia":[{"embeddable":true,"href":"https:\/\/eboutique.zeppelin.fr\/index.php\/wp-json\/wp\/v2\/media\/965"}],"wp:attachment":[{"href":"https:\/\/eboutique.zeppelin.fr\/index.php\/wp-json\/wp\/v2\/media?parent=94"}],"wp:term":[{"taxonomy":"product_brand","embeddable":true,"href":"https:\/\/eboutique.zeppelin.fr\/index.php\/wp-json\/wp\/v2\/product_brand?post=94"},{"taxonomy":"product_cat","embeddable":true,"href":"https:\/\/eboutique.zeppelin.fr\/index.php\/wp-json\/wp\/v2\/product_cat?post=94"},{"taxonomy":"product_tag","embeddable":true,"href":"https:\/\/eboutique.zeppelin.fr\/index.php\/wp-json\/wp\/v2\/product_tag?post=94"}],"curies":[{"name":"wp","href":"https:\/\/api.w.org\/{rel}","templated":true}]}}