{"id":867,"date":"2024-10-09T09:22:22","date_gmt":"2024-10-09T09:22:22","guid":{"rendered":"https:\/\/eboutique.zeppelin.fr\/?post_type=product&#038;p=867"},"modified":"2024-10-09T09:24:34","modified_gmt":"2024-10-09T09:24:34","slug":"sellerie-assise-gris-clair-de-sieges-s1011","status":"publish","type":"product","link":"https:\/\/eboutique.zeppelin.fr\/index.php\/produit\/sellerie-assise-gris-clair-de-sieges-s1011\/","title":{"rendered":"SELLERIE ASSISE GRIS CLAIR DE SI\u00c8GES S1011"},"content":{"rendered":"<p>joutez une touche de l\u00e9g\u00e8ret\u00e9 et d&rsquo;\u00e9l\u00e9gance \u00e0 votre bateau avec la sellerie de si\u00e8ge S1011 en simili cuir gris clair. Son design totalement uni offre un look moderne et \u00e9pur\u00e9, tout en garantissant une grande r\u00e9sistance. Avec sa texture lisse et homog\u00e8ne, cette sellerie est id\u00e9ale pour ceux qui recherchent une esth\u00e9tique contemporaine et lumineuse, tout en b\u00e9n\u00e9ficiant d&rsquo;une qualit\u00e9 durable.<\/p>\n<ul>\n<li><strong>Couleur<\/strong> : Gris clair uni<\/li>\n<li><strong>Mat\u00e9riau<\/strong> : Simili cuir r\u00e9sistant \u00e0 l&rsquo;eau et aux UV<\/li>\n<li><strong>Facile \u00e0 entretenir<\/strong> : Surface lisse et imperm\u00e9able, nettoyable en un coup de chiffon<\/li>\n<li><strong>Durabilit\u00e9<\/strong> : R\u00e9siste \u00e0 l&rsquo;usure, aux \u00e9claboussures et \u00e0 l&rsquo;exposition prolong\u00e9e au soleil<\/li>\n<\/ul>\n<p>La sellerie S1011 unie en gris clair s\u2019adapte ais\u00e9ment \u00e0 la plupart des si\u00e8ges de bateau, offrant un confort sup\u00e9rieur et un design chic pour toutes vos sorties en mer.<\/p>\n","protected":false},"excerpt":{"rendered":"<p>joutez une touche de l\u00e9g\u00e8ret\u00e9 et d&rsquo;\u00e9l\u00e9gance \u00e0 votre bateau avec la sellerie de si\u00e8ge S1011 en simili cuir gris clair. Son design totalement uni offre un look moderne et \u00e9pur\u00e9, tout en garantissant une grande r\u00e9sistance. Avec sa texture lisse et homog\u00e8ne, cette sellerie est id\u00e9ale pour ceux qui recherchent une esth\u00e9tique contemporaine et&hellip;<\/p>\n","protected":false},"featured_media":870,"template":"","meta":[],"product_brand":[],"product_cat":[45],"product_tag":[],"class_list":{"0":"post-867","1":"product","2":"type-product","3":"status-publish","4":"has-post-thumbnail","6":"product_cat-selleries","7":"description-off","9":"first","10":"instock","11":"taxable","12":"shipping-taxable","13":"purchasable","14":"product-type-simple"},"_links":{"self":[{"href":"https:\/\/eboutique.zeppelin.fr\/index.php\/wp-json\/wp\/v2\/product\/867","targetHints":{"allow":["GET"]}}],"collection":[{"href":"https:\/\/eboutique.zeppelin.fr\/index.php\/wp-json\/wp\/v2\/product"}],"about":[{"href":"https:\/\/eboutique.zeppelin.fr\/index.php\/wp-json\/wp\/v2\/types\/product"}],"wp:featuredmedia":[{"embeddable":true,"href":"https:\/\/eboutique.zeppelin.fr\/index.php\/wp-json\/wp\/v2\/media\/870"}],"wp:attachment":[{"href":"https:\/\/eboutique.zeppelin.fr\/index.php\/wp-json\/wp\/v2\/media?parent=867"}],"wp:term":[{"taxonomy":"product_brand","embeddable":true,"href":"https:\/\/eboutique.zeppelin.fr\/index.php\/wp-json\/wp\/v2\/product_brand?post=867"},{"taxonomy":"product_cat","embeddable":true,"href":"https:\/\/eboutique.zeppelin.fr\/index.php\/wp-json\/wp\/v2\/product_cat?post=867"},{"taxonomy":"product_tag","embeddable":true,"href":"https:\/\/eboutique.zeppelin.fr\/index.php\/wp-json\/wp\/v2\/product_tag?post=867"}],"curies":[{"name":"wp","href":"https:\/\/api.w.org\/{rel}","templated":true}]}}