{"id":864,"date":"2024-10-09T09:14:12","date_gmt":"2024-10-09T09:14:12","guid":{"rendered":"https:\/\/eboutique.zeppelin.fr\/?post_type=product&#038;p=864"},"modified":"2024-10-09T09:14:13","modified_gmt":"2024-10-09T09:14:13","slug":"sellerie-assise-noire-de-sieges-s1011","status":"publish","type":"product","link":"https:\/\/eboutique.zeppelin.fr\/index.php\/produit\/sellerie-assise-noire-de-sieges-s1011\/","title":{"rendered":"SELLERIE ASSISE NOIRE DE SI\u00c8GES S1011"},"content":{"rendered":"<p>Apportez une touche de raffinement sobre \u00e0 votre bateau avec la sellerie de si\u00e8ge S1011 en simili cuir noir. Ce mod\u00e8le au design totalement uni se distingue par sa simplicit\u00e9 \u00e9l\u00e9gante et sa grande r\u00e9sistance. Avec sa texture lisse et homog\u00e8ne, cette sellerie est parfaite pour ceux qui recherchent un look minimaliste et moderne, tout en b\u00e9n\u00e9ficiant d&rsquo;une qualit\u00e9 durable.<\/p>\n<ul>\n<li><strong>Couleur<\/strong> : Noir uni<\/li>\n<li><strong>Mat\u00e9riau<\/strong> : Simili cuir r\u00e9sistant \u00e0 l&rsquo;eau et aux UV<\/li>\n<li><strong>Facile \u00e0 entretenir<\/strong> : Surface lisse et imperm\u00e9able, nettoyable en un coup de chiffon<\/li>\n<li><strong>Durabilit\u00e9<\/strong> : R\u00e9siste \u00e0 l&rsquo;usure, aux \u00e9claboussures et \u00e0 l&rsquo;exposition prolong\u00e9e au soleil<\/li>\n<\/ul>\n<p>Cette sellerie S1011 unie s&rsquo;adapte facilement \u00e0 la plupart des si\u00e8ges de bateau, alliant un style \u00e9pur\u00e9 \u00e0 un confort exceptionnel pour vos sorties en mer.<\/p>\n","protected":false},"excerpt":{"rendered":"<p>Apportez une touche de raffinement sobre \u00e0 votre bateau avec la sellerie de si\u00e8ge S1011 en simili cuir noir. Ce mod\u00e8le au design totalement uni se distingue par sa simplicit\u00e9 \u00e9l\u00e9gante et sa grande r\u00e9sistance. Avec sa texture lisse et homog\u00e8ne, cette sellerie est parfaite pour ceux qui recherchent un look minimaliste et moderne, tout&hellip;<\/p>\n","protected":false},"featured_media":866,"template":"","meta":[],"product_brand":[],"product_cat":[45],"product_tag":[],"class_list":{"0":"post-864","1":"product","2":"type-product","3":"status-publish","4":"has-post-thumbnail","6":"product_cat-selleries","7":"description-off","9":"first","10":"instock","11":"taxable","12":"shipping-taxable","13":"purchasable","14":"product-type-simple"},"_links":{"self":[{"href":"https:\/\/eboutique.zeppelin.fr\/index.php\/wp-json\/wp\/v2\/product\/864","targetHints":{"allow":["GET"]}}],"collection":[{"href":"https:\/\/eboutique.zeppelin.fr\/index.php\/wp-json\/wp\/v2\/product"}],"about":[{"href":"https:\/\/eboutique.zeppelin.fr\/index.php\/wp-json\/wp\/v2\/types\/product"}],"wp:featuredmedia":[{"embeddable":true,"href":"https:\/\/eboutique.zeppelin.fr\/index.php\/wp-json\/wp\/v2\/media\/866"}],"wp:attachment":[{"href":"https:\/\/eboutique.zeppelin.fr\/index.php\/wp-json\/wp\/v2\/media?parent=864"}],"wp:term":[{"taxonomy":"product_brand","embeddable":true,"href":"https:\/\/eboutique.zeppelin.fr\/index.php\/wp-json\/wp\/v2\/product_brand?post=864"},{"taxonomy":"product_cat","embeddable":true,"href":"https:\/\/eboutique.zeppelin.fr\/index.php\/wp-json\/wp\/v2\/product_cat?post=864"},{"taxonomy":"product_tag","embeddable":true,"href":"https:\/\/eboutique.zeppelin.fr\/index.php\/wp-json\/wp\/v2\/product_tag?post=864"}],"curies":[{"name":"wp","href":"https:\/\/api.w.org\/{rel}","templated":true}]}}