{"id":856,"date":"2024-10-09T08:54:11","date_gmt":"2024-10-09T08:54:11","guid":{"rendered":"https:\/\/eboutique.zeppelin.fr\/?post_type=product&#038;p=856"},"modified":"2024-10-09T08:57:17","modified_gmt":"2024-10-09T08:57:17","slug":"sellerie-assise-grise-de-siege-s1011","status":"publish","type":"product","link":"https:\/\/eboutique.zeppelin.fr\/index.php\/produit\/sellerie-assise-grise-de-siege-s1011\/","title":{"rendered":"SELLERIE ASSISE GRISE DE SI\u00c8GE S1011"},"content":{"rendered":"<p>Apportez confort et style \u00e0 votre bateau avec la sellerie de si\u00e8ge S1011, con\u00e7ue pour offrir une exp\u00e9rience haut de gamme. Fabriqu\u00e9e en simili cuir gris, cette sellerie est \u00e0 la fois \u00e9l\u00e9gante et durable. Sa texture lisse et agr\u00e9able au toucher, associ\u00e9e \u00e0 une finition soign\u00e9e, garantit un look moderne et raffin\u00e9, parfaitement adapt\u00e9 \u00e0 tout type de bateau.<\/p>\n<ul>\n<li><strong>Couleur<\/strong> : Gris<\/li>\n<li><strong>Mat\u00e9riau<\/strong> : Simili cuir r\u00e9sistant \u00e0 l&rsquo;eau et aux UV<\/li>\n<li><strong>Facile \u00e0 entretenir<\/strong> : Surface lisse et imperm\u00e9able, nettoyable en un coup de chiffon<\/li>\n<li><strong>Durabilit\u00e9<\/strong> : R\u00e9siste \u00e0 l&rsquo;usure, aux \u00e9claboussures et \u00e0 l&rsquo;exposition prolong\u00e9e au soleil<\/li>\n<\/ul>\n<p>Avec son design universel, cette sellerie S1011 s\u2019adapte facilement \u00e0 la plupart des mod\u00e8les de si\u00e8ges de bateau, apportant une touche de luxe tout en assurant une protection durable et un confort optimal.<\/p>\n","protected":false},"excerpt":{"rendered":"<p>Apportez confort et style \u00e0 votre bateau avec la sellerie de si\u00e8ge S1011, con\u00e7ue pour offrir une exp\u00e9rience haut de gamme. Fabriqu\u00e9e en simili cuir gris, cette sellerie est \u00e0 la fois \u00e9l\u00e9gante et durable. Sa texture lisse et agr\u00e9able au toucher, associ\u00e9e \u00e0 une finition soign\u00e9e, garantit un look moderne et raffin\u00e9, parfaitement adapt\u00e9&hellip;<\/p>\n","protected":false},"featured_media":859,"template":"","meta":[],"product_brand":[],"product_cat":[45],"product_tag":[],"class_list":{"0":"post-856","1":"product","2":"type-product","3":"status-publish","4":"has-post-thumbnail","6":"product_cat-selleries","7":"description-off","9":"first","10":"instock","11":"taxable","12":"shipping-taxable","13":"purchasable","14":"product-type-simple"},"_links":{"self":[{"href":"https:\/\/eboutique.zeppelin.fr\/index.php\/wp-json\/wp\/v2\/product\/856","targetHints":{"allow":["GET"]}}],"collection":[{"href":"https:\/\/eboutique.zeppelin.fr\/index.php\/wp-json\/wp\/v2\/product"}],"about":[{"href":"https:\/\/eboutique.zeppelin.fr\/index.php\/wp-json\/wp\/v2\/types\/product"}],"wp:featuredmedia":[{"embeddable":true,"href":"https:\/\/eboutique.zeppelin.fr\/index.php\/wp-json\/wp\/v2\/media\/859"}],"wp:attachment":[{"href":"https:\/\/eboutique.zeppelin.fr\/index.php\/wp-json\/wp\/v2\/media?parent=856"}],"wp:term":[{"taxonomy":"product_brand","embeddable":true,"href":"https:\/\/eboutique.zeppelin.fr\/index.php\/wp-json\/wp\/v2\/product_brand?post=856"},{"taxonomy":"product_cat","embeddable":true,"href":"https:\/\/eboutique.zeppelin.fr\/index.php\/wp-json\/wp\/v2\/product_cat?post=856"},{"taxonomy":"product_tag","embeddable":true,"href":"https:\/\/eboutique.zeppelin.fr\/index.php\/wp-json\/wp\/v2\/product_tag?post=856"}],"curies":[{"name":"wp","href":"https:\/\/api.w.org\/{rel}","templated":true}]}}