{"id":831,"date":"2024-10-02T12:54:12","date_gmt":"2024-10-02T12:54:12","guid":{"rendered":"https:\/\/eboutique.zeppelin.fr\/?post_type=product&#038;p=831"},"modified":"2025-03-21T08:53:46","modified_gmt":"2025-03-21T08:53:46","slug":"sellerie-assise-grise-de-siege-s1000","status":"publish","type":"product","link":"https:\/\/eboutique.zeppelin.fr\/index.php\/produit\/sellerie-assise-grise-de-siege-s1000\/","title":{"rendered":"SELLERIE ASSISE GRISE DE SI\u00c8GE S1000"},"content":{"rendered":"<p>Cette assise de si\u00e8ge de bateau est con\u00e7ue pour allier confort et praticit\u00e9.<\/p>\n<p>Sa couleur grise \u00e9clatante s&rsquo;harmonise parfaitement avec les environnements marins, apportant une touche de fra\u00eecheur et de modernit\u00e9.<\/p>\n<p>Le rev\u00eatement imite l&rsquo;apparence du tissu en nylon, offrant une texture r\u00e9sistante et l\u00e9g\u00e8re, id\u00e9ale pour un usage en ext\u00e9rieur. Con\u00e7u pour r\u00e9sister \u00e0 l&rsquo;humidit\u00e9 et \u00e0 l&rsquo;usure, ce mat\u00e9riau est facile \u00e0 entretenir, tout en conservant un aspect propre et net.<\/p>\n<p>&nbsp;<\/p>\n","protected":false},"excerpt":{"rendered":"<p>Cette assise de si\u00e8ge de bateau est con\u00e7ue pour allier confort et praticit\u00e9. Sa couleur grise \u00e9clatante s&rsquo;harmonise parfaitement avec les environnements marins, apportant une touche de fra\u00eecheur et de modernit\u00e9. Le rev\u00eatement imite l&rsquo;apparence du tissu en nylon, offrant une texture r\u00e9sistante et l\u00e9g\u00e8re, id\u00e9ale pour un usage en ext\u00e9rieur. Con\u00e7u pour r\u00e9sister \u00e0&hellip;<\/p>\n","protected":false},"featured_media":834,"template":"","meta":[],"product_brand":[],"product_cat":[45],"product_tag":[],"class_list":{"0":"post-831","1":"product","2":"type-product","3":"status-publish","4":"has-post-thumbnail","6":"product_cat-selleries","7":"description-off","9":"first","10":"instock","11":"taxable","12":"shipping-taxable","13":"purchasable","14":"product-type-simple"},"_links":{"self":[{"href":"https:\/\/eboutique.zeppelin.fr\/index.php\/wp-json\/wp\/v2\/product\/831","targetHints":{"allow":["GET"]}}],"collection":[{"href":"https:\/\/eboutique.zeppelin.fr\/index.php\/wp-json\/wp\/v2\/product"}],"about":[{"href":"https:\/\/eboutique.zeppelin.fr\/index.php\/wp-json\/wp\/v2\/types\/product"}],"wp:featuredmedia":[{"embeddable":true,"href":"https:\/\/eboutique.zeppelin.fr\/index.php\/wp-json\/wp\/v2\/media\/834"}],"wp:attachment":[{"href":"https:\/\/eboutique.zeppelin.fr\/index.php\/wp-json\/wp\/v2\/media?parent=831"}],"wp:term":[{"taxonomy":"product_brand","embeddable":true,"href":"https:\/\/eboutique.zeppelin.fr\/index.php\/wp-json\/wp\/v2\/product_brand?post=831"},{"taxonomy":"product_cat","embeddable":true,"href":"https:\/\/eboutique.zeppelin.fr\/index.php\/wp-json\/wp\/v2\/product_cat?post=831"},{"taxonomy":"product_tag","embeddable":true,"href":"https:\/\/eboutique.zeppelin.fr\/index.php\/wp-json\/wp\/v2\/product_tag?post=831"}],"curies":[{"name":"wp","href":"https:\/\/api.w.org\/{rel}","templated":true}]}}