{"id":773,"date":"2024-06-21T06:53:33","date_gmt":"2024-06-21T06:53:33","guid":{"rendered":"https:\/\/eboutique.zeppelin.fr\/?post_type=product&#038;p=773"},"modified":"2025-03-21T08:54:07","modified_gmt":"2025-03-21T08:54:07","slug":"cadene-x-vpro-316l","status":"publish","type":"product","link":"https:\/\/eboutique.zeppelin.fr\/index.php\/produit\/cadene-x-vpro-316l\/","title":{"rendered":"CADENE  X VPRO 316L"},"content":{"rendered":"<p>Cette cad\u00e8ne XVPRO en acier inoxydable 316L est con\u00e7ue pour r\u00e9sister aux conditions marines les plus exigeantes, offrant une protection optimale contre la corrosion. Elle dispose d&rsquo;un anneau de 5 cm sur 5,5 cm et d&rsquo;une tige filet\u00e9e de 9 cm de longueur avec un diam\u00e8tre de 10 mm, garantissant un ancrage solide pour les \u00e9quipements de votre bateau. Le kit comprend deux boulons et deux plaques de fixation pour une installation rapide et durable.<\/p>\n<p>&nbsp;<\/p>\n","protected":false},"excerpt":{"rendered":"<p>Cette cad\u00e8ne XVPRO en acier inoxydable 316L est con\u00e7ue pour r\u00e9sister aux conditions marines les plus exigeantes, offrant une protection optimale contre la corrosion. Elle dispose d&rsquo;un anneau de 5 cm sur 5,5 cm et d&rsquo;une tige filet\u00e9e de 9 cm de longueur avec un diam\u00e8tre de 10 mm, garantissant un ancrage solide pour les&hellip;<\/p>\n","protected":false},"featured_media":911,"template":"","meta":[],"product_brand":[],"product_cat":[15,46],"product_tag":[],"class_list":{"0":"post-773","1":"product","2":"type-product","3":"status-publish","4":"has-post-thumbnail","6":"product_cat-accessoires-bateaux","7":"product_cat-cadenes","8":"description-off","10":"first","11":"instock","12":"taxable","13":"shipping-taxable","14":"purchasable","15":"product-type-simple"},"_links":{"self":[{"href":"https:\/\/eboutique.zeppelin.fr\/index.php\/wp-json\/wp\/v2\/product\/773","targetHints":{"allow":["GET"]}}],"collection":[{"href":"https:\/\/eboutique.zeppelin.fr\/index.php\/wp-json\/wp\/v2\/product"}],"about":[{"href":"https:\/\/eboutique.zeppelin.fr\/index.php\/wp-json\/wp\/v2\/types\/product"}],"wp:featuredmedia":[{"embeddable":true,"href":"https:\/\/eboutique.zeppelin.fr\/index.php\/wp-json\/wp\/v2\/media\/911"}],"wp:attachment":[{"href":"https:\/\/eboutique.zeppelin.fr\/index.php\/wp-json\/wp\/v2\/media?parent=773"}],"wp:term":[{"taxonomy":"product_brand","embeddable":true,"href":"https:\/\/eboutique.zeppelin.fr\/index.php\/wp-json\/wp\/v2\/product_brand?post=773"},{"taxonomy":"product_cat","embeddable":true,"href":"https:\/\/eboutique.zeppelin.fr\/index.php\/wp-json\/wp\/v2\/product_cat?post=773"},{"taxonomy":"product_tag","embeddable":true,"href":"https:\/\/eboutique.zeppelin.fr\/index.php\/wp-json\/wp\/v2\/product_tag?post=773"}],"curies":[{"name":"wp","href":"https:\/\/api.w.org\/{rel}","templated":true}]}}