{"id":759,"date":"2024-06-19T12:41:59","date_gmt":"2024-06-19T12:41:59","guid":{"rendered":"https:\/\/eboutique.zeppelin.fr\/?post_type=product&#038;p=759"},"modified":"2025-03-21T08:54:42","modified_gmt":"2025-03-21T08:54:42","slug":"sangle-noir-de-25-mm-vendu-au-ml","status":"publish","type":"product","link":"https:\/\/eboutique.zeppelin.fr\/index.php\/produit\/sangle-noir-de-25-mm-vendu-au-ml\/","title":{"rendered":"SANGLE NOIR DE 25 MM &#8211; VENDU AU ML"},"content":{"rendered":"<p>Cette sangle noire de 25 mm de largeur est id\u00e9ale pour une multitude d&rsquo;applications. Fabriqu\u00e9e \u00e0 partir de mat\u00e9riaux robustes, elle offre une grande r\u00e9sistance et une durabilit\u00e9 accrue. Pratique et polyvalente, elle peut \u00eatre utilis\u00e9e pour le maintien, la fixation ou la r\u00e9paration dans divers domaines. Vendue au m\u00e8tre, vous pouvez adapter la quantit\u00e9 \u00e0 vos besoins sp\u00e9cifiques.<\/p>\n","protected":false},"excerpt":{"rendered":"<p>Cette sangle noire de 25 mm de largeur est id\u00e9ale pour une multitude d&rsquo;applications. Fabriqu\u00e9e \u00e0 partir de mat\u00e9riaux robustes, elle offre une grande r\u00e9sistance et une durabilit\u00e9 accrue. Pratique et polyvalente, elle peut \u00eatre utilis\u00e9e pour le maintien, la fixation ou la r\u00e9paration dans divers domaines. Vendue au m\u00e8tre, vous pouvez adapter la quantit\u00e9&hellip;<\/p>\n","protected":false},"featured_media":927,"template":"","meta":[],"product_brand":[],"product_cat":[15,44],"product_tag":[],"class_list":{"0":"post-759","1":"product","2":"type-product","3":"status-publish","4":"has-post-thumbnail","6":"product_cat-accessoires-bateaux","7":"product_cat-sangles","8":"description-off","10":"first","11":"instock","12":"taxable","13":"shipping-taxable","14":"purchasable","15":"product-type-simple"},"_links":{"self":[{"href":"https:\/\/eboutique.zeppelin.fr\/index.php\/wp-json\/wp\/v2\/product\/759","targetHints":{"allow":["GET"]}}],"collection":[{"href":"https:\/\/eboutique.zeppelin.fr\/index.php\/wp-json\/wp\/v2\/product"}],"about":[{"href":"https:\/\/eboutique.zeppelin.fr\/index.php\/wp-json\/wp\/v2\/types\/product"}],"wp:featuredmedia":[{"embeddable":true,"href":"https:\/\/eboutique.zeppelin.fr\/index.php\/wp-json\/wp\/v2\/media\/927"}],"wp:attachment":[{"href":"https:\/\/eboutique.zeppelin.fr\/index.php\/wp-json\/wp\/v2\/media?parent=759"}],"wp:term":[{"taxonomy":"product_brand","embeddable":true,"href":"https:\/\/eboutique.zeppelin.fr\/index.php\/wp-json\/wp\/v2\/product_brand?post=759"},{"taxonomy":"product_cat","embeddable":true,"href":"https:\/\/eboutique.zeppelin.fr\/index.php\/wp-json\/wp\/v2\/product_cat?post=759"},{"taxonomy":"product_tag","embeddable":true,"href":"https:\/\/eboutique.zeppelin.fr\/index.php\/wp-json\/wp\/v2\/product_tag?post=759"}],"curies":[{"name":"wp","href":"https:\/\/api.w.org\/{rel}","templated":true}]}}