{"id":516,"date":"2023-01-19T09:23:57","date_gmt":"2023-01-19T09:23:57","guid":{"rendered":"https:\/\/eboutique.zeppelin.fr\/?post_type=product&#038;p=516"},"modified":"2025-09-16T09:52:38","modified_gmt":"2025-09-16T09:52:38","slug":"oeillet-inox-femelle-pour-ralingue-vendu-par-5","status":"publish","type":"product","link":"https:\/\/eboutique.zeppelin.fr\/index.php\/produit\/oeillet-inox-femelle-pour-ralingue-vendu-par-5\/","title":{"rendered":"PAIRE D&rsquo;OEILLETS INOX POUR RALINGUE"},"content":{"rendered":"<p>Am\u00e9liorez la r\u00e9sistance et la durabilit\u00e9 de vos installations avec cet <strong>oeillet en inox<\/strong> con\u00e7u pour les rallingues. Avec un <strong>diam\u00e8tre int\u00e9rieur de 12mm<\/strong> et un <strong>diam\u00e8tre ext\u00e9rieur de 20mm<\/strong>, cet oeillet est id\u00e9al pour assurer un passage s\u00e9curis\u00e9 de la corde, tout en offrant une protection contre l&rsquo;usure. Fabriqu\u00e9 en acier inoxydable de haute qualit\u00e9, il r\u00e9siste \u00e0 la corrosion et est parfaitement adapt\u00e9 aux environnements marins ou ext\u00e9rieurs.<\/p>\n<p><strong>Caract\u00e9ristiques<\/strong> :<\/p>\n<ul>\n<li><strong>Diam\u00e8tre int\u00e9rieur<\/strong> : 12mm<\/li>\n<li><strong>Diam\u00e8tre ext\u00e9rieur<\/strong> : 20mm<\/li>\n<li><strong>Mat\u00e9riau<\/strong> : Inox (acier inoxydable) pour une r\u00e9sistance optimale<\/li>\n<li><strong>Lot de 5 oeillets<\/strong> : Pour des achats en quantit\u00e9 et \u00e0 prix avantageux<\/li>\n<\/ul>\n<p><strong>Utilisations<\/strong> :<\/p>\n<ul>\n<li>Parfait pour les applications maritimes, les voiles, ou tout autre projet n\u00e9cessitant des \u0153illets robustes pour rallingues.<\/li>\n<li>Id\u00e9al pour des installations n\u00e9cessitant un passage s\u00e9curis\u00e9 de c\u00e2bles ou cordages.<\/li>\n<\/ul>\n<p>Optimisez vos installations avec ce lot d&rsquo;\u0153illets inox, la solution id\u00e9ale pour garantir une fixation solide et durable.<\/p>\n","protected":false},"excerpt":{"rendered":"<p>Am\u00e9liorez la r\u00e9sistance et la durabilit\u00e9 de vos installations avec cet oeillet en inox con\u00e7u pour les rallingues. Avec un diam\u00e8tre int\u00e9rieur de 12mm et un diam\u00e8tre ext\u00e9rieur de 20mm, cet oeillet est id\u00e9al pour assurer un passage s\u00e9curis\u00e9 de la corde, tout en offrant une protection contre l&rsquo;usure. Fabriqu\u00e9 en acier inoxydable de haute&hellip;<\/p>\n","protected":false},"featured_media":933,"template":"","meta":[],"product_brand":[],"product_cat":[16,48],"product_tag":[],"class_list":{"0":"post-516","1":"product","2":"type-product","3":"status-publish","4":"has-post-thumbnail","6":"product_cat-accessoires-flotteurs","7":"product_cat-drisse","8":"description-off","10":"first","11":"instock","12":"taxable","13":"shipping-taxable","14":"purchasable","15":"product-type-simple"},"_links":{"self":[{"href":"https:\/\/eboutique.zeppelin.fr\/index.php\/wp-json\/wp\/v2\/product\/516","targetHints":{"allow":["GET"]}}],"collection":[{"href":"https:\/\/eboutique.zeppelin.fr\/index.php\/wp-json\/wp\/v2\/product"}],"about":[{"href":"https:\/\/eboutique.zeppelin.fr\/index.php\/wp-json\/wp\/v2\/types\/product"}],"wp:featuredmedia":[{"embeddable":true,"href":"https:\/\/eboutique.zeppelin.fr\/index.php\/wp-json\/wp\/v2\/media\/933"}],"wp:attachment":[{"href":"https:\/\/eboutique.zeppelin.fr\/index.php\/wp-json\/wp\/v2\/media?parent=516"}],"wp:term":[{"taxonomy":"product_brand","embeddable":true,"href":"https:\/\/eboutique.zeppelin.fr\/index.php\/wp-json\/wp\/v2\/product_brand?post=516"},{"taxonomy":"product_cat","embeddable":true,"href":"https:\/\/eboutique.zeppelin.fr\/index.php\/wp-json\/wp\/v2\/product_cat?post=516"},{"taxonomy":"product_tag","embeddable":true,"href":"https:\/\/eboutique.zeppelin.fr\/index.php\/wp-json\/wp\/v2\/product_tag?post=516"}],"curies":[{"name":"wp","href":"https:\/\/api.w.org\/{rel}","templated":true}]}}