{"id":514,"date":"2023-01-19T09:39:47","date_gmt":"2023-01-19T09:39:47","guid":{"rendered":"https:\/\/eboutique.zeppelin.fr\/?post_type=product&#038;p=514"},"modified":"2025-06-17T04:46:35","modified_gmt":"2025-06-17T04:46:35","slug":"conduit-de-drisse-taquet","status":"publish","type":"product","link":"https:\/\/eboutique.zeppelin.fr\/index.php\/produit\/conduit-de-drisse-taquet\/","title":{"rendered":"CONDUIT DE DRISSE &#8211; TAQUET"},"content":{"rendered":"<p>Optimisez l&rsquo;organisation et la s\u00e9curit\u00e9 \u00e0 bord de votre bateau avec ce conduit de drisse con\u00e7u pour accrocher la ficelle du manchon de vide-vite. Sp\u00e9cialement pens\u00e9 pour \u00eatre install\u00e9 sur le tableau arri\u00e8re du bateau, ce conduit assure un rangement pratique et accessible de la ficelle, facilitant son utilisation en toute circonstance.<\/p>\n","protected":false},"excerpt":{"rendered":"<p>Optimisez l&rsquo;organisation et la s\u00e9curit\u00e9 \u00e0 bord de votre bateau avec ce conduit de drisse con\u00e7u pour accrocher la ficelle du manchon de vide-vite. Sp\u00e9cialement pens\u00e9 pour \u00eatre install\u00e9 sur le tableau arri\u00e8re du bateau, ce conduit assure un rangement pratique et accessible de la ficelle, facilitant son utilisation en toute circonstance.<\/p>\n","protected":false},"featured_media":983,"template":"","meta":[],"product_brand":[],"product_cat":[15,47],"product_tag":[],"class_list":{"0":"post-514","1":"product","2":"type-product","3":"status-publish","4":"has-post-thumbnail","6":"product_cat-accessoires-bateaux","7":"product_cat-autres","8":"description-off","10":"first","11":"instock","12":"taxable","13":"shipping-taxable","14":"purchasable","15":"product-type-simple"},"_links":{"self":[{"href":"https:\/\/eboutique.zeppelin.fr\/index.php\/wp-json\/wp\/v2\/product\/514","targetHints":{"allow":["GET"]}}],"collection":[{"href":"https:\/\/eboutique.zeppelin.fr\/index.php\/wp-json\/wp\/v2\/product"}],"about":[{"href":"https:\/\/eboutique.zeppelin.fr\/index.php\/wp-json\/wp\/v2\/types\/product"}],"wp:featuredmedia":[{"embeddable":true,"href":"https:\/\/eboutique.zeppelin.fr\/index.php\/wp-json\/wp\/v2\/media\/983"}],"wp:attachment":[{"href":"https:\/\/eboutique.zeppelin.fr\/index.php\/wp-json\/wp\/v2\/media?parent=514"}],"wp:term":[{"taxonomy":"product_brand","embeddable":true,"href":"https:\/\/eboutique.zeppelin.fr\/index.php\/wp-json\/wp\/v2\/product_brand?post=514"},{"taxonomy":"product_cat","embeddable":true,"href":"https:\/\/eboutique.zeppelin.fr\/index.php\/wp-json\/wp\/v2\/product_cat?post=514"},{"taxonomy":"product_tag","embeddable":true,"href":"https:\/\/eboutique.zeppelin.fr\/index.php\/wp-json\/wp\/v2\/product_tag?post=514"}],"curies":[{"name":"wp","href":"https:\/\/api.w.org\/{rel}","templated":true}]}}