{"id":449,"date":"2022-07-12T13:21:13","date_gmt":"2022-07-12T13:21:13","guid":{"rendered":"https:\/\/eboutique.zeppelin.fr\/?post_type=product&#038;p=449"},"modified":"2026-05-05T12:26:17","modified_gmt":"2026-05-05T12:26:17","slug":"adaptateur-pour-valve-ceredi","status":"publish","type":"product","link":"https:\/\/eboutique.zeppelin.fr\/index.php\/produit\/adaptateur-pour-valve-ceredi\/","title":{"rendered":"ADAPTATEUR POUR VALVE CEREDI"},"content":{"rendered":"<p>Cet adaptateur pour valve Ceredi est l\u2019accessoire id\u00e9al pour simplifier le gonflage de vos \u00e9quipements. Con\u00e7u pour s&rsquo;adapter parfaitement aux tuyaux de gonfleur d&rsquo;un diam\u00e8tre de 3 cm, il assure une connexion s\u00e9curis\u00e9e et sans fuite, facilitant ainsi le gonflage rapide et efficace.<\/p>\n<p>Fabriqu\u00e9 dans un mat\u00e9riau de haute qualit\u00e9, cet adaptateur est robuste, durable et r\u00e9sistant aux pressions r\u00e9p\u00e9t\u00e9es. Que ce soit pour des gonfleurs manuels ou \u00e9lectriques, il garantit une compatibilit\u00e9 optimale avec les valves Ceredi.<\/p>\n<p>&nbsp;<\/p>\n","protected":false},"excerpt":{"rendered":"<p>Cet adaptateur pour valve Ceredi est l\u2019accessoire id\u00e9al pour simplifier le gonflage de vos \u00e9quipements. Con\u00e7u pour s&rsquo;adapter parfaitement aux tuyaux de gonfleur d&rsquo;un diam\u00e8tre de 3 cm, il assure une connexion s\u00e9curis\u00e9e et sans fuite, facilitant ainsi le gonflage rapide et efficace. Fabriqu\u00e9 dans un mat\u00e9riau de haute qualit\u00e9, cet adaptateur est robuste, durable&hellip;<\/p>\n","protected":false},"featured_media":940,"template":"","meta":[],"product_brand":[],"product_cat":[16,37,24],"product_tag":[],"class_list":{"0":"post-449","1":"product","2":"type-product","3":"status-publish","4":"has-post-thumbnail","6":"product_cat-accessoires-flotteurs","7":"product_cat-gonfleurs","8":"product_cat-valves","9":"description-off","11":"first","12":"instock","13":"taxable","14":"shipping-taxable","15":"purchasable","16":"product-type-simple"},"_links":{"self":[{"href":"https:\/\/eboutique.zeppelin.fr\/index.php\/wp-json\/wp\/v2\/product\/449","targetHints":{"allow":["GET"]}}],"collection":[{"href":"https:\/\/eboutique.zeppelin.fr\/index.php\/wp-json\/wp\/v2\/product"}],"about":[{"href":"https:\/\/eboutique.zeppelin.fr\/index.php\/wp-json\/wp\/v2\/types\/product"}],"wp:featuredmedia":[{"embeddable":true,"href":"https:\/\/eboutique.zeppelin.fr\/index.php\/wp-json\/wp\/v2\/media\/940"}],"wp:attachment":[{"href":"https:\/\/eboutique.zeppelin.fr\/index.php\/wp-json\/wp\/v2\/media?parent=449"}],"wp:term":[{"taxonomy":"product_brand","embeddable":true,"href":"https:\/\/eboutique.zeppelin.fr\/index.php\/wp-json\/wp\/v2\/product_brand?post=449"},{"taxonomy":"product_cat","embeddable":true,"href":"https:\/\/eboutique.zeppelin.fr\/index.php\/wp-json\/wp\/v2\/product_cat?post=449"},{"taxonomy":"product_tag","embeddable":true,"href":"https:\/\/eboutique.zeppelin.fr\/index.php\/wp-json\/wp\/v2\/product_tag?post=449"}],"curies":[{"name":"wp","href":"https:\/\/api.w.org\/{rel}","templated":true}]}}