{"id":402,"date":"2022-07-12T11:38:59","date_gmt":"2022-07-12T11:38:59","guid":{"rendered":"https:\/\/eboutique.zeppelin.fr\/?post_type=product&#038;p=402"},"modified":"2025-03-21T09:06:50","modified_gmt":"2025-03-21T09:06:50","slug":"serrure-nuova-rade","status":"publish","type":"product","link":"https:\/\/eboutique.zeppelin.fr\/index.php\/produit\/serrure-nuova-rade\/","title":{"rendered":"SERRURE NUOVA RADE"},"content":{"rendered":"<p>S\u00e9curisez vos \u00e9quipements avec cette serrure de qualit\u00e9 sup\u00e9rieure, accompagn\u00e9e de ses deux cl\u00e9s, fabriqu\u00e9e par la marque r\u00e9put\u00e9e <strong>Nuova Rade<\/strong>.<\/p>\n<h3>Caract\u00e9ristiques :<\/h3>\n<ul>\n<li><strong>Marque<\/strong> : Nuova Rade, sp\u00e9cialiste des accessoires marins.<\/li>\n<li><strong>Contenu<\/strong> : Serrure compl\u00e8te livr\u00e9e avec 2 cl\u00e9s.<\/li>\n<li><strong>Usage<\/strong> : Id\u00e9ale pour s\u00e9curiser les coffres, trappes, consoles ou autres \u00e9quipements n\u00e9cessitant une fermeture fiable.<\/li>\n<li><strong>Mat\u00e9riau<\/strong> : Con\u00e7u pour r\u00e9sister \u00e0 la corrosion et aux environnements exigeants.<\/li>\n<\/ul>\n<p>Facile \u00e0 installer, cette serrure est une solution durable et pratique pour prot\u00e9ger vos biens, que ce soit en milieu marin ou terrestre.<\/p>\n","protected":false},"excerpt":{"rendered":"<p>S\u00e9curisez vos \u00e9quipements avec cette serrure de qualit\u00e9 sup\u00e9rieure, accompagn\u00e9e de ses deux cl\u00e9s, fabriqu\u00e9e par la marque r\u00e9put\u00e9e Nuova Rade. Caract\u00e9ristiques : Marque : Nuova Rade, sp\u00e9cialiste des accessoires marins. Contenu : Serrure compl\u00e8te livr\u00e9e avec 2 cl\u00e9s. Usage : Id\u00e9ale pour s\u00e9curiser les coffres, trappes, consoles ou autres \u00e9quipements n\u00e9cessitant une fermeture fiable.&hellip;<\/p>\n","protected":false},"featured_media":1056,"template":"","meta":[],"product_brand":[],"product_cat":[18],"product_tag":[],"class_list":{"0":"post-402","1":"product","2":"type-product","3":"status-publish","4":"has-post-thumbnail","6":"product_cat-equipements","7":"description-off","9":"first","10":"instock","11":"taxable","12":"shipping-taxable","13":"purchasable","14":"product-type-simple"},"_links":{"self":[{"href":"https:\/\/eboutique.zeppelin.fr\/index.php\/wp-json\/wp\/v2\/product\/402","targetHints":{"allow":["GET"]}}],"collection":[{"href":"https:\/\/eboutique.zeppelin.fr\/index.php\/wp-json\/wp\/v2\/product"}],"about":[{"href":"https:\/\/eboutique.zeppelin.fr\/index.php\/wp-json\/wp\/v2\/types\/product"}],"wp:featuredmedia":[{"embeddable":true,"href":"https:\/\/eboutique.zeppelin.fr\/index.php\/wp-json\/wp\/v2\/media\/1056"}],"wp:attachment":[{"href":"https:\/\/eboutique.zeppelin.fr\/index.php\/wp-json\/wp\/v2\/media?parent=402"}],"wp:term":[{"taxonomy":"product_brand","embeddable":true,"href":"https:\/\/eboutique.zeppelin.fr\/index.php\/wp-json\/wp\/v2\/product_brand?post=402"},{"taxonomy":"product_cat","embeddable":true,"href":"https:\/\/eboutique.zeppelin.fr\/index.php\/wp-json\/wp\/v2\/product_cat?post=402"},{"taxonomy":"product_tag","embeddable":true,"href":"https:\/\/eboutique.zeppelin.fr\/index.php\/wp-json\/wp\/v2\/product_tag?post=402"}],"curies":[{"name":"wp","href":"https:\/\/api.w.org\/{rel}","templated":true}]}}