{"id":400,"date":"2022-07-12T11:35:20","date_gmt":"2022-07-12T11:35:20","guid":{"rendered":"https:\/\/eboutique.zeppelin.fr\/?post_type=product&#038;p=400"},"modified":"2026-01-11T10:10:50","modified_gmt":"2026-01-11T10:10:50","slug":"bouchon-de-puits-blanc","status":"publish","type":"product","link":"https:\/\/eboutique.zeppelin.fr\/index.php\/produit\/bouchon-de-puits-blanc\/","title":{"rendered":"BOUCHON DE PUITS BLANC"},"content":{"rendered":"<p>Offrez \u00e0 vos installations une \u00e9tanch\u00e9it\u00e9 optimale avec ce bouchon de puits de la marque <strong>Ceredi<\/strong>, gage de qualit\u00e9 et de durabilit\u00e9.<\/p>\n<h3>Caract\u00e9ristiques :<\/h3>\n<ul>\n<li><strong>Marque<\/strong> : Ceredi.<\/li>\n<li><strong>Couleur<\/strong> : Blanc, pour une finition \u00e9l\u00e9gante et polyvalente.<\/li>\n<li><strong>Joint en caoutchouc<\/strong> : Assure une \u00e9tanch\u00e9it\u00e9 parfaite, emp\u00eachant efficacement les fuites.<\/li>\n<li><strong>Dimensions<\/strong> :\n<ul>\n<li>Diam\u00e8tre du pas de vis : 3 cm.<\/li>\n<li>Profondeur : 1,5 cm.<\/li>\n<\/ul>\n<\/li>\n<\/ul>\n<p>Ce bouchon est sp\u00e9cialement con\u00e7u pour s\u2019adapter aux puits standard de ces dimensions. Facile \u00e0 installer et durable, il est parfait pour une utilisation domestique ou professionnelle.<\/p>\n<p>&nbsp;<\/p>\n","protected":false},"excerpt":{"rendered":"<p>Offrez \u00e0 vos installations une \u00e9tanch\u00e9it\u00e9 optimale avec ce bouchon de puits de la marque Ceredi, gage de qualit\u00e9 et de durabilit\u00e9. Caract\u00e9ristiques : Marque : Ceredi. Couleur : Blanc, pour une finition \u00e9l\u00e9gante et polyvalente. Joint en caoutchouc : Assure une \u00e9tanch\u00e9it\u00e9 parfaite, emp\u00eachant efficacement les fuites. Dimensions : Diam\u00e8tre du pas de vis&hellip;<\/p>\n","protected":false},"featured_media":999,"template":"","meta":[],"product_brand":[],"product_cat":[15,38],"product_tag":[],"class_list":{"0":"post-400","1":"product","2":"type-product","3":"status-publish","4":"has-post-thumbnail","6":"product_cat-accessoires-bateaux","7":"product_cat-bouchons","8":"description-off","10":"first","11":"instock","12":"taxable","13":"shipping-taxable","14":"purchasable","15":"product-type-simple"},"_links":{"self":[{"href":"https:\/\/eboutique.zeppelin.fr\/index.php\/wp-json\/wp\/v2\/product\/400","targetHints":{"allow":["GET"]}}],"collection":[{"href":"https:\/\/eboutique.zeppelin.fr\/index.php\/wp-json\/wp\/v2\/product"}],"about":[{"href":"https:\/\/eboutique.zeppelin.fr\/index.php\/wp-json\/wp\/v2\/types\/product"}],"wp:featuredmedia":[{"embeddable":true,"href":"https:\/\/eboutique.zeppelin.fr\/index.php\/wp-json\/wp\/v2\/media\/999"}],"wp:attachment":[{"href":"https:\/\/eboutique.zeppelin.fr\/index.php\/wp-json\/wp\/v2\/media?parent=400"}],"wp:term":[{"taxonomy":"product_brand","embeddable":true,"href":"https:\/\/eboutique.zeppelin.fr\/index.php\/wp-json\/wp\/v2\/product_brand?post=400"},{"taxonomy":"product_cat","embeddable":true,"href":"https:\/\/eboutique.zeppelin.fr\/index.php\/wp-json\/wp\/v2\/product_cat?post=400"},{"taxonomy":"product_tag","embeddable":true,"href":"https:\/\/eboutique.zeppelin.fr\/index.php\/wp-json\/wp\/v2\/product_tag?post=400"}],"curies":[{"name":"wp","href":"https:\/\/api.w.org\/{rel}","templated":true}]}}