{"id":379,"date":"2022-07-08T13:01:23","date_gmt":"2022-07-08T13:01:23","guid":{"rendered":"https:\/\/eboutique.zeppelin.fr\/?post_type=product&#038;p=379"},"modified":"2026-02-26T11:09:28","modified_gmt":"2026-02-26T11:09:28","slug":"jeux-de-cornieres-pour-plaque-de-puits","status":"publish","type":"product","link":"https:\/\/eboutique.zeppelin.fr\/index.php\/produit\/jeux-de-cornieres-pour-plaque-de-puits\/","title":{"rendered":"JEUX DE CORNI\u00c8RES POUR PLAQUE DE PUITS"},"content":{"rendered":"<div class=\"flex max-w-full flex-col flex-grow\">\n<div class=\"min-h-8 text-message flex w-full flex-col items-end gap-2 whitespace-normal break-words [.text-message+&amp;]:mt-5\" dir=\"auto\" data-message-author-role=\"assistant\" data-message-id=\"7f79605b-c6f0-4ed7-8fcc-755c3b3376eb\" data-message-model-slug=\"gpt-4o\">\n<div class=\"flex w-full flex-col gap-1 empty:hidden first:pt-[3px]\">\n<div class=\"markdown prose w-full break-words dark:prose-invert light\">\n<p>Ce jeu de corni\u00e8res en aluminium est con\u00e7u pour fixer solidement les plaques de puits. Il comprend quatre corni\u00e8res robustes : deux corni\u00e8res de 24,5 cm, chacune avec deux trous de vissage pour une fixation rapide et s\u00e9curis\u00e9e, une corni\u00e8re de 34,5 cm avec trois trous de vissage pour un soutien suppl\u00e9mentaire, et une corni\u00e8re de 54,5 cm avec quatre trous de vissage pour une fixation maximale. Ce kit r\u00e9siste \u00e0 la corrosion, garantissant une longue durabilit\u00e9 m\u00eame en ext\u00e9rieur. Id\u00e9al pour les installations n\u00e9cessitant \u00e0 la fois solidit\u00e9 et r\u00e9sistance aux intemp\u00e9ries.<\/p>\n<\/div>\n<\/div>\n<\/div>\n<\/div>\n<div class=\"mb-2 flex gap-3 empty:hidden -ml-2\">\n<div class=\"items-center justify-start rounded-xl p-1 flex\">\n<div class=\"flex items-center\"><\/div>\n<\/div>\n<\/div>\n","protected":false},"excerpt":{"rendered":"<p>Ce jeu de corni\u00e8res en aluminium est con\u00e7u pour fixer solidement les plaques de puits. Il comprend quatre corni\u00e8res robustes : deux corni\u00e8res de 24,5 cm, chacune avec deux trous de vissage pour une fixation rapide et s\u00e9curis\u00e9e, une corni\u00e8re de 34,5 cm avec trois trous de vissage pour un soutien suppl\u00e9mentaire, et une corni\u00e8re&hellip;<\/p>\n","protected":false},"featured_media":906,"template":"","meta":[],"product_brand":[],"product_cat":[15,47],"product_tag":[],"class_list":{"0":"post-379","1":"product","2":"type-product","3":"status-publish","4":"has-post-thumbnail","6":"product_cat-accessoires-bateaux","7":"product_cat-autres","8":"description-off","10":"first","11":"instock","12":"taxable","13":"shipping-taxable","14":"purchasable","15":"product-type-simple"},"_links":{"self":[{"href":"https:\/\/eboutique.zeppelin.fr\/index.php\/wp-json\/wp\/v2\/product\/379","targetHints":{"allow":["GET"]}}],"collection":[{"href":"https:\/\/eboutique.zeppelin.fr\/index.php\/wp-json\/wp\/v2\/product"}],"about":[{"href":"https:\/\/eboutique.zeppelin.fr\/index.php\/wp-json\/wp\/v2\/types\/product"}],"wp:featuredmedia":[{"embeddable":true,"href":"https:\/\/eboutique.zeppelin.fr\/index.php\/wp-json\/wp\/v2\/media\/906"}],"wp:attachment":[{"href":"https:\/\/eboutique.zeppelin.fr\/index.php\/wp-json\/wp\/v2\/media?parent=379"}],"wp:term":[{"taxonomy":"product_brand","embeddable":true,"href":"https:\/\/eboutique.zeppelin.fr\/index.php\/wp-json\/wp\/v2\/product_brand?post=379"},{"taxonomy":"product_cat","embeddable":true,"href":"https:\/\/eboutique.zeppelin.fr\/index.php\/wp-json\/wp\/v2\/product_cat?post=379"},{"taxonomy":"product_tag","embeddable":true,"href":"https:\/\/eboutique.zeppelin.fr\/index.php\/wp-json\/wp\/v2\/product_tag?post=379"}],"curies":[{"name":"wp","href":"https:\/\/api.w.org\/{rel}","templated":true}]}}