{"id":372,"date":"2022-07-08T12:53:57","date_gmt":"2022-07-08T12:53:57","guid":{"rendered":"https:\/\/eboutique.zeppelin.fr\/?post_type=product&#038;p=372"},"modified":"2025-03-21T08:42:05","modified_gmt":"2025-03-21T08:42:05","slug":"passe-corde-noir","status":"publish","type":"product","link":"https:\/\/eboutique.zeppelin.fr\/index.php\/produit\/passe-corde-noir\/","title":{"rendered":"PASSE CORDE NOIR"},"content":{"rendered":"<div class=\"flex max-w-full flex-col flex-grow\">\n<div class=\"min-h-8 text-message flex w-full flex-col items-end gap-2 whitespace-normal break-words [.text-message+&amp;]:mt-5\" dir=\"auto\" data-message-author-role=\"assistant\" data-message-id=\"015064de-f1b6-4e76-ab49-6b3d2b3a913f\" data-message-model-slug=\"gpt-4o\">\n<div class=\"flex w-full flex-col gap-1 empty:hidden first:pt-[3px]\">\n<div class=\"markdown prose w-full break-words dark:prose-invert light\">\n<p>Simplifiez le guidage de vos cordages avec ce passe-corde noir de haute qualit\u00e9, sign\u00e9 <strong>Ceredi<\/strong>, con\u00e7u pour une fixation facile et durable sur vos flotteurs.<\/p>\n<h3>Caract\u00e9ristiques :<\/h3>\n<ul>\n<li><strong>Marque<\/strong> : Ceredi.<\/li>\n<li><strong>Couleur<\/strong> : Noir, pour une int\u00e9gration discr\u00e8te et \u00e9l\u00e9gante.<\/li>\n<li><strong>Dimensions<\/strong> :\n<ul>\n<li>Diam\u00e8tre de la base \u00e0 coller : 9,5 cm.<\/li>\n<li>Diam\u00e8tre du passage de corde : 2 cm.<\/li>\n<\/ul>\n<\/li>\n<\/ul>\n<p>Id\u00e9al pour les applications nautiques, ce passe-corde est parfaitement adapt\u00e9 pour maintenir vos cordages en place tout en garantissant une installation stable et r\u00e9sistante.<\/p>\n<\/div>\n<\/div>\n<\/div>\n<\/div>\n<div class=\"mb-2 flex gap-3 empty:hidden -ml-2\">\n<div class=\"items-center justify-start rounded-xl p-1 flex\">\n<div class=\"flex items-center\"><\/div>\n<\/div>\n<\/div>\n","protected":false},"excerpt":{"rendered":"<p>Simplifiez le guidage de vos cordages avec ce passe-corde noir de haute qualit\u00e9, sign\u00e9 Ceredi, con\u00e7u pour une fixation facile et durable sur vos flotteurs. Caract\u00e9ristiques : Marque : Ceredi. Couleur : Noir, pour une int\u00e9gration discr\u00e8te et \u00e9l\u00e9gante. Dimensions : Diam\u00e8tre de la base \u00e0 coller : 9,5 cm. Diam\u00e8tre du passage de corde&hellip;<\/p>\n","protected":false},"featured_media":1009,"template":"","meta":[],"product_brand":[],"product_cat":[16,48],"product_tag":[],"class_list":{"0":"post-372","1":"product","2":"type-product","3":"status-publish","4":"has-post-thumbnail","6":"product_cat-accessoires-flotteurs","7":"product_cat-drisse","8":"description-off","10":"first","11":"instock","12":"taxable","13":"shipping-taxable","14":"purchasable","15":"product-type-simple"},"_links":{"self":[{"href":"https:\/\/eboutique.zeppelin.fr\/index.php\/wp-json\/wp\/v2\/product\/372","targetHints":{"allow":["GET"]}}],"collection":[{"href":"https:\/\/eboutique.zeppelin.fr\/index.php\/wp-json\/wp\/v2\/product"}],"about":[{"href":"https:\/\/eboutique.zeppelin.fr\/index.php\/wp-json\/wp\/v2\/types\/product"}],"wp:featuredmedia":[{"embeddable":true,"href":"https:\/\/eboutique.zeppelin.fr\/index.php\/wp-json\/wp\/v2\/media\/1009"}],"wp:attachment":[{"href":"https:\/\/eboutique.zeppelin.fr\/index.php\/wp-json\/wp\/v2\/media?parent=372"}],"wp:term":[{"taxonomy":"product_brand","embeddable":true,"href":"https:\/\/eboutique.zeppelin.fr\/index.php\/wp-json\/wp\/v2\/product_brand?post=372"},{"taxonomy":"product_cat","embeddable":true,"href":"https:\/\/eboutique.zeppelin.fr\/index.php\/wp-json\/wp\/v2\/product_cat?post=372"},{"taxonomy":"product_tag","embeddable":true,"href":"https:\/\/eboutique.zeppelin.fr\/index.php\/wp-json\/wp\/v2\/product_tag?post=372"}],"curies":[{"name":"wp","href":"https:\/\/api.w.org\/{rel}","templated":true}]}}