{"id":235,"date":"2021-04-29T12:17:00","date_gmt":"2021-04-29T12:17:00","guid":{"rendered":"https:\/\/eboutique.zeppelin.fr\/?post_type=product&#038;p=235"},"modified":"2026-04-16T16:34:25","modified_gmt":"2026-04-16T16:34:25","slug":"bouchon-siphon-noir-rouge","status":"publish","type":"product","link":"https:\/\/eboutique.zeppelin.fr\/index.php\/produit\/bouchon-siphon-noir-rouge\/","title":{"rendered":"BOUCHON SIPHON NOIR\/ROUGE"},"content":{"rendered":"<p>Ce bouchon de siphon de marque CEREDI, alliant les couleurs noir et rouge, est id\u00e9al pour les siphons de diam\u00e8tre 4 cm. Avec une profondeur de 3 cm, il assure une \u00e9tanch\u00e9it\u00e9 optimale, emp\u00eachant les fuites.<\/p>\n<p>Con\u00e7u avec des mat\u00e9riaux robustes, il offre une excellente r\u00e9sistance \u00e0 l\u2019usure quotidienne. Facile \u00e0 installer et \u00e0 enlever, ce bouchon CEREDI est la solution parfaite pour un siphon performant et \u00e9l\u00e9gant, \u00e0 la fois fonctionnel et esth\u00e9tique.<\/p>\n","protected":false},"excerpt":{"rendered":"<p>Diam\u00e8tre de 4 cm<\/p>\n","protected":false},"featured_media":896,"template":"","meta":[],"product_brand":[],"product_cat":[38],"product_tag":[],"class_list":{"0":"post-235","1":"product","2":"type-product","3":"status-publish","4":"has-post-thumbnail","6":"product_cat-bouchons","7":"description-off","9":"first","10":"instock","11":"taxable","12":"shipping-taxable","13":"purchasable","14":"product-type-simple"},"_links":{"self":[{"href":"https:\/\/eboutique.zeppelin.fr\/index.php\/wp-json\/wp\/v2\/product\/235","targetHints":{"allow":["GET"]}}],"collection":[{"href":"https:\/\/eboutique.zeppelin.fr\/index.php\/wp-json\/wp\/v2\/product"}],"about":[{"href":"https:\/\/eboutique.zeppelin.fr\/index.php\/wp-json\/wp\/v2\/types\/product"}],"wp:featuredmedia":[{"embeddable":true,"href":"https:\/\/eboutique.zeppelin.fr\/index.php\/wp-json\/wp\/v2\/media\/896"}],"wp:attachment":[{"href":"https:\/\/eboutique.zeppelin.fr\/index.php\/wp-json\/wp\/v2\/media?parent=235"}],"wp:term":[{"taxonomy":"product_brand","embeddable":true,"href":"https:\/\/eboutique.zeppelin.fr\/index.php\/wp-json\/wp\/v2\/product_brand?post=235"},{"taxonomy":"product_cat","embeddable":true,"href":"https:\/\/eboutique.zeppelin.fr\/index.php\/wp-json\/wp\/v2\/product_cat?post=235"},{"taxonomy":"product_tag","embeddable":true,"href":"https:\/\/eboutique.zeppelin.fr\/index.php\/wp-json\/wp\/v2\/product_tag?post=235"}],"curies":[{"name":"wp","href":"https:\/\/api.w.org\/{rel}","templated":true}]}}