{"id":157,"date":"2021-03-29T08:25:36","date_gmt":"2021-03-29T08:25:36","guid":{"rendered":"https:\/\/eboutique.zeppelin.fr\/?post_type=product&#038;p=157"},"modified":"2025-01-24T12:47:06","modified_gmt":"2025-01-24T12:47:06","slug":"taud-console-c700-fixations","status":"publish","type":"product","link":"https:\/\/eboutique.zeppelin.fr\/index.php\/produit\/taud-console-c700-fixations\/","title":{"rendered":"TAUD CONSOLE C700 ( + fixations)"},"content":{"rendered":"","protected":false},"excerpt":{"rendered":"<p>Sp\u00e9cialement adapt\u00e9 \u00e0 sa taille, ce taud prot\u00e9gera votre console des intemp\u00e9ries.<\/p>\n","protected":false},"featured_media":756,"template":"","meta":[],"product_brand":[],"product_cat":[15,51],"product_tag":[],"class_list":{"0":"post-157","1":"product","2":"type-product","3":"status-publish","4":"has-post-thumbnail","6":"product_cat-accessoires-bateaux","7":"product_cat-taud","8":"description-off","10":"first","11":"instock","12":"taxable","13":"shipping-taxable","14":"purchasable","15":"product-type-simple"},"_links":{"self":[{"href":"https:\/\/eboutique.zeppelin.fr\/index.php\/wp-json\/wp\/v2\/product\/157","targetHints":{"allow":["GET"]}}],"collection":[{"href":"https:\/\/eboutique.zeppelin.fr\/index.php\/wp-json\/wp\/v2\/product"}],"about":[{"href":"https:\/\/eboutique.zeppelin.fr\/index.php\/wp-json\/wp\/v2\/types\/product"}],"wp:featuredmedia":[{"embeddable":true,"href":"https:\/\/eboutique.zeppelin.fr\/index.php\/wp-json\/wp\/v2\/media\/756"}],"wp:attachment":[{"href":"https:\/\/eboutique.zeppelin.fr\/index.php\/wp-json\/wp\/v2\/media?parent=157"}],"wp:term":[{"taxonomy":"product_brand","embeddable":true,"href":"https:\/\/eboutique.zeppelin.fr\/index.php\/wp-json\/wp\/v2\/product_brand?post=157"},{"taxonomy":"product_cat","embeddable":true,"href":"https:\/\/eboutique.zeppelin.fr\/index.php\/wp-json\/wp\/v2\/product_cat?post=157"},{"taxonomy":"product_tag","embeddable":true,"href":"https:\/\/eboutique.zeppelin.fr\/index.php\/wp-json\/wp\/v2\/product_tag?post=157"}],"curies":[{"name":"wp","href":"https:\/\/api.w.org\/{rel}","templated":true}]}}