{"id":135,"date":"2021-03-25T14:31:16","date_gmt":"2021-03-25T14:31:16","guid":{"rendered":"https:\/\/eboutique.zeppelin.fr\/?post_type=product&#038;p=135"},"modified":"2026-03-24T05:36:58","modified_gmt":"2026-03-24T05:36:58","slug":"joint-valve-haar","status":"publish","type":"product","link":"https:\/\/eboutique.zeppelin.fr\/index.php\/produit\/joint-valve-haar\/","title":{"rendered":"JOINT VALVE HAAR"},"content":{"rendered":"<p>Assurez une \u00e9tanch\u00e9it\u00e9 parfaite et une performance optimale de vos valves Haar avec ce joint en caoutchouc de haute qualit\u00e9. Avec un diam\u00e8tre ext\u00e9rieur de 38 mm, un diam\u00e8tre int\u00e9rieur de 25 mm et une \u00e9paisseur de 6 mm, ce joint est con\u00e7u pour offrir une fixation solide et durable, m\u00eame sous des conditions de pression et de temp\u00e9rature extr\u00eames.<\/p>\n","protected":false},"excerpt":{"rendered":"<p>Le joint est en caoutchouc.<\/p>\n","protected":false},"featured_media":986,"template":"","meta":[],"product_brand":[],"product_cat":[16,24],"product_tag":[],"class_list":{"0":"post-135","1":"product","2":"type-product","3":"status-publish","4":"has-post-thumbnail","6":"product_cat-accessoires-flotteurs","7":"product_cat-valves","8":"description-off","10":"first","11":"instock","12":"taxable","13":"shipping-taxable","14":"purchasable","15":"product-type-simple"},"_links":{"self":[{"href":"https:\/\/eboutique.zeppelin.fr\/index.php\/wp-json\/wp\/v2\/product\/135","targetHints":{"allow":["GET"]}}],"collection":[{"href":"https:\/\/eboutique.zeppelin.fr\/index.php\/wp-json\/wp\/v2\/product"}],"about":[{"href":"https:\/\/eboutique.zeppelin.fr\/index.php\/wp-json\/wp\/v2\/types\/product"}],"wp:featuredmedia":[{"embeddable":true,"href":"https:\/\/eboutique.zeppelin.fr\/index.php\/wp-json\/wp\/v2\/media\/986"}],"wp:attachment":[{"href":"https:\/\/eboutique.zeppelin.fr\/index.php\/wp-json\/wp\/v2\/media?parent=135"}],"wp:term":[{"taxonomy":"product_brand","embeddable":true,"href":"https:\/\/eboutique.zeppelin.fr\/index.php\/wp-json\/wp\/v2\/product_brand?post=135"},{"taxonomy":"product_cat","embeddable":true,"href":"https:\/\/eboutique.zeppelin.fr\/index.php\/wp-json\/wp\/v2\/product_cat?post=135"},{"taxonomy":"product_tag","embeddable":true,"href":"https:\/\/eboutique.zeppelin.fr\/index.php\/wp-json\/wp\/v2\/product_tag?post=135"}],"curies":[{"name":"wp","href":"https:\/\/api.w.org\/{rel}","templated":true}]}}