{"id":1328,"date":"2025-03-06T11:24:20","date_gmt":"2025-03-06T11:24:20","guid":{"rendered":"https:\/\/eboutique.zeppelin.fr\/?post_type=product&#038;p=1328"},"modified":"2025-12-19T13:06:06","modified_gmt":"2025-12-19T13:06:06","slug":"grenouillere","status":"publish","type":"product","link":"https:\/\/eboutique.zeppelin.fr\/index.php\/produit\/grenouillere\/","title":{"rendered":"GRENOUILLERE"},"content":{"rendered":"<p data-start=\"122\" data-end=\"488\">La <strong data-start=\"125\" data-end=\"166\">grenouill\u00e8re 97-50-230-12 chrom\u00e9e IND<\/strong> est un composant essentiel utilis\u00e9 pour les syst\u00e8mes de fixation dans les environnements marins ou industriels. Fabriqu\u00e9e en <strong data-start=\"292\" data-end=\"308\">m\u00e9tal chrom\u00e9<\/strong>, elle est sp\u00e9cialement con\u00e7ue pour offrir une r\u00e9sistance \u00e9lev\u00e9e \u00e0 la corrosion, ce qui la rend id\u00e9ale pour une utilisation dans des conditions humides ou expos\u00e9es aux intemp\u00e9ries.<\/p>\n<p data-start=\"490\" data-end=\"702\">Son design robuste et sa finition chrom\u00e9e assurent une longue dur\u00e9e de vie et une r\u00e9sistance \u00e0 l&rsquo;usure, tout en permettant une installation facile et s\u00e9curis\u00e9e sur les \u00e9quipements n\u00e9cessitant une fixation fiable.<\/p>\n<p data-start=\"704\" data-end=\"726\"><strong data-start=\"704\" data-end=\"726\">Caract\u00e9ristiques :<\/strong><\/p>\n<ul data-start=\"727\" data-end=\"977\">\n<li data-start=\"727\" data-end=\"757\"><strong data-start=\"729\" data-end=\"744\">R\u00e9f\u00e9rence :<\/strong> 97-50-230-12<\/li>\n<li data-start=\"758\" data-end=\"810\"><strong data-start=\"760\" data-end=\"774\">Finition :<\/strong> Chrom\u00e9e (r\u00e9sistance \u00e0 la corrosion)<\/li>\n<li data-start=\"811\" data-end=\"890\"><strong data-start=\"813\" data-end=\"831\">Applications :<\/strong> Id\u00e9ale pour les syst\u00e8mes marins, nautiques, ou industriels<\/li>\n<li data-start=\"891\" data-end=\"977\"><strong data-start=\"893\" data-end=\"908\">Avantages :<\/strong> Haute r\u00e9sistance \u00e0 la corrosion, durabilit\u00e9, facilit\u00e9 d&rsquo;installation<\/li>\n<\/ul>\n<p data-start=\"979\" data-end=\"1127\">La <strong data-start=\"982\" data-end=\"1023\">grenouill\u00e8re 97-50-230-12 chrom\u00e9e IND<\/strong> est un choix parfait pour garantir des fixations solides et durables dans des environnements exigeants.<\/p>\n","protected":false},"excerpt":{"rendered":"<p>La grenouill\u00e8re 97-50-230-12 chrom\u00e9e IND est un composant essentiel utilis\u00e9 pour les syst\u00e8mes de fixation dans les environnements marins ou industriels. Fabriqu\u00e9e en m\u00e9tal chrom\u00e9, elle est sp\u00e9cialement con\u00e7ue pour offrir une r\u00e9sistance \u00e9lev\u00e9e \u00e0 la corrosion, ce qui la rend id\u00e9ale pour une utilisation dans des conditions humides ou expos\u00e9es aux intemp\u00e9ries. Son design&hellip;<\/p>\n","protected":false},"featured_media":1329,"template":"","meta":[],"product_brand":[],"product_cat":[53],"product_tag":[],"class_list":{"0":"post-1328","1":"product","2":"type-product","3":"status-publish","4":"has-post-thumbnail","6":"product_cat-equipements-produits-declasses","7":"description-off","9":"first","10":"instock","11":"taxable","12":"shipping-taxable","13":"purchasable","14":"product-type-simple"},"_links":{"self":[{"href":"https:\/\/eboutique.zeppelin.fr\/index.php\/wp-json\/wp\/v2\/product\/1328","targetHints":{"allow":["GET"]}}],"collection":[{"href":"https:\/\/eboutique.zeppelin.fr\/index.php\/wp-json\/wp\/v2\/product"}],"about":[{"href":"https:\/\/eboutique.zeppelin.fr\/index.php\/wp-json\/wp\/v2\/types\/product"}],"wp:featuredmedia":[{"embeddable":true,"href":"https:\/\/eboutique.zeppelin.fr\/index.php\/wp-json\/wp\/v2\/media\/1329"}],"wp:attachment":[{"href":"https:\/\/eboutique.zeppelin.fr\/index.php\/wp-json\/wp\/v2\/media?parent=1328"}],"wp:term":[{"taxonomy":"product_brand","embeddable":true,"href":"https:\/\/eboutique.zeppelin.fr\/index.php\/wp-json\/wp\/v2\/product_brand?post=1328"},{"taxonomy":"product_cat","embeddable":true,"href":"https:\/\/eboutique.zeppelin.fr\/index.php\/wp-json\/wp\/v2\/product_cat?post=1328"},{"taxonomy":"product_tag","embeddable":true,"href":"https:\/\/eboutique.zeppelin.fr\/index.php\/wp-json\/wp\/v2\/product_tag?post=1328"}],"curies":[{"name":"wp","href":"https:\/\/api.w.org\/{rel}","templated":true}]}}