{"id":1326,"date":"2025-03-06T11:22:03","date_gmt":"2025-03-06T11:22:03","guid":{"rendered":"https:\/\/eboutique.zeppelin.fr\/?post_type=product&#038;p=1326"},"modified":"2025-03-06T11:22:04","modified_gmt":"2025-03-06T11:22:04","slug":"coupleur-batterie-mod-701-s-4-positions-bepcoupe-batterie","status":"publish","type":"product","link":"https:\/\/eboutique.zeppelin.fr\/index.php\/produit\/coupleur-batterie-mod-701-s-4-positions-bepcoupe-batterie\/","title":{"rendered":"COUPLEUR BATTERIE MOD 701 S 4 POSITIONS BEPCOUPE BATTERIE"},"content":{"rendered":"<p data-start=\"150\" data-end=\"474\">Le <strong data-start=\"153\" data-end=\"208\">coupleur de batterie Mod 701 S 4 positions BEPCOUPE<\/strong> est con\u00e7u pour g\u00e9rer efficacement la distribution d&rsquo;\u00e9nergie entre plusieurs batteries. Avec ses <strong data-start=\"305\" data-end=\"320\">4 positions<\/strong>, ce coupleur permet de connecter plusieurs batteries tout en offrant un contr\u00f4le optimal pour \u00e9viter la surcharge ou la d\u00e9charge excessive des batteries.<\/p>\n<p data-start=\"476\" data-end=\"782\">Id\u00e9al pour les installations maritimes, automobiles ou industrielles, ce coupleur de batterie permet de maintenir un syst\u00e8me de gestion de l&rsquo;\u00e9nergie fiable et s\u00fbr. Il est con\u00e7u pour offrir une performance maximale, tout en prot\u00e9geant vos batteries et en assurant une gestion intelligente de l&rsquo;alimentation.<\/p>\n<p data-start=\"784\" data-end=\"806\"><strong data-start=\"784\" data-end=\"806\">Caract\u00e9ristiques :<\/strong><\/p>\n<ul data-start=\"807\" data-end=\"1128\">\n<li data-start=\"807\" data-end=\"850\"><strong data-start=\"809\" data-end=\"819\">Type :<\/strong> Coupleur de batterie Mod 701 S<\/li>\n<li data-start=\"851\" data-end=\"890\"><strong data-start=\"853\" data-end=\"878\">Nombre de positions :<\/strong> 4 positions<\/li>\n<li data-start=\"891\" data-end=\"1033\"><strong data-start=\"893\" data-end=\"911\">Applications :<\/strong> Id\u00e9al pour les syst\u00e8mes marins, automobiles ou industriels n\u00e9cessitant une gestion de l&rsquo;\u00e9nergie entre plusieurs batteries<\/li>\n<li data-start=\"1034\" data-end=\"1128\"><strong data-start=\"1036\" data-end=\"1051\">Avantages :<\/strong> Gestion optimale de l&rsquo;\u00e9nergie, protection des batteries, installation facile<\/li>\n<\/ul>\n<p data-start=\"1130\" data-end=\"1356\">Ce <strong data-start=\"1133\" data-end=\"1188\">coupleur de batterie Mod 701 S 4 positions BEPCOUPE<\/strong> est un choix fiable pour optimiser l\u2019utilisation de vos batteries, am\u00e9liorer la dur\u00e9e de vie des batteries et garantir une alimentation \u00e9lectrique stable et s\u00e9curis\u00e9e.<\/p>\n","protected":false},"excerpt":{"rendered":"<p>Le coupleur de batterie Mod 701 S 4 positions BEPCOUPE est con\u00e7u pour g\u00e9rer efficacement la distribution d&rsquo;\u00e9nergie entre plusieurs batteries. Avec ses 4 positions, ce coupleur permet de connecter plusieurs batteries tout en offrant un contr\u00f4le optimal pour \u00e9viter la surcharge ou la d\u00e9charge excessive des batteries. Id\u00e9al pour les installations maritimes, automobiles ou&hellip;<\/p>\n","protected":false},"featured_media":1327,"template":"","meta":[],"product_brand":[],"product_cat":[53],"product_tag":[],"class_list":{"0":"post-1326","1":"product","2":"type-product","3":"status-publish","4":"has-post-thumbnail","6":"product_cat-equipements-produits-declasses","7":"description-off","9":"first","10":"instock","11":"taxable","12":"shipping-taxable","13":"purchasable","14":"product-type-simple"},"_links":{"self":[{"href":"https:\/\/eboutique.zeppelin.fr\/index.php\/wp-json\/wp\/v2\/product\/1326","targetHints":{"allow":["GET"]}}],"collection":[{"href":"https:\/\/eboutique.zeppelin.fr\/index.php\/wp-json\/wp\/v2\/product"}],"about":[{"href":"https:\/\/eboutique.zeppelin.fr\/index.php\/wp-json\/wp\/v2\/types\/product"}],"wp:featuredmedia":[{"embeddable":true,"href":"https:\/\/eboutique.zeppelin.fr\/index.php\/wp-json\/wp\/v2\/media\/1327"}],"wp:attachment":[{"href":"https:\/\/eboutique.zeppelin.fr\/index.php\/wp-json\/wp\/v2\/media?parent=1326"}],"wp:term":[{"taxonomy":"product_brand","embeddable":true,"href":"https:\/\/eboutique.zeppelin.fr\/index.php\/wp-json\/wp\/v2\/product_brand?post=1326"},{"taxonomy":"product_cat","embeddable":true,"href":"https:\/\/eboutique.zeppelin.fr\/index.php\/wp-json\/wp\/v2\/product_cat?post=1326"},{"taxonomy":"product_tag","embeddable":true,"href":"https:\/\/eboutique.zeppelin.fr\/index.php\/wp-json\/wp\/v2\/product_tag?post=1326"}],"curies":[{"name":"wp","href":"https:\/\/api.w.org\/{rel}","templated":true}]}}