{"id":1322,"date":"2025-03-06T11:18:23","date_gmt":"2025-03-06T11:18:23","guid":{"rendered":"https:\/\/eboutique.zeppelin.fr\/?post_type=product&#038;p=1322"},"modified":"2025-03-06T11:18:23","modified_gmt":"2025-03-06T11:18:23","slug":"jauge-vdo-afficheur","status":"publish","type":"product","link":"https:\/\/eboutique.zeppelin.fr\/index.php\/produit\/jauge-vdo-afficheur\/","title":{"rendered":"JAUGE VDO AFFICHEUR"},"content":{"rendered":"<p data-start=\"166\" data-end=\"571\">Cette <strong data-start=\"172\" data-end=\"195\">jaune VDO afficheur<\/strong> est con\u00e7ue pour fournir une solution fiable de surveillance et d&rsquo;affichage des informations sur les diff\u00e9rents syst\u00e8mes \u00e0 bord. Ce mod\u00e8le est applicable aux installations \u00e0 partir de <strong data-start=\"379\" data-end=\"397\">septembre 2008<\/strong>, offrant une compatibilit\u00e9 parfaite avec les \u00e9quipements VDO modernes et r\u00e9pondant aux exigences de pr\u00e9cision et de durabilit\u00e9 dans les environnements marins ou industriels.<\/p>\n<p data-start=\"573\" data-end=\"944\">L&rsquo;afficheur VDO permet de visualiser clairement des informations critiques telles que la temp\u00e9rature, la pression, la vitesse ou d&rsquo;autres param\u00e8tres vitaux dans une interface claire et facile \u00e0 lire. Il est con\u00e7u pour offrir une haute visibilit\u00e9, m\u00eame dans des conditions difficiles, avec des mat\u00e9riaux de qualit\u00e9 et une technologie de pointe pour une performance fiable.<\/p>\n<p data-start=\"946\" data-end=\"968\"><strong data-start=\"946\" data-end=\"968\">Caract\u00e9ristiques :<\/strong><\/p>\n<ul data-start=\"969\" data-end=\"1249\">\n<li data-start=\"969\" data-end=\"1006\"><strong data-start=\"971\" data-end=\"981\">Type :<\/strong> Jauge VDO avec afficheur<\/li>\n<li data-start=\"1007\" data-end=\"1095\"><strong data-start=\"1009\" data-end=\"1027\">Applications :<\/strong> Id\u00e9ale pour les installations maritimes, nautiques et industrielles<\/li>\n<li data-start=\"1096\" data-end=\"1155\"><strong data-start=\"1098\" data-end=\"1117\">Compatibilit\u00e9 :<\/strong> Applicable \u00e0 partir de septembre 2008<\/li>\n<li data-start=\"1156\" data-end=\"1249\"><strong data-start=\"1158\" data-end=\"1173\">Avantages :<\/strong> Affichage clair et pr\u00e9cis, robustesse, r\u00e9sistant aux conditions ext\u00e9rieures<\/li>\n<\/ul>\n<p data-start=\"1251\" data-end=\"1449\">Ce <strong data-start=\"1254\" data-end=\"1277\">jaune VDO afficheur<\/strong> est un choix incontournable pour les utilisateurs recherchant une surveillance fiable de leurs syst\u00e8mes \u00e0 bord, avec une compatibilit\u00e9 moderne et une performance optimale.<\/p>\n","protected":false},"excerpt":{"rendered":"<p>Cette jaune VDO afficheur est con\u00e7ue pour fournir une solution fiable de surveillance et d&rsquo;affichage des informations sur les diff\u00e9rents syst\u00e8mes \u00e0 bord. Ce mod\u00e8le est applicable aux installations \u00e0 partir de septembre 2008, offrant une compatibilit\u00e9 parfaite avec les \u00e9quipements VDO modernes et r\u00e9pondant aux exigences de pr\u00e9cision et de durabilit\u00e9 dans les environnements&hellip;<\/p>\n","protected":false},"featured_media":1324,"template":"","meta":[],"product_brand":[],"product_cat":[53],"product_tag":[],"class_list":{"0":"post-1322","1":"product","2":"type-product","3":"status-publish","4":"has-post-thumbnail","6":"product_cat-equipements-produits-declasses","7":"description-off","9":"first","10":"instock","11":"taxable","12":"shipping-taxable","13":"purchasable","14":"product-type-simple"},"_links":{"self":[{"href":"https:\/\/eboutique.zeppelin.fr\/index.php\/wp-json\/wp\/v2\/product\/1322","targetHints":{"allow":["GET"]}}],"collection":[{"href":"https:\/\/eboutique.zeppelin.fr\/index.php\/wp-json\/wp\/v2\/product"}],"about":[{"href":"https:\/\/eboutique.zeppelin.fr\/index.php\/wp-json\/wp\/v2\/types\/product"}],"wp:featuredmedia":[{"embeddable":true,"href":"https:\/\/eboutique.zeppelin.fr\/index.php\/wp-json\/wp\/v2\/media\/1324"}],"wp:attachment":[{"href":"https:\/\/eboutique.zeppelin.fr\/index.php\/wp-json\/wp\/v2\/media?parent=1322"}],"wp:term":[{"taxonomy":"product_brand","embeddable":true,"href":"https:\/\/eboutique.zeppelin.fr\/index.php\/wp-json\/wp\/v2\/product_brand?post=1322"},{"taxonomy":"product_cat","embeddable":true,"href":"https:\/\/eboutique.zeppelin.fr\/index.php\/wp-json\/wp\/v2\/product_cat?post=1322"},{"taxonomy":"product_tag","embeddable":true,"href":"https:\/\/eboutique.zeppelin.fr\/index.php\/wp-json\/wp\/v2\/product_tag?post=1322"}],"curies":[{"name":"wp","href":"https:\/\/api.w.org\/{rel}","templated":true}]}}