{"id":1316,"date":"2025-03-06T11:11:46","date_gmt":"2025-03-06T11:11:46","guid":{"rendered":"https:\/\/eboutique.zeppelin.fr\/?post_type=product&#038;p=1316"},"modified":"2026-01-11T10:10:50","modified_gmt":"2026-01-11T10:10:50","slug":"passe-coque-filetee-noir-pompe-de-caletru-90431","status":"publish","type":"product","link":"https:\/\/eboutique.zeppelin.fr\/index.php\/produit\/passe-coque-filetee-noir-pompe-de-caletru-90431\/","title":{"rendered":"PASSE COQUE FILETEE NOIR POMPE DE CALETRU 90431"},"content":{"rendered":"<p data-start=\"156\" data-end=\"575\">Ce <strong data-start=\"159\" data-end=\"186\">passe-coque filet\u00e9 noir<\/strong> <strong data-start=\"187\" data-end=\"210\">r\u00e9f\u00e9rence TRU 90431<\/strong> est con\u00e7u pour offrir une solution de passage fiable et \u00e9tanche pour les tuyaux et syst\u00e8mes de drainage, notamment les <strong data-start=\"330\" data-end=\"348\">pompes de cale<\/strong>. Fabriqu\u00e9 en <strong data-start=\"362\" data-end=\"382\">mat\u00e9riau robuste<\/strong> et trait\u00e9 pour r\u00e9sister \u00e0 la corrosion, il est sp\u00e9cialement con\u00e7u pour une installation facile et s\u00e9curis\u00e9e sur la coque des bateaux, permettant l&rsquo;\u00e9vacuation efficace de l&rsquo;eau ou des liquides.<\/p>\n<p data-start=\"577\" data-end=\"822\">Sa <strong data-start=\"580\" data-end=\"597\">couleur noire<\/strong> et son <strong data-start=\"605\" data-end=\"617\">filetage<\/strong> garantissent une fixation solide, adapt\u00e9e aux environnements marins, tout en assurant une parfaite \u00e9tanch\u00e9it\u00e9. Il est compatible avec les syst\u00e8mes de pompe de cale, permettant un montage pr\u00e9cis et fiable.<\/p>\n<p data-start=\"824\" data-end=\"846\"><strong data-start=\"824\" data-end=\"846\">Caract\u00e9ristiques :<\/strong><\/p>\n<ul data-start=\"847\" data-end=\"1189\">\n<li data-start=\"847\" data-end=\"878\"><strong data-start=\"849\" data-end=\"859\">Type :<\/strong> Passe-coque filet\u00e9<\/li>\n<li data-start=\"879\" data-end=\"899\"><strong data-start=\"881\" data-end=\"894\">Couleur :<\/strong> Noir<\/li>\n<li data-start=\"900\" data-end=\"927\"><strong data-start=\"902\" data-end=\"917\">R\u00e9f\u00e9rence :<\/strong> TRU 90431<\/li>\n<li data-start=\"928\" data-end=\"993\"><strong data-start=\"930\" data-end=\"947\">Application :<\/strong> Compatible avec les syst\u00e8mes de pompe de cale<\/li>\n<li data-start=\"994\" data-end=\"1086\"><strong data-start=\"996\" data-end=\"1010\">Mat\u00e9riau :<\/strong> R\u00e9sistant \u00e0 la corrosion, sp\u00e9cialement con\u00e7u pour les environnements marins<\/li>\n<li data-start=\"1087\" data-end=\"1189\"><strong data-start=\"1089\" data-end=\"1104\">Avantages :<\/strong> Facilit\u00e9 d&rsquo;installation, \u00e9tanch\u00e9it\u00e9 parfaite, r\u00e9sistance \u00e0 l&rsquo;usure et \u00e0 la corrosion<\/li>\n<\/ul>\n<p data-start=\"1191\" data-end=\"1379\">Ce <strong data-start=\"1194\" data-end=\"1231\">passe-coque filet\u00e9 noir TRU 90431<\/strong> est id\u00e9al pour assurer une \u00e9vacuation d&rsquo;eau fiable et s\u00e9curis\u00e9e, en particulier pour les syst\u00e8mes de pompe de cale dans les applications nautiques.<\/p>\n","protected":false},"excerpt":{"rendered":"<p>Ce passe-coque filet\u00e9 noir r\u00e9f\u00e9rence TRU 90431 est con\u00e7u pour offrir une solution de passage fiable et \u00e9tanche pour les tuyaux et syst\u00e8mes de drainage, notamment les pompes de cale. Fabriqu\u00e9 en mat\u00e9riau robuste et trait\u00e9 pour r\u00e9sister \u00e0 la corrosion, il est sp\u00e9cialement con\u00e7u pour une installation facile et s\u00e9curis\u00e9e sur la coque des&hellip;<\/p>\n","protected":false},"featured_media":1318,"template":"","meta":[],"product_brand":[],"product_cat":[52],"product_tag":[],"class_list":{"0":"post-1316","1":"product","2":"type-product","3":"status-publish","4":"has-post-thumbnail","6":"product_cat-autres-produits-declasses","7":"description-off","9":"first","10":"instock","11":"taxable","12":"shipping-taxable","13":"purchasable","14":"product-type-simple"},"_links":{"self":[{"href":"https:\/\/eboutique.zeppelin.fr\/index.php\/wp-json\/wp\/v2\/product\/1316","targetHints":{"allow":["GET"]}}],"collection":[{"href":"https:\/\/eboutique.zeppelin.fr\/index.php\/wp-json\/wp\/v2\/product"}],"about":[{"href":"https:\/\/eboutique.zeppelin.fr\/index.php\/wp-json\/wp\/v2\/types\/product"}],"wp:featuredmedia":[{"embeddable":true,"href":"https:\/\/eboutique.zeppelin.fr\/index.php\/wp-json\/wp\/v2\/media\/1318"}],"wp:attachment":[{"href":"https:\/\/eboutique.zeppelin.fr\/index.php\/wp-json\/wp\/v2\/media?parent=1316"}],"wp:term":[{"taxonomy":"product_brand","embeddable":true,"href":"https:\/\/eboutique.zeppelin.fr\/index.php\/wp-json\/wp\/v2\/product_brand?post=1316"},{"taxonomy":"product_cat","embeddable":true,"href":"https:\/\/eboutique.zeppelin.fr\/index.php\/wp-json\/wp\/v2\/product_cat?post=1316"},{"taxonomy":"product_tag","embeddable":true,"href":"https:\/\/eboutique.zeppelin.fr\/index.php\/wp-json\/wp\/v2\/product_tag?post=1316"}],"curies":[{"name":"wp","href":"https:\/\/api.w.org\/{rel}","templated":true}]}}