{"id":1312,"date":"2025-03-06T11:07:25","date_gmt":"2025-03-06T11:07:25","guid":{"rendered":"https:\/\/eboutique.zeppelin.fr\/?post_type=product&#038;p=1312"},"modified":"2025-03-21T08:51:34","modified_gmt":"2025-03-21T08:51:34","slug":"collier-de-serrage","status":"publish","type":"product","link":"https:\/\/eboutique.zeppelin.fr\/index.php\/produit\/collier-de-serrage\/","title":{"rendered":"COLLIER DE SERRAGE"},"content":{"rendered":"<p data-start=\"164\" data-end=\"579\">Ce <strong data-start=\"167\" data-end=\"228\">collier de serrage 12&#215;22 en inox avec une largeur de 9 mm<\/strong> est con\u00e7u pour offrir une fixation solide et fiable pour les tuyaux, c\u00e2bles ou tubes d&rsquo;un diam\u00e8tre de <strong data-start=\"331\" data-end=\"348\">12 mm \u00e0 22 mm<\/strong>. Fabriqu\u00e9 en <strong data-start=\"362\" data-end=\"387\">inox de haute qualit\u00e9<\/strong>, il est particuli\u00e8rement adapt\u00e9 aux environnements expos\u00e9s \u00e0 l&rsquo;humidit\u00e9, aux intemp\u00e9ries et \u00e0 la corrosion, ce qui le rend id\u00e9al pour les applications maritimes, industrielles et ext\u00e9rieures.<\/p>\n<p data-start=\"581\" data-end=\"882\">Sa <strong data-start=\"584\" data-end=\"603\">largeur de 9 mm<\/strong> permet une meilleure distribution de la pression sur la surface du tuyau ou du c\u00e2ble, offrant ainsi une <strong data-start=\"708\" data-end=\"735\">fixation plus s\u00e9curis\u00e9e<\/strong> et une <strong data-start=\"743\" data-end=\"766\">\u00e9tanch\u00e9it\u00e9 optimale<\/strong>. Ce collier est facile \u00e0 installer et assure une performance fiable et durable m\u00eame dans des conditions difficiles.<\/p>\n<p data-start=\"884\" data-end=\"906\"><strong data-start=\"884\" data-end=\"906\">Caract\u00e9ristiques :<\/strong><\/p>\n<ul data-start=\"907\" data-end=\"1234\">\n<li data-start=\"907\" data-end=\"968\"><strong data-start=\"909\" data-end=\"925\">Dimensions :<\/strong> Diam\u00e8tre de 12 mm \u00e0 22 mm, largeur de 9 mm<\/li>\n<li data-start=\"969\" data-end=\"1017\"><strong data-start=\"971\" data-end=\"985\">Mat\u00e9riau :<\/strong> Inox (r\u00e9sistant \u00e0 la corrosion)<\/li>\n<li data-start=\"1018\" data-end=\"1120\"><strong data-start=\"1020\" data-end=\"1038\">Applications :<\/strong> Tuyaux, tubes, c\u00e2bles et autres \u00e9l\u00e9ments n\u00e9cessitant une fixation s\u00fbre et durable<\/li>\n<li data-start=\"1121\" data-end=\"1234\"><strong data-start=\"1123\" data-end=\"1138\">Avantages :<\/strong> R\u00e9sistance \u00e0 la corrosion, durabilit\u00e9, distribution uniforme de la pression, facile \u00e0 installer<\/li>\n<\/ul>\n<p data-start=\"1236\" data-end=\"1441\">Ce <strong data-start=\"1239\" data-end=\"1275\">collier de serrage 12&#215;22 en inox<\/strong> avec une <strong data-start=\"1285\" data-end=\"1304\">largeur de 9 mm<\/strong> est id\u00e9al pour maintenir vos installations en toute s\u00e9curit\u00e9, garantissant une fixation stable et fiable dans des conditions exigeantes.<\/p>\n","protected":false},"excerpt":{"rendered":"<p>Ce collier de serrage 12&#215;22 en inox avec une largeur de 9 mm est con\u00e7u pour offrir une fixation solide et fiable pour les tuyaux, c\u00e2bles ou tubes d&rsquo;un diam\u00e8tre de 12 mm \u00e0 22 mm. Fabriqu\u00e9 en inox de haute qualit\u00e9, il est particuli\u00e8rement adapt\u00e9 aux environnements expos\u00e9s \u00e0 l&rsquo;humidit\u00e9, aux intemp\u00e9ries et \u00e0&hellip;<\/p>\n","protected":false},"featured_media":1313,"template":"","meta":[],"product_brand":[],"product_cat":[52],"product_tag":[],"class_list":{"0":"post-1312","1":"product","2":"type-product","3":"status-publish","4":"has-post-thumbnail","6":"product_cat-autres-produits-declasses","7":"description-off","9":"first","10":"instock","11":"taxable","12":"shipping-taxable","13":"purchasable","14":"product-type-simple"},"_links":{"self":[{"href":"https:\/\/eboutique.zeppelin.fr\/index.php\/wp-json\/wp\/v2\/product\/1312","targetHints":{"allow":["GET"]}}],"collection":[{"href":"https:\/\/eboutique.zeppelin.fr\/index.php\/wp-json\/wp\/v2\/product"}],"about":[{"href":"https:\/\/eboutique.zeppelin.fr\/index.php\/wp-json\/wp\/v2\/types\/product"}],"wp:featuredmedia":[{"embeddable":true,"href":"https:\/\/eboutique.zeppelin.fr\/index.php\/wp-json\/wp\/v2\/media\/1313"}],"wp:attachment":[{"href":"https:\/\/eboutique.zeppelin.fr\/index.php\/wp-json\/wp\/v2\/media?parent=1312"}],"wp:term":[{"taxonomy":"product_brand","embeddable":true,"href":"https:\/\/eboutique.zeppelin.fr\/index.php\/wp-json\/wp\/v2\/product_brand?post=1312"},{"taxonomy":"product_cat","embeddable":true,"href":"https:\/\/eboutique.zeppelin.fr\/index.php\/wp-json\/wp\/v2\/product_cat?post=1312"},{"taxonomy":"product_tag","embeddable":true,"href":"https:\/\/eboutique.zeppelin.fr\/index.php\/wp-json\/wp\/v2\/product_tag?post=1312"}],"curies":[{"name":"wp","href":"https:\/\/api.w.org\/{rel}","templated":true}]}}