{"id":1308,"date":"2025-03-06T11:01:20","date_gmt":"2025-03-06T11:01:20","guid":{"rendered":"https:\/\/eboutique.zeppelin.fr\/?post_type=product&#038;p=1308"},"modified":"2025-03-06T11:01:23","modified_gmt":"2025-03-06T11:01:23","slug":"bouchon-laiton-male-1217","status":"publish","type":"product","link":"https:\/\/eboutique.zeppelin.fr\/index.php\/produit\/bouchon-laiton-male-1217\/","title":{"rendered":"BOUCHON LAITON M\u00c2LE 12*17"},"content":{"rendered":"<p data-start=\"98\" data-end=\"491\">Ce <strong data-start=\"101\" data-end=\"130\">bouchon laiton m\u00e2le 12&#215;17<\/strong> est con\u00e7u pour offrir une solution fiable et durable pour le bouchage des conduites ou tuyaux avec un filetage m\u00e2le. Fabriqu\u00e9 en <strong data-start=\"260\" data-end=\"287\">laiton de haute qualit\u00e9<\/strong>, il offre une excellente r\u00e9sistance \u00e0 la corrosion et \u00e0 l&rsquo;usure, ce qui en fait un choix id\u00e9al pour des applications maritimes, industrielles ou autres environnements expos\u00e9s \u00e0 des conditions difficiles.<\/p>\n<p data-start=\"493\" data-end=\"669\">Avec ses dimensions de <strong data-start=\"516\" data-end=\"528\">12&#215;17 mm<\/strong>, ce bouchon laiton m\u00e2le garantit une \u00e9tanch\u00e9it\u00e9 parfaite et une installation facile, tout en maintenant la performance de vos installations.<\/p>\n<p data-start=\"671\" data-end=\"693\"><strong data-start=\"671\" data-end=\"693\">Caract\u00e9ristiques :<\/strong><\/p>\n<ul data-start=\"694\" data-end=\"1013\">\n<li data-start=\"694\" data-end=\"719\"><strong data-start=\"696\" data-end=\"706\">Type :<\/strong> Bouchon m\u00e2le<\/li>\n<li data-start=\"720\" data-end=\"784\"><strong data-start=\"722\" data-end=\"738\">Dimensions :<\/strong> 12 mm (diam\u00e8tre ext\u00e9rieur) x 17 mm (longueur)<\/li>\n<li data-start=\"785\" data-end=\"835\"><strong data-start=\"787\" data-end=\"801\">Mat\u00e9riau :<\/strong> Laiton (r\u00e9sistant \u00e0 la corrosion)<\/li>\n<li data-start=\"836\" data-end=\"932\"><strong data-start=\"838\" data-end=\"856\">Applications :<\/strong> Id\u00e9al pour les syst\u00e8mes de plomberie, nautisme, installations industrielles<\/li>\n<li data-start=\"933\" data-end=\"1013\"><strong data-start=\"935\" data-end=\"950\">Avantages :<\/strong> R\u00e9sistance \u00e0 la corrosion, haute durabilit\u00e9, \u00e9tanch\u00e9it\u00e9 fiable<\/li>\n<\/ul>\n<p data-start=\"1015\" data-end=\"1188\">Ce <strong data-start=\"1018\" data-end=\"1041\">bouchon laiton m\u00e2le<\/strong> est un choix solide pour garantir la performance et la long\u00e9vit\u00e9 de vos installations, tout en assurant une solution de bouchage s\u00fbre et efficace.<\/p>\n","protected":false},"excerpt":{"rendered":"<p>Ce bouchon laiton m\u00e2le 12&#215;17 est con\u00e7u pour offrir une solution fiable et durable pour le bouchage des conduites ou tuyaux avec un filetage m\u00e2le. Fabriqu\u00e9 en laiton de haute qualit\u00e9, il offre une excellente r\u00e9sistance \u00e0 la corrosion et \u00e0 l&rsquo;usure, ce qui en fait un choix id\u00e9al pour des applications maritimes, industrielles ou&hellip;<\/p>\n","protected":false},"featured_media":1309,"template":"","meta":[],"product_brand":[],"product_cat":[52],"product_tag":[],"class_list":{"0":"post-1308","1":"product","2":"type-product","3":"status-publish","4":"has-post-thumbnail","6":"product_cat-autres-produits-declasses","7":"description-off","9":"first","10":"instock","11":"taxable","12":"shipping-taxable","13":"purchasable","14":"product-type-simple"},"_links":{"self":[{"href":"https:\/\/eboutique.zeppelin.fr\/index.php\/wp-json\/wp\/v2\/product\/1308","targetHints":{"allow":["GET"]}}],"collection":[{"href":"https:\/\/eboutique.zeppelin.fr\/index.php\/wp-json\/wp\/v2\/product"}],"about":[{"href":"https:\/\/eboutique.zeppelin.fr\/index.php\/wp-json\/wp\/v2\/types\/product"}],"wp:featuredmedia":[{"embeddable":true,"href":"https:\/\/eboutique.zeppelin.fr\/index.php\/wp-json\/wp\/v2\/media\/1309"}],"wp:attachment":[{"href":"https:\/\/eboutique.zeppelin.fr\/index.php\/wp-json\/wp\/v2\/media?parent=1308"}],"wp:term":[{"taxonomy":"product_brand","embeddable":true,"href":"https:\/\/eboutique.zeppelin.fr\/index.php\/wp-json\/wp\/v2\/product_brand?post=1308"},{"taxonomy":"product_cat","embeddable":true,"href":"https:\/\/eboutique.zeppelin.fr\/index.php\/wp-json\/wp\/v2\/product_cat?post=1308"},{"taxonomy":"product_tag","embeddable":true,"href":"https:\/\/eboutique.zeppelin.fr\/index.php\/wp-json\/wp\/v2\/product_tag?post=1308"}],"curies":[{"name":"wp","href":"https:\/\/api.w.org\/{rel}","templated":true}]}}