{"id":1305,"date":"2025-03-06T10:58:32","date_gmt":"2025-03-06T10:58:32","guid":{"rendered":"https:\/\/eboutique.zeppelin.fr\/?post_type=product&#038;p=1305"},"modified":"2025-03-21T08:51:52","modified_gmt":"2025-03-21T08:51:52","slug":"event-reniflard-ovale-blanc","status":"publish","type":"product","link":"https:\/\/eboutique.zeppelin.fr\/index.php\/produit\/event-reniflard-ovale-blanc\/","title":{"rendered":"\u00c9VENT RENIFLARD OVALE BLANC"},"content":{"rendered":"<p data-start=\"153\" data-end=\"580\">L&rsquo;<strong data-start=\"155\" data-end=\"186\">event reniflard ovale blanc<\/strong> <strong data-start=\"187\" data-end=\"206\">r\u00e9f\u00e9rence 37330<\/strong>, d&rsquo;un <strong data-start=\"213\" data-end=\"233\">diam\u00e8tre de 6 cm<\/strong>, est con\u00e7u pour permettre une ventilation optimale des syst\u00e8mes tout en offrant une \u00e9vacuation des gaz ou vapeurs de mani\u00e8re efficace. Ce mod\u00e8le ovale est particuli\u00e8rement adapt\u00e9 aux applications maritimes et industrielles, o\u00f9 une gestion efficace de la pression est n\u00e9cessaire, tout en assurant une protection contre l&rsquo;entr\u00e9e d&rsquo;eau ou de d\u00e9bris.<\/p>\n<p data-start=\"582\" data-end=\"772\">Le design <strong data-start=\"592\" data-end=\"601\">blanc<\/strong> de cet event s&rsquo;int\u00e8gre parfaitement dans des installations ext\u00e9rieures, garantissant non seulement une fonctionnalit\u00e9 accrue mais aussi une esth\u00e9tique propre et discr\u00e8te.<\/p>\n<p data-start=\"774\" data-end=\"796\"><strong data-start=\"774\" data-end=\"796\">Caract\u00e9ristiques :<\/strong><\/p>\n<ul data-start=\"797\" data-end=\"1097\">\n<li data-start=\"797\" data-end=\"820\"><strong data-start=\"799\" data-end=\"814\">R\u00e9f\u00e9rence :<\/strong> 37330<\/li>\n<li data-start=\"821\" data-end=\"840\"><strong data-start=\"823\" data-end=\"834\">Forme :<\/strong> Ovale<\/li>\n<li data-start=\"841\" data-end=\"882\"><strong data-start=\"843\" data-end=\"859\">Dimensions :<\/strong> 6 cm (taille standard)<\/li>\n<li data-start=\"883\" data-end=\"904\"><strong data-start=\"885\" data-end=\"898\">Couleur :<\/strong> Blanc<\/li>\n<li data-start=\"905\" data-end=\"1005\"><strong data-start=\"907\" data-end=\"924\">Utilisation :<\/strong> Ventilation et \u00e9vacuation des gaz\/vapeurs, protection contre l&rsquo;eau et les d\u00e9bris<\/li>\n<li data-start=\"1006\" data-end=\"1097\"><strong data-start=\"1008\" data-end=\"1026\">Applications :<\/strong> Nautisme, installations maritimes, syst\u00e8mes de ventilation industriels<\/li>\n<\/ul>\n<p data-start=\"1099\" data-end=\"1290\">Ce <strong data-start=\"1102\" data-end=\"1127\">reniflard ovale blanc<\/strong> est essentiel pour garantir un bon \u00e9change d&rsquo;air et \u00e9viter les pressions excessives, tout en offrant une solution fiable et r\u00e9sistante aux conditions ext\u00e9rieures.<\/p>\n","protected":false},"excerpt":{"rendered":"<p>L&rsquo;event reniflard ovale blanc r\u00e9f\u00e9rence 37330, d&rsquo;un diam\u00e8tre de 6 cm, est con\u00e7u pour permettre une ventilation optimale des syst\u00e8mes tout en offrant une \u00e9vacuation des gaz ou vapeurs de mani\u00e8re efficace. Ce mod\u00e8le ovale est particuli\u00e8rement adapt\u00e9 aux applications maritimes et industrielles, o\u00f9 une gestion efficace de la pression est n\u00e9cessaire, tout en assurant&hellip;<\/p>\n","protected":false},"featured_media":1307,"template":"","meta":[],"product_brand":[],"product_cat":[53],"product_tag":[],"class_list":{"0":"post-1305","1":"product","2":"type-product","3":"status-publish","4":"has-post-thumbnail","6":"product_cat-equipements-produits-declasses","7":"description-off","9":"first","10":"instock","11":"taxable","12":"shipping-taxable","13":"purchasable","14":"product-type-simple"},"_links":{"self":[{"href":"https:\/\/eboutique.zeppelin.fr\/index.php\/wp-json\/wp\/v2\/product\/1305","targetHints":{"allow":["GET"]}}],"collection":[{"href":"https:\/\/eboutique.zeppelin.fr\/index.php\/wp-json\/wp\/v2\/product"}],"about":[{"href":"https:\/\/eboutique.zeppelin.fr\/index.php\/wp-json\/wp\/v2\/types\/product"}],"wp:featuredmedia":[{"embeddable":true,"href":"https:\/\/eboutique.zeppelin.fr\/index.php\/wp-json\/wp\/v2\/media\/1307"}],"wp:attachment":[{"href":"https:\/\/eboutique.zeppelin.fr\/index.php\/wp-json\/wp\/v2\/media?parent=1305"}],"wp:term":[{"taxonomy":"product_brand","embeddable":true,"href":"https:\/\/eboutique.zeppelin.fr\/index.php\/wp-json\/wp\/v2\/product_brand?post=1305"},{"taxonomy":"product_cat","embeddable":true,"href":"https:\/\/eboutique.zeppelin.fr\/index.php\/wp-json\/wp\/v2\/product_cat?post=1305"},{"taxonomy":"product_tag","embeddable":true,"href":"https:\/\/eboutique.zeppelin.fr\/index.php\/wp-json\/wp\/v2\/product_tag?post=1305"}],"curies":[{"name":"wp","href":"https:\/\/api.w.org\/{rel}","templated":true}]}}