{"id":1303,"date":"2025-03-06T10:55:59","date_gmt":"2025-03-06T10:55:59","guid":{"rendered":"https:\/\/eboutique.zeppelin.fr\/?post_type=product&#038;p=1303"},"modified":"2025-03-06T13:21:13","modified_gmt":"2025-03-06T13:21:13","slug":"vis-vmtf-680","status":"publish","type":"product","link":"https:\/\/eboutique.zeppelin.fr\/index.php\/produit\/vis-vmtf-680\/","title":{"rendered":"VIS VMTF 6*80"},"content":{"rendered":"<p data-start=\"91\" data-end=\"420\">Cette <strong data-start=\"97\" data-end=\"122\">vis VMTF 6&#215;80 en inox<\/strong> est con\u00e7ue pour offrir une fixation solide et durable dans des environnements exigeants. Avec un <strong data-start=\"220\" data-end=\"240\">diam\u00e8tre de 6 mm<\/strong> et une <strong data-start=\"248\" data-end=\"269\">longueur de 80 mm<\/strong>, elle garantit une r\u00e9sistance accrue, notamment aux conditions marines ou ext\u00e9rieures gr\u00e2ce \u00e0 son <strong data-start=\"368\" data-end=\"393\">inox de haute qualit\u00e9<\/strong>, r\u00e9sistant \u00e0 la corrosion.<\/p>\n<p data-start=\"422\" data-end=\"606\">Le <strong data-start=\"425\" data-end=\"442\">filetage VMTF<\/strong> assure une prise s\u00e9curis\u00e9e, tandis que la construction en inox prolonge la dur\u00e9e de vie de la vis, m\u00eame dans des environnements humides ou expos\u00e9s aux intemp\u00e9ries.<\/p>\n<p data-start=\"608\" data-end=\"630\"><strong data-start=\"608\" data-end=\"630\">Caract\u00e9ristiques :<\/strong><\/p>\n<ul data-start=\"631\" data-end=\"948\">\n<li data-start=\"631\" data-end=\"655\"><strong data-start=\"633\" data-end=\"650\">Type de vis :<\/strong> VMTF<\/li>\n<li data-start=\"656\" data-end=\"677\"><strong data-start=\"658\" data-end=\"672\">Diam\u00e8tre :<\/strong> 6 mm<\/li>\n<li data-start=\"678\" data-end=\"700\"><strong data-start=\"680\" data-end=\"694\">Longueur :<\/strong> 80 mm<\/li>\n<li data-start=\"701\" data-end=\"749\"><strong data-start=\"703\" data-end=\"717\">Mat\u00e9riau :<\/strong> Inox (r\u00e9sistant \u00e0 la corrosion)<\/li>\n<li data-start=\"750\" data-end=\"865\"><strong data-start=\"752\" data-end=\"770\">Applications :<\/strong> Nautisme, installations maritimes, et autres environnements n\u00e9cessitant des fixations robustes<\/li>\n<li data-start=\"866\" data-end=\"948\"><strong data-start=\"868\" data-end=\"883\">Avantages :<\/strong> Haute r\u00e9sistance \u00e0 la corrosion, durabilit\u00e9, installation facile<\/li>\n<\/ul>\n<p data-start=\"950\" data-end=\"1119\">Cette <strong data-start=\"956\" data-end=\"976\">vis VMTF en inox<\/strong> est id\u00e9ale pour des applications n\u00e9cessitant des fixations fiables et r\u00e9sistantes, particuli\u00e8rement dans des conditions de travail difficiles.<\/p>\n","protected":false},"excerpt":{"rendered":"<p>Cette vis VMTF 6&#215;80 en inox est con\u00e7ue pour offrir une fixation solide et durable dans des environnements exigeants. Avec un diam\u00e8tre de 6 mm et une longueur de 80 mm, elle garantit une r\u00e9sistance accrue, notamment aux conditions marines ou ext\u00e9rieures gr\u00e2ce \u00e0 son inox de haute qualit\u00e9, r\u00e9sistant \u00e0 la corrosion. Le filetage&hellip;<\/p>\n","protected":false},"featured_media":1304,"template":"","meta":[],"product_brand":[],"product_cat":[55],"product_tag":[],"class_list":{"0":"post-1303","1":"product","2":"type-product","3":"status-publish","4":"has-post-thumbnail","6":"product_cat-visserie","7":"description-off","9":"first","10":"instock","11":"taxable","12":"shipping-taxable","13":"purchasable","14":"product-type-simple"},"_links":{"self":[{"href":"https:\/\/eboutique.zeppelin.fr\/index.php\/wp-json\/wp\/v2\/product\/1303","targetHints":{"allow":["GET"]}}],"collection":[{"href":"https:\/\/eboutique.zeppelin.fr\/index.php\/wp-json\/wp\/v2\/product"}],"about":[{"href":"https:\/\/eboutique.zeppelin.fr\/index.php\/wp-json\/wp\/v2\/types\/product"}],"wp:featuredmedia":[{"embeddable":true,"href":"https:\/\/eboutique.zeppelin.fr\/index.php\/wp-json\/wp\/v2\/media\/1304"}],"wp:attachment":[{"href":"https:\/\/eboutique.zeppelin.fr\/index.php\/wp-json\/wp\/v2\/media?parent=1303"}],"wp:term":[{"taxonomy":"product_brand","embeddable":true,"href":"https:\/\/eboutique.zeppelin.fr\/index.php\/wp-json\/wp\/v2\/product_brand?post=1303"},{"taxonomy":"product_cat","embeddable":true,"href":"https:\/\/eboutique.zeppelin.fr\/index.php\/wp-json\/wp\/v2\/product_cat?post=1303"},{"taxonomy":"product_tag","embeddable":true,"href":"https:\/\/eboutique.zeppelin.fr\/index.php\/wp-json\/wp\/v2\/product_tag?post=1303"}],"curies":[{"name":"wp","href":"https:\/\/api.w.org\/{rel}","templated":true}]}}