{"id":1298,"date":"2025-03-06T10:51:23","date_gmt":"2025-03-06T10:51:23","guid":{"rendered":"https:\/\/eboutique.zeppelin.fr\/?post_type=product&#038;p=1298"},"modified":"2025-03-06T10:51:23","modified_gmt":"2025-03-06T10:51:23","slug":"charniere-61-61","status":"publish","type":"product","link":"https:\/\/eboutique.zeppelin.fr\/index.php\/produit\/charniere-61-61\/","title":{"rendered":"CHARNIERE 61\/61"},"content":{"rendered":"<p data-start=\"118\" data-end=\"514\">Cette <strong data-start=\"124\" data-end=\"166\">charni\u00e8re 61\/61 large de 60 mm en inox<\/strong> est con\u00e7ue pour offrir une solution robuste et durable pour vos applications n\u00e9cessitant une ouverture et une fermeture fiables. Fabriqu\u00e9e en <strong data-start=\"309\" data-end=\"334\">inox de haute qualit\u00e9<\/strong>, elle r\u00e9siste parfaitement \u00e0 la corrosion, ce qui la rend id\u00e9ale pour des environnements expos\u00e9s \u00e0 l&rsquo;humidit\u00e9 ou \u00e0 des conditions maritimes, comme dans le nautisme ou l&rsquo;industrie.<\/p>\n<p data-start=\"516\" data-end=\"729\">Avec une <strong data-start=\"525\" data-end=\"545\">largeur de 60 mm<\/strong>, cette charni\u00e8re assure une fixation stable et s\u00e9curis\u00e9e, tout en permettant un mouvement fluide. Son design simple mais efficace permet une int\u00e9gration facile dans vos installations.<\/p>\n<p data-start=\"731\" data-end=\"753\"><strong data-start=\"731\" data-end=\"753\">Caract\u00e9ristiques :<\/strong><\/p>\n<ul data-start=\"754\" data-end=\"1073\">\n<li data-start=\"754\" data-end=\"794\"><strong data-start=\"756\" data-end=\"772\">Dimensions :<\/strong> 61 mm x 61 mm (large)<\/li>\n<li data-start=\"795\" data-end=\"816\"><strong data-start=\"797\" data-end=\"810\">Largeur :<\/strong> 60 mm<\/li>\n<li data-start=\"817\" data-end=\"865\"><strong data-start=\"819\" data-end=\"833\">Mat\u00e9riau :<\/strong> Inox (r\u00e9sistant \u00e0 la corrosion)<\/li>\n<li data-start=\"866\" data-end=\"994\"><strong data-start=\"868\" data-end=\"886\">Applications :<\/strong> Id\u00e9ale pour le nautisme, les portes ext\u00e9rieures, et d&rsquo;autres applications n\u00e9cessitant une charni\u00e8re robuste<\/li>\n<li data-start=\"995\" data-end=\"1073\"><strong data-start=\"997\" data-end=\"1012\">Avantages :<\/strong> R\u00e9sistance \u00e0 la corrosion, grande durabilit\u00e9, montage facile<\/li>\n<\/ul>\n<p data-start=\"1075\" data-end=\"1250\">Cette <strong data-start=\"1081\" data-end=\"1114\">charni\u00e8re 61\/61 large en inox<\/strong> est un excellent choix pour garantir la performance et la long\u00e9vit\u00e9 de vos installations tout en assurant une fixation s\u00fbre et durable.<\/p>\n","protected":false},"excerpt":{"rendered":"<p>Cette charni\u00e8re 61\/61 large de 60 mm en inox est con\u00e7ue pour offrir une solution robuste et durable pour vos applications n\u00e9cessitant une ouverture et une fermeture fiables. Fabriqu\u00e9e en inox de haute qualit\u00e9, elle r\u00e9siste parfaitement \u00e0 la corrosion, ce qui la rend id\u00e9ale pour des environnements expos\u00e9s \u00e0 l&rsquo;humidit\u00e9 ou \u00e0 des conditions&hellip;<\/p>\n","protected":false},"featured_media":1300,"template":"","meta":[],"product_brand":[],"product_cat":[52],"product_tag":[],"class_list":{"0":"post-1298","1":"product","2":"type-product","3":"status-publish","4":"has-post-thumbnail","6":"product_cat-autres-produits-declasses","7":"description-off","9":"first","10":"instock","11":"taxable","12":"shipping-taxable","13":"purchasable","14":"product-type-simple"},"_links":{"self":[{"href":"https:\/\/eboutique.zeppelin.fr\/index.php\/wp-json\/wp\/v2\/product\/1298","targetHints":{"allow":["GET"]}}],"collection":[{"href":"https:\/\/eboutique.zeppelin.fr\/index.php\/wp-json\/wp\/v2\/product"}],"about":[{"href":"https:\/\/eboutique.zeppelin.fr\/index.php\/wp-json\/wp\/v2\/types\/product"}],"wp:featuredmedia":[{"embeddable":true,"href":"https:\/\/eboutique.zeppelin.fr\/index.php\/wp-json\/wp\/v2\/media\/1300"}],"wp:attachment":[{"href":"https:\/\/eboutique.zeppelin.fr\/index.php\/wp-json\/wp\/v2\/media?parent=1298"}],"wp:term":[{"taxonomy":"product_brand","embeddable":true,"href":"https:\/\/eboutique.zeppelin.fr\/index.php\/wp-json\/wp\/v2\/product_brand?post=1298"},{"taxonomy":"product_cat","embeddable":true,"href":"https:\/\/eboutique.zeppelin.fr\/index.php\/wp-json\/wp\/v2\/product_cat?post=1298"},{"taxonomy":"product_tag","embeddable":true,"href":"https:\/\/eboutique.zeppelin.fr\/index.php\/wp-json\/wp\/v2\/product_tag?post=1298"}],"curies":[{"name":"wp","href":"https:\/\/api.w.org\/{rel}","templated":true}]}}