{"id":1296,"date":"2025-03-06T10:41:29","date_gmt":"2025-03-06T10:41:29","guid":{"rendered":"https:\/\/eboutique.zeppelin.fr\/?post_type=product&#038;p=1296"},"modified":"2025-03-06T10:41:29","modified_gmt":"2025-03-06T10:41:29","slug":"ampoule-5w-pour-feux","status":"publish","type":"product","link":"https:\/\/eboutique.zeppelin.fr\/index.php\/produit\/ampoule-5w-pour-feux\/","title":{"rendered":"AMPOULE 5W POUR FEUX"},"content":{"rendered":"<p data-start=\"119\" data-end=\"431\">Cette <strong data-start=\"125\" data-end=\"142\">ampoule de 5W<\/strong> est sp\u00e9cialement con\u00e7ue pour les <strong data-start=\"176\" data-end=\"193\">feux Osculati<\/strong>, offrant une solution fiable et \u00e9conomique pour les syst\u00e8mes d&rsquo;\u00e9clairage maritime. Elle garantit une consommation d&rsquo;\u00e9nergie minimale tout en fournissant un \u00e9clairage puissant et clair, id\u00e9al pour la signalisation et la navigation en mer.<\/p>\n<p data-start=\"433\" data-end=\"591\">Compatible avec les <strong data-start=\"453\" data-end=\"470\">feux Osculati<\/strong>, cette ampoule assure une performance constante et une durabilit\u00e9 accrue, m\u00eame dans des conditions maritimes exigeantes.<\/p>\n<p data-start=\"593\" data-end=\"615\"><strong data-start=\"593\" data-end=\"615\">Caract\u00e9ristiques :<\/strong><\/p>\n<ul data-start=\"616\" data-end=\"866\">\n<li data-start=\"616\" data-end=\"636\"><strong data-start=\"618\" data-end=\"633\">Puissance :<\/strong> 5W<\/li>\n<li data-start=\"637\" data-end=\"676\"><strong data-start=\"639\" data-end=\"649\">Type :<\/strong> Ampoule pour feux Osculati<\/li>\n<li data-start=\"677\" data-end=\"772\"><strong data-start=\"679\" data-end=\"694\">Avantages :<\/strong> Faible consommation d&rsquo;\u00e9nergie, longue dur\u00e9e de vie, \u00e9clairage clair et fiable<\/li>\n<li data-start=\"773\" data-end=\"866\"><strong data-start=\"775\" data-end=\"793\">Applications :<\/strong> Feux de navigation, feux de signalisation et autres feux marins Osculati<\/li>\n<\/ul>\n<p data-start=\"868\" data-end=\"1040\">Cette ampoule est l&rsquo;option id\u00e9ale pour remplacer ou installer des ampoules dans vos feux Osculati, garantissant une performance optimale pour vos \u00e9quipements de navigation.<\/p>\n","protected":false},"excerpt":{"rendered":"<p>Cette ampoule de 5W est sp\u00e9cialement con\u00e7ue pour les feux Osculati, offrant une solution fiable et \u00e9conomique pour les syst\u00e8mes d&rsquo;\u00e9clairage maritime. Elle garantit une consommation d&rsquo;\u00e9nergie minimale tout en fournissant un \u00e9clairage puissant et clair, id\u00e9al pour la signalisation et la navigation en mer. Compatible avec les feux Osculati, cette ampoule assure une performance&hellip;<\/p>\n","protected":false},"featured_media":1297,"template":"","meta":[],"product_brand":[],"product_cat":[53],"product_tag":[],"class_list":{"0":"post-1296","1":"product","2":"type-product","3":"status-publish","4":"has-post-thumbnail","6":"product_cat-equipements-produits-declasses","7":"description-off","9":"first","10":"instock","11":"taxable","12":"shipping-taxable","13":"purchasable","14":"product-type-simple"},"_links":{"self":[{"href":"https:\/\/eboutique.zeppelin.fr\/index.php\/wp-json\/wp\/v2\/product\/1296","targetHints":{"allow":["GET"]}}],"collection":[{"href":"https:\/\/eboutique.zeppelin.fr\/index.php\/wp-json\/wp\/v2\/product"}],"about":[{"href":"https:\/\/eboutique.zeppelin.fr\/index.php\/wp-json\/wp\/v2\/types\/product"}],"wp:featuredmedia":[{"embeddable":true,"href":"https:\/\/eboutique.zeppelin.fr\/index.php\/wp-json\/wp\/v2\/media\/1297"}],"wp:attachment":[{"href":"https:\/\/eboutique.zeppelin.fr\/index.php\/wp-json\/wp\/v2\/media?parent=1296"}],"wp:term":[{"taxonomy":"product_brand","embeddable":true,"href":"https:\/\/eboutique.zeppelin.fr\/index.php\/wp-json\/wp\/v2\/product_brand?post=1296"},{"taxonomy":"product_cat","embeddable":true,"href":"https:\/\/eboutique.zeppelin.fr\/index.php\/wp-json\/wp\/v2\/product_cat?post=1296"},{"taxonomy":"product_tag","embeddable":true,"href":"https:\/\/eboutique.zeppelin.fr\/index.php\/wp-json\/wp\/v2\/product_tag?post=1296"}],"curies":[{"name":"wp","href":"https:\/\/api.w.org\/{rel}","templated":true}]}}