{"id":1292,"date":"2025-03-06T10:38:19","date_gmt":"2025-03-06T10:38:19","guid":{"rendered":"https:\/\/eboutique.zeppelin.fr\/?post_type=product&#038;p=1292"},"modified":"2025-03-06T10:38:37","modified_gmt":"2025-03-06T10:38:37","slug":"cadran-temperature-mercury","status":"publish","type":"product","link":"https:\/\/eboutique.zeppelin.fr\/index.php\/produit\/cadran-temperature-mercury\/","title":{"rendered":"CADRAN TEMP\u00c9RATURE MERCURY"},"content":{"rendered":"<p data-start=\"167\" data-end=\"498\">Ce <strong data-start=\"170\" data-end=\"203\">cadran de temp\u00e9rature Mercury<\/strong> de <strong data-start=\"207\" data-end=\"229\">5,5 cm de diam\u00e8tre<\/strong> est con\u00e7u pour fournir une lecture pr\u00e9cise de la temp\u00e9rature de l&rsquo;eau ou de l&rsquo;air, utilisant le mercure pour une mesure fiable. Id\u00e9al pour les environnements marins et ext\u00e9rieurs, il r\u00e9siste aux conditions difficiles tout en offrant une mesure claire et facile \u00e0 lire.<\/p>\n<p data-start=\"500\" data-end=\"723\">Avec son diam\u00e8tre compact de <strong data-start=\"529\" data-end=\"539\">5,5 cm<\/strong>, ce cadran est parfait pour une utilisation dans des espaces restreints ou pour des installations o\u00f9 un affichage plus petit est n\u00e9cessaire, tout en maintenant une pr\u00e9cision optimale.<\/p>\n<p data-start=\"725\" data-end=\"747\"><strong data-start=\"725\" data-end=\"747\">Caract\u00e9ristiques :<\/strong><\/p>\n<ul data-start=\"748\" data-end=\"1168\">\n<li data-start=\"748\" data-end=\"792\"><strong data-start=\"750\" data-end=\"760\">Type :<\/strong> Cadran de temp\u00e9rature \u00e0 mercure<\/li>\n<li data-start=\"793\" data-end=\"816\"><strong data-start=\"795\" data-end=\"809\">Diam\u00e8tre :<\/strong> 5,5 cm<\/li>\n<li data-start=\"817\" data-end=\"882\"><strong data-start=\"819\" data-end=\"836\">Utilisation :<\/strong> Mesure de la temp\u00e9rature de l&rsquo;eau ou de l&rsquo;air<\/li>\n<li data-start=\"883\" data-end=\"934\"><strong data-start=\"885\" data-end=\"900\">Pr\u00e9cision :<\/strong> Affichage pr\u00e9cis gr\u00e2ce au mercure<\/li>\n<li data-start=\"935\" data-end=\"1063\"><strong data-start=\"937\" data-end=\"955\">Applications :<\/strong> Nautisme, installations maritimes, ou autres environnements n\u00e9cessitant une mesure fiable de la temp\u00e9rature<\/li>\n<li data-start=\"1064\" data-end=\"1168\"><strong data-start=\"1066\" data-end=\"1081\">Avantages :<\/strong> Compact, durable, facile \u00e0 lire, id\u00e9al pour les installations dans des espaces r\u00e9duits<\/li>\n<\/ul>\n<p data-start=\"1170\" data-end=\"1333\">Ce cadran de temp\u00e9rature Mercury est id\u00e9al pour ceux qui recherchent une solution fiable et robuste pour mesurer la temp\u00e9rature avec une lecture pr\u00e9cise et simple.<\/p>\n","protected":false},"excerpt":{"rendered":"<p>Ce cadran de temp\u00e9rature Mercury de 5,5 cm de diam\u00e8tre est con\u00e7u pour fournir une lecture pr\u00e9cise de la temp\u00e9rature de l&rsquo;eau ou de l&rsquo;air, utilisant le mercure pour une mesure fiable. Id\u00e9al pour les environnements marins et ext\u00e9rieurs, il r\u00e9siste aux conditions difficiles tout en offrant une mesure claire et facile \u00e0 lire. Avec&hellip;<\/p>\n","protected":false},"featured_media":1295,"template":"","meta":[],"product_brand":[],"product_cat":[53],"product_tag":[],"class_list":{"0":"post-1292","1":"product","2":"type-product","3":"status-publish","4":"has-post-thumbnail","6":"product_cat-equipements-produits-declasses","7":"description-off","9":"first","10":"instock","11":"taxable","12":"shipping-taxable","13":"purchasable","14":"product-type-simple"},"_links":{"self":[{"href":"https:\/\/eboutique.zeppelin.fr\/index.php\/wp-json\/wp\/v2\/product\/1292","targetHints":{"allow":["GET"]}}],"collection":[{"href":"https:\/\/eboutique.zeppelin.fr\/index.php\/wp-json\/wp\/v2\/product"}],"about":[{"href":"https:\/\/eboutique.zeppelin.fr\/index.php\/wp-json\/wp\/v2\/types\/product"}],"wp:featuredmedia":[{"embeddable":true,"href":"https:\/\/eboutique.zeppelin.fr\/index.php\/wp-json\/wp\/v2\/media\/1295"}],"wp:attachment":[{"href":"https:\/\/eboutique.zeppelin.fr\/index.php\/wp-json\/wp\/v2\/media?parent=1292"}],"wp:term":[{"taxonomy":"product_brand","embeddable":true,"href":"https:\/\/eboutique.zeppelin.fr\/index.php\/wp-json\/wp\/v2\/product_brand?post=1292"},{"taxonomy":"product_cat","embeddable":true,"href":"https:\/\/eboutique.zeppelin.fr\/index.php\/wp-json\/wp\/v2\/product_cat?post=1292"},{"taxonomy":"product_tag","embeddable":true,"href":"https:\/\/eboutique.zeppelin.fr\/index.php\/wp-json\/wp\/v2\/product_tag?post=1292"}],"curies":[{"name":"wp","href":"https:\/\/api.w.org\/{rel}","templated":true}]}}