{"id":1270,"date":"2025-03-06T09:24:36","date_gmt":"2025-03-06T09:24:36","guid":{"rendered":"https:\/\/eboutique.zeppelin.fr\/?post_type=product&#038;p=1270"},"modified":"2025-03-06T09:24:36","modified_gmt":"2025-03-06T09:24:36","slug":"charniere-inox-12050-180","status":"publish","type":"product","link":"https:\/\/eboutique.zeppelin.fr\/index.php\/produit\/charniere-inox-12050-180\/","title":{"rendered":"CHARNIERE INOX 120*50 &#8211; 180"},"content":{"rendered":"<p data-start=\"125\" data-end=\"514\">Cette <strong data-start=\"131\" data-end=\"159\">charni\u00e8re en inox 120&#215;50<\/strong> est con\u00e7ue pour offrir une solution robuste et durable pour vos projets n\u00e9cessitant une ouverture \u00e0 <strong data-start=\"260\" data-end=\"268\">180\u00b0<\/strong>. Fabriqu\u00e9e en <strong data-start=\"283\" data-end=\"308\">inox de haute qualit\u00e9<\/strong>, elle r\u00e9siste parfaitement \u00e0 la corrosion, ce qui la rend id\u00e9ale pour une utilisation en ext\u00e9rieur ou dans des environnements expos\u00e9s \u00e0 l&rsquo;humidit\u00e9, comme dans le nautisme, l&rsquo;industrie ou d&rsquo;autres secteurs.<\/p>\n<p data-start=\"516\" data-end=\"837\">Avec ses dimensions de <strong data-start=\"539\" data-end=\"557\">120 mm x 50 mm<\/strong>, cette charni\u00e8re assure une fixation solide et une ouverture fluide, permettant de supporter des portes, panneaux ou autres \u00e9l\u00e9ments n\u00e9cessitant une charni\u00e8re r\u00e9sistante et fiable. Son angle d&rsquo;ouverture de <strong data-start=\"764\" data-end=\"772\">180\u00b0<\/strong> garantit une large amplitude d&rsquo;angle pour diverses applications.<\/p>\n<p data-start=\"839\" data-end=\"861\"><strong data-start=\"839\" data-end=\"861\">Caract\u00e9ristiques :<\/strong><\/p>\n<ul data-start=\"862\" data-end=\"1058\">\n<li data-start=\"862\" data-end=\"895\"><strong data-start=\"864\" data-end=\"880\">Dimensions :<\/strong> 120 mm x 50 mm<\/li>\n<li data-start=\"896\" data-end=\"926\"><strong data-start=\"898\" data-end=\"921\">Angle d&rsquo;ouverture :<\/strong> 180\u00b0<\/li>\n<li data-start=\"927\" data-end=\"965\"><strong data-start=\"929\" data-end=\"943\">Mat\u00e9riau :<\/strong> Inox de haute qualit\u00e9<\/li>\n<li data-start=\"966\" data-end=\"1058\"><strong data-start=\"968\" data-end=\"983\">Avantages :<\/strong> R\u00e9sistance \u00e0 la corrosion, robustesse, facilit\u00e9 d&rsquo;installation, durabilit\u00e9<\/li>\n<\/ul>\n<p data-start=\"1060\" data-end=\"1211\">Id\u00e9ale pour des applications en ext\u00e9rieur, cette charni\u00e8re inox est un choix parfait pour garantir la performance et la long\u00e9vit\u00e9 de vos installations.<\/p>\n","protected":false},"excerpt":{"rendered":"<p>Cette charni\u00e8re en inox 120&#215;50 est con\u00e7ue pour offrir une solution robuste et durable pour vos projets n\u00e9cessitant une ouverture \u00e0 180\u00b0. Fabriqu\u00e9e en inox de haute qualit\u00e9, elle r\u00e9siste parfaitement \u00e0 la corrosion, ce qui la rend id\u00e9ale pour une utilisation en ext\u00e9rieur ou dans des environnements expos\u00e9s \u00e0 l&rsquo;humidit\u00e9, comme dans le nautisme,&hellip;<\/p>\n","protected":false},"featured_media":1272,"template":"","meta":[],"product_brand":[],"product_cat":[52],"product_tag":[],"class_list":{"0":"post-1270","1":"product","2":"type-product","3":"status-publish","4":"has-post-thumbnail","6":"product_cat-autres-produits-declasses","7":"description-off","9":"first","10":"instock","11":"taxable","12":"shipping-taxable","13":"purchasable","14":"product-type-simple"},"_links":{"self":[{"href":"https:\/\/eboutique.zeppelin.fr\/index.php\/wp-json\/wp\/v2\/product\/1270","targetHints":{"allow":["GET"]}}],"collection":[{"href":"https:\/\/eboutique.zeppelin.fr\/index.php\/wp-json\/wp\/v2\/product"}],"about":[{"href":"https:\/\/eboutique.zeppelin.fr\/index.php\/wp-json\/wp\/v2\/types\/product"}],"wp:featuredmedia":[{"embeddable":true,"href":"https:\/\/eboutique.zeppelin.fr\/index.php\/wp-json\/wp\/v2\/media\/1272"}],"wp:attachment":[{"href":"https:\/\/eboutique.zeppelin.fr\/index.php\/wp-json\/wp\/v2\/media?parent=1270"}],"wp:term":[{"taxonomy":"product_brand","embeddable":true,"href":"https:\/\/eboutique.zeppelin.fr\/index.php\/wp-json\/wp\/v2\/product_brand?post=1270"},{"taxonomy":"product_cat","embeddable":true,"href":"https:\/\/eboutique.zeppelin.fr\/index.php\/wp-json\/wp\/v2\/product_cat?post=1270"},{"taxonomy":"product_tag","embeddable":true,"href":"https:\/\/eboutique.zeppelin.fr\/index.php\/wp-json\/wp\/v2\/product_tag?post=1270"}],"curies":[{"name":"wp","href":"https:\/\/api.w.org\/{rel}","templated":true}]}}