{"id":127,"date":"2021-03-25T13:24:26","date_gmt":"2021-03-25T13:24:26","guid":{"rendered":"https:\/\/eboutique.zeppelin.fr\/?post_type=product&#038;p=127"},"modified":"2026-02-25T13:31:43","modified_gmt":"2026-02-25T13:31:43","slug":"cle-a-valve-ceredi","status":"publish","type":"product","link":"https:\/\/eboutique.zeppelin.fr\/index.php\/produit\/cle-a-valve-ceredi\/","title":{"rendered":"CLE A VALVE CEREDI"},"content":{"rendered":"<p>Optez pour cette cl\u00e9 de serrage d\u00e9di\u00e9e aux valves Ceredi, l\u2019outil id\u00e9al pour un serrage pr\u00e9cis et s\u00e9curis\u00e9. Sp\u00e9cialement fabriqu\u00e9e pour s\u2019adapter parfaitement aux dimensions des valves de cette marque, elle garantit une manipulation ais\u00e9e tout en assurant une fixation solide et sans risque d\u2019endommagement<\/p>\n","protected":false},"excerpt":{"rendered":"<p>Cette cl\u00e9 de serrage sert pour les 2 types de valves Leafield : A6 et C7.<\/p>\n","protected":false},"featured_media":976,"template":"","meta":[],"product_brand":[],"product_cat":[16,24],"product_tag":[],"class_list":{"0":"post-127","1":"product","2":"type-product","3":"status-publish","4":"has-post-thumbnail","6":"product_cat-accessoires-flotteurs","7":"product_cat-valves","8":"description-off","10":"first","11":"instock","12":"taxable","13":"shipping-taxable","14":"purchasable","15":"product-type-simple"},"_links":{"self":[{"href":"https:\/\/eboutique.zeppelin.fr\/index.php\/wp-json\/wp\/v2\/product\/127","targetHints":{"allow":["GET"]}}],"collection":[{"href":"https:\/\/eboutique.zeppelin.fr\/index.php\/wp-json\/wp\/v2\/product"}],"about":[{"href":"https:\/\/eboutique.zeppelin.fr\/index.php\/wp-json\/wp\/v2\/types\/product"}],"wp:featuredmedia":[{"embeddable":true,"href":"https:\/\/eboutique.zeppelin.fr\/index.php\/wp-json\/wp\/v2\/media\/976"}],"wp:attachment":[{"href":"https:\/\/eboutique.zeppelin.fr\/index.php\/wp-json\/wp\/v2\/media?parent=127"}],"wp:term":[{"taxonomy":"product_brand","embeddable":true,"href":"https:\/\/eboutique.zeppelin.fr\/index.php\/wp-json\/wp\/v2\/product_brand?post=127"},{"taxonomy":"product_cat","embeddable":true,"href":"https:\/\/eboutique.zeppelin.fr\/index.php\/wp-json\/wp\/v2\/product_cat?post=127"},{"taxonomy":"product_tag","embeddable":true,"href":"https:\/\/eboutique.zeppelin.fr\/index.php\/wp-json\/wp\/v2\/product_tag?post=127"}],"curies":[{"name":"wp","href":"https:\/\/api.w.org\/{rel}","templated":true}]}}