{"id":1263,"date":"2025-03-06T09:18:31","date_gmt":"2025-03-06T09:18:31","guid":{"rendered":"https:\/\/eboutique.zeppelin.fr\/?post_type=product&#038;p=1263"},"modified":"2025-03-06T09:18:31","modified_gmt":"2025-03-06T09:18:31","slug":"raccord-quick-connect-m47","status":"publish","type":"product","link":"https:\/\/eboutique.zeppelin.fr\/index.php\/produit\/raccord-quick-connect-m47\/","title":{"rendered":"RACCORD QUICK CONNECT M47"},"content":{"rendered":"<p data-start=\"160\" data-end=\"547\">Simplifiez vos installations avec ce <strong data-start=\"197\" data-end=\"226\">raccord Quick Connect M47<\/strong> \u00e9quip\u00e9 d&rsquo;une <strong data-start=\"240\" data-end=\"263\">patte de vis de 2,5<\/strong>, con\u00e7ue pour offrir une connexion rapide, fiable et s\u00e9curis\u00e9e. Ce raccord permet une fixation facile tout en garantissant une \u00e9tanch\u00e9it\u00e9 optimale. La <strong data-start=\"414\" data-end=\"437\">patte de vis de 2,5<\/strong> permet de solidement fixer le raccord \u00e0 votre installation, assurant une stabilit\u00e9 et une durabilit\u00e9 accrues.<\/p>\n<p data-start=\"549\" data-end=\"815\">Id\u00e9al pour des applications n\u00e9cessitant des raccords rapides et pratiques, ce mod\u00e8le Quick Connect M47 avec patte de vis est parfait pour des environnements o\u00f9 la simplicit\u00e9 et la fiabilit\u00e9 sont primordiales, comme dans le nautisme, l&rsquo;industrie ou d&rsquo;autres secteurs.<\/p>\n<p data-start=\"817\" data-end=\"839\"><strong data-start=\"817\" data-end=\"839\">Caract\u00e9ristiques :<\/strong><\/p>\n<ul data-start=\"840\" data-end=\"1148\">\n<li data-start=\"840\" data-end=\"878\"><strong data-start=\"842\" data-end=\"852\">Type :<\/strong> Raccord Quick Connect M47<\/li>\n<li data-start=\"879\" data-end=\"906\"><strong data-start=\"881\" data-end=\"899\">Patte de vis :<\/strong> 2,5 mm<\/li>\n<li data-start=\"907\" data-end=\"1007\"><strong data-start=\"909\" data-end=\"924\">Avantages :<\/strong> Installation rapide, d\u00e9montage sans outils, connexion s\u00e9curis\u00e9e, \u00e9tanch\u00e9it\u00e9 fiable<\/li>\n<li data-start=\"1008\" data-end=\"1072\"><strong data-start=\"1010\" data-end=\"1024\">Mat\u00e9riau :<\/strong> Conception robuste pour une utilisation durable<\/li>\n<li data-start=\"1073\" data-end=\"1148\"><strong data-start=\"1075\" data-end=\"1092\">Utilisation :<\/strong> Fixation rapide et s\u00e9curis\u00e9e dans divers environnements<\/li>\n<\/ul>\n<p data-start=\"1150\" data-end=\"1306\">Ce raccord Quick Connect M47 avec patte de vis de 2,5 vous permettra de personnaliser et d&rsquo;optimiser vos syst\u00e8mes de raccords pour une performance optimale.<\/p>\n","protected":false},"excerpt":{"rendered":"<p>Simplifiez vos installations avec ce raccord Quick Connect M47 \u00e9quip\u00e9 d&rsquo;une patte de vis de 2,5, con\u00e7ue pour offrir une connexion rapide, fiable et s\u00e9curis\u00e9e. Ce raccord permet une fixation facile tout en garantissant une \u00e9tanch\u00e9it\u00e9 optimale. La patte de vis de 2,5 permet de solidement fixer le raccord \u00e0 votre installation, assurant une stabilit\u00e9&hellip;<\/p>\n","protected":false},"featured_media":1265,"template":"","meta":[],"product_brand":[],"product_cat":[52],"product_tag":[],"class_list":{"0":"post-1263","1":"product","2":"type-product","3":"status-publish","4":"has-post-thumbnail","6":"product_cat-autres-produits-declasses","7":"description-off","9":"first","10":"instock","11":"taxable","12":"shipping-taxable","13":"purchasable","14":"product-type-simple"},"_links":{"self":[{"href":"https:\/\/eboutique.zeppelin.fr\/index.php\/wp-json\/wp\/v2\/product\/1263","targetHints":{"allow":["GET"]}}],"collection":[{"href":"https:\/\/eboutique.zeppelin.fr\/index.php\/wp-json\/wp\/v2\/product"}],"about":[{"href":"https:\/\/eboutique.zeppelin.fr\/index.php\/wp-json\/wp\/v2\/types\/product"}],"wp:featuredmedia":[{"embeddable":true,"href":"https:\/\/eboutique.zeppelin.fr\/index.php\/wp-json\/wp\/v2\/media\/1265"}],"wp:attachment":[{"href":"https:\/\/eboutique.zeppelin.fr\/index.php\/wp-json\/wp\/v2\/media?parent=1263"}],"wp:term":[{"taxonomy":"product_brand","embeddable":true,"href":"https:\/\/eboutique.zeppelin.fr\/index.php\/wp-json\/wp\/v2\/product_brand?post=1263"},{"taxonomy":"product_cat","embeddable":true,"href":"https:\/\/eboutique.zeppelin.fr\/index.php\/wp-json\/wp\/v2\/product_cat?post=1263"},{"taxonomy":"product_tag","embeddable":true,"href":"https:\/\/eboutique.zeppelin.fr\/index.php\/wp-json\/wp\/v2\/product_tag?post=1263"}],"curies":[{"name":"wp","href":"https:\/\/api.w.org\/{rel}","templated":true}]}}