{"id":1257,"date":"2025-03-06T08:41:16","date_gmt":"2025-03-06T08:41:16","guid":{"rendered":"https:\/\/eboutique.zeppelin.fr\/?post_type=product&#038;p=1257"},"modified":"2025-03-06T08:41:17","modified_gmt":"2025-03-06T08:41:17","slug":"angle-de-remplissage-noir","status":"publish","type":"product","link":"https:\/\/eboutique.zeppelin.fr\/index.php\/produit\/angle-de-remplissage-noir\/","title":{"rendered":"ANGLE DE REMPLISSAGE NOIR"},"content":{"rendered":"<p data-start=\"169\" data-end=\"516\">Optimisez vos installations avec cet <strong data-start=\"206\" data-end=\"248\">angle de remplissage noir en polyester<\/strong>, sp\u00e9cialement con\u00e7u pour r\u00e9pondre aux besoins de diverses applications, notamment dans le domaine nautique ou les syst\u00e8mes de r\u00e9servoirs. Avec des dimensions de <strong data-start=\"410\" data-end=\"427\">20 cm x 16 cm<\/strong>, cet angle est id\u00e9al pour les raccordements n\u00e9cessitant un remplissage pr\u00e9cis et fiable.<\/p>\n<p data-start=\"518\" data-end=\"835\">L&rsquo;angle est <strong data-start=\"530\" data-end=\"560\">pr\u00e9form\u00e9 et reste \u00e0 percer<\/strong> selon vos besoins sp\u00e9cifiques. Fabriqu\u00e9 en <strong data-start=\"604\" data-end=\"634\">polyester de haute qualit\u00e9<\/strong>, il garantit une excellente r\u00e9sistance aux conditions ext\u00e9rieures et \u00e0 l&rsquo;humidit\u00e9. Sa couleur noire lui permet de s&rsquo;int\u00e9grer discr\u00e8tement dans des environnements o\u00f9 l&rsquo;esth\u00e9tique sombre est recherch\u00e9e.<\/p>\n<p data-start=\"837\" data-end=\"859\"><strong data-start=\"837\" data-end=\"859\">Caract\u00e9ristiques :<\/strong><\/p>\n<ul data-start=\"860\" data-end=\"1075\">\n<li data-start=\"860\" data-end=\"892\"><strong data-start=\"862\" data-end=\"878\">Dimensions :<\/strong> 20 cm x 16 cm<\/li>\n<li data-start=\"893\" data-end=\"936\"><strong data-start=\"895\" data-end=\"909\">Mat\u00e9riau :<\/strong> Polyester de haute qualit\u00e9<\/li>\n<li data-start=\"937\" data-end=\"957\"><strong data-start=\"939\" data-end=\"952\">Couleur :<\/strong> Noir<\/li>\n<li data-start=\"958\" data-end=\"995\"><strong data-start=\"960\" data-end=\"974\">Fonction :<\/strong> Angle de remplissage<\/li>\n<li data-start=\"996\" data-end=\"1075\"><strong data-start=\"998\" data-end=\"1012\">Remarque :<\/strong> Reste \u00e0 percer selon les besoins sp\u00e9cifiques de l&rsquo;installation<\/li>\n<\/ul>\n<p data-start=\"1077\" data-end=\"1242\"><strong data-start=\"1077\" data-end=\"1108\">Pour acheter le kit complet<\/strong>, il est n\u00e9cessaire d&rsquo;acheter \u00e9galement le <strong data-start=\"1151\" data-end=\"1170\">nable \u00e0 essence<\/strong> correspondant, afin de garantir une installation optimale et s\u00e9curis\u00e9e.<\/p>\n","protected":false},"excerpt":{"rendered":"<p>Optimisez vos installations avec cet angle de remplissage noir en polyester, sp\u00e9cialement con\u00e7u pour r\u00e9pondre aux besoins de diverses applications, notamment dans le domaine nautique ou les syst\u00e8mes de r\u00e9servoirs. Avec des dimensions de 20 cm x 16 cm, cet angle est id\u00e9al pour les raccordements n\u00e9cessitant un remplissage pr\u00e9cis et fiable. L&rsquo;angle est pr\u00e9form\u00e9&hellip;<\/p>\n","protected":false},"featured_media":1259,"template":"","meta":[],"product_brand":[],"product_cat":[53],"product_tag":[],"class_list":{"0":"post-1257","1":"product","2":"type-product","3":"status-publish","4":"has-post-thumbnail","6":"product_cat-equipements-produits-declasses","7":"description-off","9":"first","10":"instock","11":"taxable","12":"shipping-taxable","13":"purchasable","14":"product-type-simple"},"_links":{"self":[{"href":"https:\/\/eboutique.zeppelin.fr\/index.php\/wp-json\/wp\/v2\/product\/1257","targetHints":{"allow":["GET"]}}],"collection":[{"href":"https:\/\/eboutique.zeppelin.fr\/index.php\/wp-json\/wp\/v2\/product"}],"about":[{"href":"https:\/\/eboutique.zeppelin.fr\/index.php\/wp-json\/wp\/v2\/types\/product"}],"wp:featuredmedia":[{"embeddable":true,"href":"https:\/\/eboutique.zeppelin.fr\/index.php\/wp-json\/wp\/v2\/media\/1259"}],"wp:attachment":[{"href":"https:\/\/eboutique.zeppelin.fr\/index.php\/wp-json\/wp\/v2\/media?parent=1257"}],"wp:term":[{"taxonomy":"product_brand","embeddable":true,"href":"https:\/\/eboutique.zeppelin.fr\/index.php\/wp-json\/wp\/v2\/product_brand?post=1257"},{"taxonomy":"product_cat","embeddable":true,"href":"https:\/\/eboutique.zeppelin.fr\/index.php\/wp-json\/wp\/v2\/product_cat?post=1257"},{"taxonomy":"product_tag","embeddable":true,"href":"https:\/\/eboutique.zeppelin.fr\/index.php\/wp-json\/wp\/v2\/product_tag?post=1257"}],"curies":[{"name":"wp","href":"https:\/\/api.w.org\/{rel}","templated":true}]}}