{"id":1247,"date":"2025-03-06T08:31:50","date_gmt":"2025-03-06T08:31:50","guid":{"rendered":"https:\/\/eboutique.zeppelin.fr\/?post_type=product&#038;p=1247"},"modified":"2025-03-06T08:31:51","modified_gmt":"2025-03-06T08:31:51","slug":"anneau-de-sky","status":"publish","type":"product","link":"https:\/\/eboutique.zeppelin.fr\/index.php\/produit\/anneau-de-sky\/","title":{"rendered":"ANNEAU DE SKY"},"content":{"rendered":"<p data-start=\"190\" data-end=\"572\">Optimisez vos \u00e9quipements nautiques avec cet <strong data-start=\"235\" data-end=\"260\">anneau de sky en inox<\/strong>, un accessoire robuste et durable con\u00e7u pour r\u00e9sister aux conditions marines. Cet anneau est dot\u00e9 d&rsquo;une tige filet\u00e9e de 10 cm, permettant une fixation s\u00e9curis\u00e9e et facile \u00e0 divers supports. Le diam\u00e8tre de l&rsquo;anneau de 2 cm assure une utilisation polyvalente pour fixer des c\u00e2bles, cordages ou autres accessoires.<\/p>\n<p data-start=\"574\" data-end=\"745\">Fabriqu\u00e9 en inox de haute qualit\u00e9, cet anneau r\u00e9siste \u00e0 la corrosion et aux conditions climatiques s\u00e9v\u00e8res, garantissant une long\u00e9vit\u00e9 exceptionnelle m\u00eame en milieu marin.<\/p>\n<p data-start=\"747\" data-end=\"769\"><strong data-start=\"747\" data-end=\"769\">Caract\u00e9ristiques :<\/strong><\/p>\n<ul data-start=\"770\" data-end=\"1018\">\n<li data-start=\"770\" data-end=\"811\"><strong data-start=\"772\" data-end=\"805\">Longueur de la tige filet\u00e9e :<\/strong> 10 cm<\/li>\n<li data-start=\"812\" data-end=\"845\"><strong data-start=\"814\" data-end=\"840\">Diam\u00e8tre de l&rsquo;anneau :<\/strong> 2 cm<\/li>\n<li data-start=\"846\" data-end=\"884\"><strong data-start=\"848\" data-end=\"862\">Mat\u00e9riau :<\/strong> Inox de haute qualit\u00e9<\/li>\n<li data-start=\"885\" data-end=\"937\"><strong data-start=\"887\" data-end=\"904\">Utilisation :<\/strong> Fixation d&rsquo;\u00e9quipements nautiques<\/li>\n<li data-start=\"938\" data-end=\"1018\"><strong data-start=\"940\" data-end=\"955\">Avantages :<\/strong> R\u00e9sistant \u00e0 la corrosion, robuste, durable, facile \u00e0 installer<\/li>\n<\/ul>\n<p data-start=\"1020\" data-end=\"1204\">Id\u00e9al pour les applications nautiques, cet anneau de sky est parfait pour s\u00e9curiser les cordages, les c\u00e2bles ou pour \u00eatre utilis\u00e9 dans des configurations d&rsquo;attache robustes et fiables.<\/p>\n","protected":false},"excerpt":{"rendered":"<p>Optimisez vos \u00e9quipements nautiques avec cet anneau de sky en inox, un accessoire robuste et durable con\u00e7u pour r\u00e9sister aux conditions marines. Cet anneau est dot\u00e9 d&rsquo;une tige filet\u00e9e de 10 cm, permettant une fixation s\u00e9curis\u00e9e et facile \u00e0 divers supports. Le diam\u00e8tre de l&rsquo;anneau de 2 cm assure une utilisation polyvalente pour fixer des&hellip;<\/p>\n","protected":false},"featured_media":1249,"template":"","meta":[],"product_brand":[],"product_cat":[47],"product_tag":[],"class_list":{"0":"post-1247","1":"product","2":"type-product","3":"status-publish","4":"has-post-thumbnail","6":"product_cat-autres","7":"description-off","9":"first","10":"instock","11":"taxable","12":"shipping-taxable","13":"purchasable","14":"product-type-simple"},"_links":{"self":[{"href":"https:\/\/eboutique.zeppelin.fr\/index.php\/wp-json\/wp\/v2\/product\/1247","targetHints":{"allow":["GET"]}}],"collection":[{"href":"https:\/\/eboutique.zeppelin.fr\/index.php\/wp-json\/wp\/v2\/product"}],"about":[{"href":"https:\/\/eboutique.zeppelin.fr\/index.php\/wp-json\/wp\/v2\/types\/product"}],"wp:featuredmedia":[{"embeddable":true,"href":"https:\/\/eboutique.zeppelin.fr\/index.php\/wp-json\/wp\/v2\/media\/1249"}],"wp:attachment":[{"href":"https:\/\/eboutique.zeppelin.fr\/index.php\/wp-json\/wp\/v2\/media?parent=1247"}],"wp:term":[{"taxonomy":"product_brand","embeddable":true,"href":"https:\/\/eboutique.zeppelin.fr\/index.php\/wp-json\/wp\/v2\/product_brand?post=1247"},{"taxonomy":"product_cat","embeddable":true,"href":"https:\/\/eboutique.zeppelin.fr\/index.php\/wp-json\/wp\/v2\/product_cat?post=1247"},{"taxonomy":"product_tag","embeddable":true,"href":"https:\/\/eboutique.zeppelin.fr\/index.php\/wp-json\/wp\/v2\/product_tag?post=1247"}],"curies":[{"name":"wp","href":"https:\/\/api.w.org\/{rel}","templated":true}]}}