{"id":1245,"date":"2025-03-06T08:16:23","date_gmt":"2025-03-06T08:16:23","guid":{"rendered":"https:\/\/eboutique.zeppelin.fr\/?post_type=product&#038;p=1245"},"modified":"2025-03-06T12:59:17","modified_gmt":"2025-03-06T12:59:17","slug":"cache-ecrou-blanc-diametre-10","status":"publish","type":"product","link":"https:\/\/eboutique.zeppelin.fr\/index.php\/produit\/cache-ecrou-blanc-diametre-10\/","title":{"rendered":"CACHE ECROU BLANC DIAMETRE 10"},"content":{"rendered":"<p data-start=\"148\" data-end=\"448\">Offrez \u00e0 vos installations un fini soign\u00e9 et prot\u00e9g\u00e9 avec notre cache \u00e9crou en nylon blanc de 10 mm. Con\u00e7u pour s\u2019adapter parfaitement aux \u00e9crous de cette taille, ce cache permet de couvrir les \u00e9crous et les vis, offrant ainsi une protection contre la poussi\u00e8re, l&rsquo;humidit\u00e9 et les dommages externes.<\/p>\n<p data-start=\"450\" data-end=\"759\">Fabriqu\u00e9 en nylon de haute qualit\u00e9, il combine robustesse et l\u00e9g\u00e8ret\u00e9, tout en \u00e9tant r\u00e9sistant \u00e0 l\u2019usure et aux conditions climatiques vari\u00e9es. Sa couleur blanche apporte une touche esth\u00e9tique propre et discr\u00e8te \u00e0 vos assemblages, tout en permettant une identification facile dans des environnements lumineux.<\/p>\n<p data-start=\"761\" data-end=\"783\"><strong data-start=\"761\" data-end=\"783\">Caract\u00e9ristiques :<\/strong><\/p>\n<ul data-start=\"784\" data-end=\"980\">\n<li data-start=\"784\" data-end=\"806\"><strong data-start=\"786\" data-end=\"800\">Diam\u00e8tre :<\/strong> 10 mm<\/li>\n<li data-start=\"807\" data-end=\"846\"><strong data-start=\"809\" data-end=\"823\">Mat\u00e9riau :<\/strong> Nylon de haute qualit\u00e9<\/li>\n<li data-start=\"847\" data-end=\"868\"><strong data-start=\"849\" data-end=\"862\">Couleur :<\/strong> Blanc<\/li>\n<li data-start=\"869\" data-end=\"915\"><strong data-start=\"871\" data-end=\"888\">Utilisation :<\/strong> Protection d&rsquo;\u00e9crous et vis<\/li>\n<li data-start=\"916\" data-end=\"980\"><strong data-start=\"918\" data-end=\"933\">Avantages :<\/strong> R\u00e9sistant, l\u00e9ger, durable, finition esth\u00e9tique<\/li>\n<\/ul>\n<p data-start=\"982\" data-end=\"1114\">Id\u00e9al pour des applications dans le domaine nautique, garantissant une protection optimale dans des environnements marins exigeants.<\/p>\n","protected":false},"excerpt":{"rendered":"<p>Offrez \u00e0 vos installations un fini soign\u00e9 et prot\u00e9g\u00e9 avec notre cache \u00e9crou en nylon blanc de 10 mm. Con\u00e7u pour s\u2019adapter parfaitement aux \u00e9crous de cette taille, ce cache permet de couvrir les \u00e9crous et les vis, offrant ainsi une protection contre la poussi\u00e8re, l&rsquo;humidit\u00e9 et les dommages externes. Fabriqu\u00e9 en nylon de haute&hellip;<\/p>\n","protected":false},"featured_media":1246,"template":"","meta":[],"product_brand":[],"product_cat":[54],"product_tag":[],"class_list":{"0":"post-1245","1":"product","2":"type-product","3":"status-publish","4":"has-post-thumbnail","6":"product_cat-cache-ecrou","7":"description-off","9":"first","10":"instock","11":"taxable","12":"shipping-taxable","13":"purchasable","14":"product-type-simple"},"_links":{"self":[{"href":"https:\/\/eboutique.zeppelin.fr\/index.php\/wp-json\/wp\/v2\/product\/1245","targetHints":{"allow":["GET"]}}],"collection":[{"href":"https:\/\/eboutique.zeppelin.fr\/index.php\/wp-json\/wp\/v2\/product"}],"about":[{"href":"https:\/\/eboutique.zeppelin.fr\/index.php\/wp-json\/wp\/v2\/types\/product"}],"wp:featuredmedia":[{"embeddable":true,"href":"https:\/\/eboutique.zeppelin.fr\/index.php\/wp-json\/wp\/v2\/media\/1246"}],"wp:attachment":[{"href":"https:\/\/eboutique.zeppelin.fr\/index.php\/wp-json\/wp\/v2\/media?parent=1245"}],"wp:term":[{"taxonomy":"product_brand","embeddable":true,"href":"https:\/\/eboutique.zeppelin.fr\/index.php\/wp-json\/wp\/v2\/product_brand?post=1245"},{"taxonomy":"product_cat","embeddable":true,"href":"https:\/\/eboutique.zeppelin.fr\/index.php\/wp-json\/wp\/v2\/product_cat?post=1245"},{"taxonomy":"product_tag","embeddable":true,"href":"https:\/\/eboutique.zeppelin.fr\/index.php\/wp-json\/wp\/v2\/product_tag?post=1245"}],"curies":[{"name":"wp","href":"https:\/\/api.w.org\/{rel}","templated":true}]}}