{"id":1241,"date":"2025-03-05T15:58:18","date_gmt":"2025-03-05T15:58:18","guid":{"rendered":"https:\/\/eboutique.zeppelin.fr\/?post_type=product&#038;p=1241"},"modified":"2025-03-21T08:52:14","modified_gmt":"2025-03-21T08:52:14","slug":"cache-ecrou-blanc-diametre-8","status":"publish","type":"product","link":"https:\/\/eboutique.zeppelin.fr\/index.php\/produit\/cache-ecrou-blanc-diametre-8\/","title":{"rendered":"CACHE ECROU BLANC DIAMETRE 8"},"content":{"rendered":"<p data-start=\"79\" data-end=\"378\">Apportez une touche de propret\u00e9 et de protection \u00e0 vos \u00e9crous avec ce cache \u00e9crou blanc en plastique, con\u00e7u pour les \u00e9crous de diam\u00e8tre 8 mm. Id\u00e9al pour les installations n\u00e9cessitant une finition esth\u00e9tique propre, ce cache est aussi efficace pour prot\u00e9ger vos \u00e9crous contre les \u00e9l\u00e9ments ext\u00e9rieurs.<\/p>\n<p data-start=\"380\" data-end=\"402\"><strong data-start=\"380\" data-end=\"402\">Caract\u00e9ristiques :<\/strong><\/p>\n<ul data-start=\"403\" data-end=\"727\">\n<li data-start=\"403\" data-end=\"424\"><strong data-start=\"405\" data-end=\"417\">Diam\u00e8tre<\/strong> : 8 mm<\/li>\n<li data-start=\"425\" data-end=\"446\"><strong data-start=\"427\" data-end=\"438\">Couleur<\/strong> : Blanc<\/li>\n<li data-start=\"447\" data-end=\"539\"><strong data-start=\"449\" data-end=\"461\">Mat\u00e9riau<\/strong> : Plastique de haute qualit\u00e9, durable et r\u00e9sistant aux conditions climatiques<\/li>\n<li data-start=\"540\" data-end=\"666\"><strong data-start=\"542\" data-end=\"557\">Utilisation<\/strong> : Prot\u00e8ge les \u00e9crous de la rouille, de la salet\u00e9 et des dommages externes tout en offrant une finition nette<\/li>\n<li data-start=\"667\" data-end=\"727\" data-is-only-node=\"\"><strong data-start=\"669\" data-end=\"685\">Installation<\/strong> : Facile \u00e0 poser, sans outils n\u00e9cessaires<\/li>\n<\/ul>\n<p data-start=\"729\" data-end=\"907\" data-is-last-node=\"\" data-is-only-node=\"\">Ce cache \u00e9crou blanc est parfait pour des applications marines, automobiles ou domestiques, offrant \u00e0 la fois une protection fiable et une esth\u00e9tique soign\u00e9e \u00e0 vos installations.<\/p>\n","protected":false},"excerpt":{"rendered":"<p>Apportez une touche de propret\u00e9 et de protection \u00e0 vos \u00e9crous avec ce cache \u00e9crou blanc en plastique, con\u00e7u pour les \u00e9crous de diam\u00e8tre 8 mm. Id\u00e9al pour les installations n\u00e9cessitant une finition esth\u00e9tique propre, ce cache est aussi efficace pour prot\u00e9ger vos \u00e9crous contre les \u00e9l\u00e9ments ext\u00e9rieurs. Caract\u00e9ristiques : Diam\u00e8tre : 8 mm Couleur&hellip;<\/p>\n","protected":false},"featured_media":1242,"template":"","meta":[],"product_brand":[],"product_cat":[54],"product_tag":[],"class_list":{"0":"post-1241","1":"product","2":"type-product","3":"status-publish","4":"has-post-thumbnail","6":"product_cat-cache-ecrou","7":"description-off","9":"first","10":"instock","11":"taxable","12":"shipping-taxable","13":"purchasable","14":"product-type-simple"},"_links":{"self":[{"href":"https:\/\/eboutique.zeppelin.fr\/index.php\/wp-json\/wp\/v2\/product\/1241","targetHints":{"allow":["GET"]}}],"collection":[{"href":"https:\/\/eboutique.zeppelin.fr\/index.php\/wp-json\/wp\/v2\/product"}],"about":[{"href":"https:\/\/eboutique.zeppelin.fr\/index.php\/wp-json\/wp\/v2\/types\/product"}],"wp:featuredmedia":[{"embeddable":true,"href":"https:\/\/eboutique.zeppelin.fr\/index.php\/wp-json\/wp\/v2\/media\/1242"}],"wp:attachment":[{"href":"https:\/\/eboutique.zeppelin.fr\/index.php\/wp-json\/wp\/v2\/media?parent=1241"}],"wp:term":[{"taxonomy":"product_brand","embeddable":true,"href":"https:\/\/eboutique.zeppelin.fr\/index.php\/wp-json\/wp\/v2\/product_brand?post=1241"},{"taxonomy":"product_cat","embeddable":true,"href":"https:\/\/eboutique.zeppelin.fr\/index.php\/wp-json\/wp\/v2\/product_cat?post=1241"},{"taxonomy":"product_tag","embeddable":true,"href":"https:\/\/eboutique.zeppelin.fr\/index.php\/wp-json\/wp\/v2\/product_tag?post=1241"}],"curies":[{"name":"wp","href":"https:\/\/api.w.org\/{rel}","templated":true}]}}