{"id":124,"date":"2021-03-25T13:21:15","date_gmt":"2021-03-25T13:21:15","guid":{"rendered":"https:\/\/eboutique.zeppelin.fr\/?post_type=product&#038;p=124"},"modified":"2025-09-10T07:14:14","modified_gmt":"2025-09-10T07:14:14","slug":"cle-valve-leafield","status":"publish","type":"product","link":"https:\/\/eboutique.zeppelin.fr\/index.php\/produit\/cle-valve-leafield\/","title":{"rendered":"CLE VALVE LEAFIELD"},"content":{"rendered":"<p>Optimisez l&rsquo;entretien et le serrage de vos valves Leafield avec cette cl\u00e9 en aluminium, sp\u00e9cialement con\u00e7ue pour les mod\u00e8les A6 et C7. L\u00e9g\u00e8re mais robuste, cette cl\u00e9 assure un ajustement parfait et un serrage s\u00e9curis\u00e9, prolongeant ainsi la dur\u00e9e de vie de vos valves.<\/p>\n","protected":false},"excerpt":{"rendered":"<p>Cette cl\u00e9 de serrage sert pour les 2 types de valves Leafield : A6 et C7.<\/p>\n","protected":false},"featured_media":980,"template":"","meta":[],"product_brand":[],"product_cat":[16,24],"product_tag":[],"class_list":{"0":"post-124","1":"product","2":"type-product","3":"status-publish","4":"has-post-thumbnail","6":"product_cat-accessoires-flotteurs","7":"product_cat-valves","8":"description-off","10":"first","11":"instock","12":"taxable","13":"shipping-taxable","14":"purchasable","15":"product-type-simple"},"_links":{"self":[{"href":"https:\/\/eboutique.zeppelin.fr\/index.php\/wp-json\/wp\/v2\/product\/124","targetHints":{"allow":["GET"]}}],"collection":[{"href":"https:\/\/eboutique.zeppelin.fr\/index.php\/wp-json\/wp\/v2\/product"}],"about":[{"href":"https:\/\/eboutique.zeppelin.fr\/index.php\/wp-json\/wp\/v2\/types\/product"}],"wp:featuredmedia":[{"embeddable":true,"href":"https:\/\/eboutique.zeppelin.fr\/index.php\/wp-json\/wp\/v2\/media\/980"}],"wp:attachment":[{"href":"https:\/\/eboutique.zeppelin.fr\/index.php\/wp-json\/wp\/v2\/media?parent=124"}],"wp:term":[{"taxonomy":"product_brand","embeddable":true,"href":"https:\/\/eboutique.zeppelin.fr\/index.php\/wp-json\/wp\/v2\/product_brand?post=124"},{"taxonomy":"product_cat","embeddable":true,"href":"https:\/\/eboutique.zeppelin.fr\/index.php\/wp-json\/wp\/v2\/product_cat?post=124"},{"taxonomy":"product_tag","embeddable":true,"href":"https:\/\/eboutique.zeppelin.fr\/index.php\/wp-json\/wp\/v2\/product_tag?post=124"}],"curies":[{"name":"wp","href":"https:\/\/api.w.org\/{rel}","templated":true}]}}