{"id":1239,"date":"2025-03-05T15:37:40","date_gmt":"2025-03-05T15:37:40","guid":{"rendered":"https:\/\/eboutique.zeppelin.fr\/?post_type=product&#038;p=1239"},"modified":"2025-03-21T08:52:19","modified_gmt":"2025-03-21T08:52:19","slug":"cache-ecrou-diametre-8","status":"publish","type":"product","link":"https:\/\/eboutique.zeppelin.fr\/index.php\/produit\/cache-ecrou-diametre-8\/","title":{"rendered":"CACHE ECROU NOIR DIAMETRE 8"},"content":{"rendered":"<div class=\"flex max-w-full flex-col flex-grow\">\n<div class=\"min-h-8 text-message relative flex w-full flex-col items-end gap-2 whitespace-normal break-words text-start [.text-message+&amp;]:mt-5\" dir=\"auto\" data-message-author-role=\"assistant\" data-message-id=\"9a926a7d-5486-48ea-9294-1dee9e4f68f4\" data-message-model-slug=\"gpt-4o-mini\">\n<div class=\"flex w-full flex-col gap-1 empty:hidden first:pt-[3px]\">\n<div class=\"markdown prose w-full break-words dark:prose-invert light\">\n<p data-start=\"78\" data-end=\"357\">Apportez une finition soign\u00e9e et une protection suppl\u00e9mentaire \u00e0 vos \u00e9crous avec ce cache \u00e9crou noir en plastique, con\u00e7u pour s&rsquo;adapter aux \u00e9crous de diam\u00e8tre 8 mm. Ce cache est id\u00e9al pour prot\u00e9ger vos \u00e9crous des intemp\u00e9ries et leur donner une apparence nette et professionnelle.<\/p>\n<p data-start=\"359\" data-end=\"381\"><strong data-start=\"359\" data-end=\"381\">Caract\u00e9ristiques :<\/strong><\/p>\n<ul data-start=\"382\" data-end=\"718\">\n<li data-start=\"382\" data-end=\"403\"><strong data-start=\"384\" data-end=\"396\">Diam\u00e8tre<\/strong> : 8 mm<\/li>\n<li data-start=\"404\" data-end=\"424\"><strong data-start=\"406\" data-end=\"417\">Couleur<\/strong> : Noir<\/li>\n<li data-start=\"425\" data-end=\"510\"><strong data-start=\"427\" data-end=\"439\">Mat\u00e9riau<\/strong> : Plastique durable, r\u00e9sistant aux conditions ext\u00e9rieures et \u00e0 l&rsquo;usure<\/li>\n<li data-start=\"511\" data-end=\"635\"><strong data-start=\"513\" data-end=\"528\">Utilisation<\/strong> : Prot\u00e8ge les \u00e9crous de la rouille, de la salet\u00e9 et des dommages ext\u00e9rieurs tout en offrant un look soign\u00e9<\/li>\n<li data-start=\"636\" data-end=\"718\" data-is-only-node=\"\"><strong data-start=\"638\" data-end=\"665\">Facilit\u00e9 d&rsquo;installation<\/strong> : Montage simple et rapide, sans n\u00e9cessiter d&rsquo;outils<\/li>\n<\/ul>\n<p data-start=\"720\" data-end=\"882\" data-is-last-node=\"\" data-is-only-node=\"\">Que ce soit pour une utilisation marine, automobile ou domestique, ce cache \u00e9crou en plastique est la solution id\u00e9ale pour une finition propre et professionnelle.<\/p>\n<\/div>\n<\/div>\n<\/div>\n<\/div>\n<div class=\"mb-2 flex gap-3 -ml-2\" tabindex=\"0\">\n<div class=\"items-center justify-start rounded-xl p-1 flex\">\n<div class=\"flex items-center\"><\/div>\n<\/div>\n<\/div>\n","protected":false},"excerpt":{"rendered":"<p>Apportez une finition soign\u00e9e et une protection suppl\u00e9mentaire \u00e0 vos \u00e9crous avec ce cache \u00e9crou noir en plastique, con\u00e7u pour s&rsquo;adapter aux \u00e9crous de diam\u00e8tre 8 mm. Ce cache est id\u00e9al pour prot\u00e9ger vos \u00e9crous des intemp\u00e9ries et leur donner une apparence nette et professionnelle. Caract\u00e9ristiques : Diam\u00e8tre : 8 mm Couleur : Noir Mat\u00e9riau&hellip;<\/p>\n","protected":false},"featured_media":1240,"template":"","meta":[],"product_brand":[],"product_cat":[54],"product_tag":[],"class_list":{"0":"post-1239","1":"product","2":"type-product","3":"status-publish","4":"has-post-thumbnail","6":"product_cat-cache-ecrou","7":"description-off","9":"first","10":"instock","11":"taxable","12":"shipping-taxable","13":"purchasable","14":"product-type-simple"},"_links":{"self":[{"href":"https:\/\/eboutique.zeppelin.fr\/index.php\/wp-json\/wp\/v2\/product\/1239","targetHints":{"allow":["GET"]}}],"collection":[{"href":"https:\/\/eboutique.zeppelin.fr\/index.php\/wp-json\/wp\/v2\/product"}],"about":[{"href":"https:\/\/eboutique.zeppelin.fr\/index.php\/wp-json\/wp\/v2\/types\/product"}],"wp:featuredmedia":[{"embeddable":true,"href":"https:\/\/eboutique.zeppelin.fr\/index.php\/wp-json\/wp\/v2\/media\/1240"}],"wp:attachment":[{"href":"https:\/\/eboutique.zeppelin.fr\/index.php\/wp-json\/wp\/v2\/media?parent=1239"}],"wp:term":[{"taxonomy":"product_brand","embeddable":true,"href":"https:\/\/eboutique.zeppelin.fr\/index.php\/wp-json\/wp\/v2\/product_brand?post=1239"},{"taxonomy":"product_cat","embeddable":true,"href":"https:\/\/eboutique.zeppelin.fr\/index.php\/wp-json\/wp\/v2\/product_cat?post=1239"},{"taxonomy":"product_tag","embeddable":true,"href":"https:\/\/eboutique.zeppelin.fr\/index.php\/wp-json\/wp\/v2\/product_tag?post=1239"}],"curies":[{"name":"wp","href":"https:\/\/api.w.org\/{rel}","templated":true}]}}