{"id":1237,"date":"2025-03-05T15:32:48","date_gmt":"2025-03-05T15:32:48","guid":{"rendered":"https:\/\/eboutique.zeppelin.fr\/?post_type=product&#038;p=1237"},"modified":"2025-03-06T12:59:53","modified_gmt":"2025-03-06T12:59:53","slug":"cache-ecrou-diametre-6","status":"publish","type":"product","link":"https:\/\/eboutique.zeppelin.fr\/index.php\/produit\/cache-ecrou-diametre-6\/","title":{"rendered":"CACHE \u00c9CROU NOIR DIAM\u00c8TRE 6"},"content":{"rendered":"<p data-start=\"78\" data-end=\"314\">Offrez \u00e0 vos \u00e9crous une finition propre et \u00e9l\u00e9gante avec ce cache \u00e9crou noir en plastique, con\u00e7u pour s&rsquo;adapter aux \u00e9crous de diam\u00e8tre 6 mm. Ce cache est id\u00e9al pour prot\u00e9ger vos \u00e9crous tout en leur donnant une touche esth\u00e9tique soign\u00e9e.<\/p>\n<p data-start=\"316\" data-end=\"338\"><strong data-start=\"316\" data-end=\"338\">Caract\u00e9ristiques :<\/strong><\/p>\n<ul data-start=\"339\" data-end=\"633\">\n<li data-start=\"339\" data-end=\"360\"><strong data-start=\"341\" data-end=\"353\">Diam\u00e8tre<\/strong> : 6 mm<\/li>\n<li data-start=\"361\" data-end=\"381\"><strong data-start=\"363\" data-end=\"374\">Couleur<\/strong> : Noir<\/li>\n<li data-start=\"382\" data-end=\"468\"><strong data-start=\"384\" data-end=\"396\">Mat\u00e9riau<\/strong> : Plastique de qualit\u00e9 sup\u00e9rieure, durable et r\u00e9sistant aux intemp\u00e9ries<\/li>\n<li data-start=\"469\" data-end=\"571\"><strong data-start=\"471\" data-end=\"486\">Utilisation<\/strong> : Couvre et prot\u00e8ge les \u00e9crous contre la rouille, la salet\u00e9 et les dommages externes<\/li>\n<li data-start=\"572\" data-end=\"633\" data-is-only-node=\"\"><strong data-start=\"574\" data-end=\"590\">Installation<\/strong> : Facile \u00e0 installer, sans besoin d&rsquo;outils<\/li>\n<\/ul>\n<p data-start=\"635\" data-end=\"812\" data-is-last-node=\"\" data-is-only-node=\"\">Ce cache \u00e9crou en plastique est parfait pour les applications marines, automobiles ou autres, offrant \u00e0 la fois une protection efficace et un look soign\u00e9 pour vos installations.<\/p>\n","protected":false},"excerpt":{"rendered":"<p>Offrez \u00e0 vos \u00e9crous une finition propre et \u00e9l\u00e9gante avec ce cache \u00e9crou noir en plastique, con\u00e7u pour s&rsquo;adapter aux \u00e9crous de diam\u00e8tre 6 mm. Ce cache est id\u00e9al pour prot\u00e9ger vos \u00e9crous tout en leur donnant une touche esth\u00e9tique soign\u00e9e. Caract\u00e9ristiques : Diam\u00e8tre : 6 mm Couleur : Noir Mat\u00e9riau : Plastique de qualit\u00e9&hellip;<\/p>\n","protected":false},"featured_media":1238,"template":"","meta":[],"product_brand":[],"product_cat":[54],"product_tag":[],"class_list":{"0":"post-1237","1":"product","2":"type-product","3":"status-publish","4":"has-post-thumbnail","6":"product_cat-cache-ecrou","7":"description-off","9":"first","10":"instock","11":"taxable","12":"shipping-taxable","13":"purchasable","14":"product-type-simple"},"_links":{"self":[{"href":"https:\/\/eboutique.zeppelin.fr\/index.php\/wp-json\/wp\/v2\/product\/1237","targetHints":{"allow":["GET"]}}],"collection":[{"href":"https:\/\/eboutique.zeppelin.fr\/index.php\/wp-json\/wp\/v2\/product"}],"about":[{"href":"https:\/\/eboutique.zeppelin.fr\/index.php\/wp-json\/wp\/v2\/types\/product"}],"wp:featuredmedia":[{"embeddable":true,"href":"https:\/\/eboutique.zeppelin.fr\/index.php\/wp-json\/wp\/v2\/media\/1238"}],"wp:attachment":[{"href":"https:\/\/eboutique.zeppelin.fr\/index.php\/wp-json\/wp\/v2\/media?parent=1237"}],"wp:term":[{"taxonomy":"product_brand","embeddable":true,"href":"https:\/\/eboutique.zeppelin.fr\/index.php\/wp-json\/wp\/v2\/product_brand?post=1237"},{"taxonomy":"product_cat","embeddable":true,"href":"https:\/\/eboutique.zeppelin.fr\/index.php\/wp-json\/wp\/v2\/product_cat?post=1237"},{"taxonomy":"product_tag","embeddable":true,"href":"https:\/\/eboutique.zeppelin.fr\/index.php\/wp-json\/wp\/v2\/product_tag?post=1237"}],"curies":[{"name":"wp","href":"https:\/\/api.w.org\/{rel}","templated":true}]}}