{"id":1231,"date":"2025-03-05T14:17:28","date_gmt":"2025-03-05T14:17:28","guid":{"rendered":"https:\/\/eboutique.zeppelin.fr\/?post_type=product&#038;p=1231"},"modified":"2025-03-05T14:17:28","modified_gmt":"2025-03-05T14:17:28","slug":"sellerie-dossier-jockey-noir-en-simili-cuire","status":"publish","type":"product","link":"https:\/\/eboutique.zeppelin.fr\/index.php\/produit\/sellerie-dossier-jockey-noir-en-simili-cuire\/","title":{"rendered":"SELLERIE DOSSIER JOCKEY NOIR EN SIMILI CUIRE"},"content":{"rendered":"<p data-start=\"112\" data-end=\"375\">Apportez confort et style \u00e0 votre bateau avec cette sellerie de dossier de haute qualit\u00e9, sp\u00e9cialement con\u00e7ue pour les si\u00e8ges jockey. Fabriqu\u00e9e en simili cuir noir, elle offre un aspect \u00e9l\u00e9gant et une r\u00e9sistance accrue aux intemp\u00e9ries, id\u00e9ale pour un usage marin.<\/p>\n<p data-start=\"377\" data-end=\"399\"><strong data-start=\"377\" data-end=\"399\">Caract\u00e9ristiques :<\/strong><\/p>\n<ul data-start=\"400\" data-end=\"822\">\n<li data-start=\"400\" data-end=\"470\"><strong data-start=\"402\" data-end=\"416\">Dimensions<\/strong> : 53 cm (longueur) x 20 cm (largeur) x 9 cm (hauteur)<\/li>\n<li data-start=\"471\" data-end=\"491\"><strong data-start=\"473\" data-end=\"484\">Couleur<\/strong> : Noir<\/li>\n<li data-start=\"492\" data-end=\"571\"><strong data-start=\"494\" data-end=\"506\">Mat\u00e9riau<\/strong> : Simili cuir de haute qualit\u00e9, facile \u00e0 entretenir et r\u00e9sistant<\/li>\n<li data-start=\"572\" data-end=\"638\"><strong data-start=\"574\" data-end=\"585\">Confort<\/strong> : Design ergonomique pour un maintien optimal du dos<\/li>\n<li data-start=\"639\" data-end=\"732\" data-is-only-node=\"\"><strong data-start=\"641\" data-end=\"657\">Adaptabilit\u00e9<\/strong> : Compatible avec les si\u00e8ges jockey pour une installation facile et rapide<\/li>\n<li data-start=\"733\" data-end=\"822\"><strong data-start=\"735\" data-end=\"750\">Utilisation<\/strong> : Id\u00e9ale pour une utilisation en mer, sur des bateaux de toutes tailles<\/li>\n<\/ul>\n<p data-start=\"824\" data-end=\"1141\" data-is-last-node=\"\" data-is-only-node=\"\">Cette sellerie de dossier combine confort, durabilit\u00e9 et design moderne, vous offrant ainsi une exp\u00e9rience agr\u00e9able \u00e0 bord. Son rev\u00eatement en simili cuir est r\u00e9sistant aux \u00e9claboussures et au soleil, garantissant ainsi une longue dur\u00e9e de vie. Profitez de chaque instant en mer avec ce produit pratique et esth\u00e9tique.<\/p>\n","protected":false},"excerpt":{"rendered":"<p>Apportez confort et style \u00e0 votre bateau avec cette sellerie de dossier de haute qualit\u00e9, sp\u00e9cialement con\u00e7ue pour les si\u00e8ges jockey. Fabriqu\u00e9e en simili cuir noir, elle offre un aspect \u00e9l\u00e9gant et une r\u00e9sistance accrue aux intemp\u00e9ries, id\u00e9ale pour un usage marin. Caract\u00e9ristiques : Dimensions : 53 cm (longueur) x 20 cm (largeur) x 9&hellip;<\/p>\n","protected":false},"featured_media":1232,"template":"","meta":[],"product_brand":[],"product_cat":[45],"product_tag":[],"class_list":{"0":"post-1231","1":"product","2":"type-product","3":"status-publish","4":"has-post-thumbnail","6":"product_cat-selleries","7":"description-off","9":"first","10":"instock","11":"taxable","12":"shipping-taxable","13":"purchasable","14":"product-type-simple"},"_links":{"self":[{"href":"https:\/\/eboutique.zeppelin.fr\/index.php\/wp-json\/wp\/v2\/product\/1231","targetHints":{"allow":["GET"]}}],"collection":[{"href":"https:\/\/eboutique.zeppelin.fr\/index.php\/wp-json\/wp\/v2\/product"}],"about":[{"href":"https:\/\/eboutique.zeppelin.fr\/index.php\/wp-json\/wp\/v2\/types\/product"}],"wp:featuredmedia":[{"embeddable":true,"href":"https:\/\/eboutique.zeppelin.fr\/index.php\/wp-json\/wp\/v2\/media\/1232"}],"wp:attachment":[{"href":"https:\/\/eboutique.zeppelin.fr\/index.php\/wp-json\/wp\/v2\/media?parent=1231"}],"wp:term":[{"taxonomy":"product_brand","embeddable":true,"href":"https:\/\/eboutique.zeppelin.fr\/index.php\/wp-json\/wp\/v2\/product_brand?post=1231"},{"taxonomy":"product_cat","embeddable":true,"href":"https:\/\/eboutique.zeppelin.fr\/index.php\/wp-json\/wp\/v2\/product_cat?post=1231"},{"taxonomy":"product_tag","embeddable":true,"href":"https:\/\/eboutique.zeppelin.fr\/index.php\/wp-json\/wp\/v2\/product_tag?post=1231"}],"curies":[{"name":"wp","href":"https:\/\/api.w.org\/{rel}","templated":true}]}}