{"id":122,"date":"2021-03-25T12:50:42","date_gmt":"2021-03-25T12:50:42","guid":{"rendered":"https:\/\/eboutique.zeppelin.fr\/?post_type=product&#038;p=122"},"modified":"2026-03-05T07:33:03","modified_gmt":"2026-03-05T07:33:03","slug":"valve-de-gonflage-ceredi","status":"publish","type":"product","link":"https:\/\/eboutique.zeppelin.fr\/index.php\/produit\/valve-de-gonflage-ceredi\/","title":{"rendered":"VALVE DE GONFLAGE CEREDI &#8211; mod\u00e8le n\u00b01 apr\u00e8s 2006"},"content":{"rendered":"<p>Optimisez le gonflage de vos flotteurs avec cette valve de qualit\u00e9 sup\u00e9rieure, sp\u00e9cialement con\u00e7ue pour une compatibilit\u00e9 parfaite avec les mod\u00e8les r\u00e9cents.<\/p>\n<h3>Caract\u00e9ristiques :<\/h3>\n<ul>\n<li><strong>Marque<\/strong> : Ceredi.<\/li>\n<li><strong>Usage<\/strong> : Valve de gonflage pour flotteur.<\/li>\n<li><strong>Dimensions<\/strong> : Diam\u00e8tre de la valve : 4,5 cm.<\/li>\n<li><strong>Compatibilit\u00e9<\/strong> : Convient aux flotteurs <strong>Zeppelin<\/strong> fabriqu\u00e9s apr\u00e8s 2006.<\/li>\n<\/ul>\n<p>Cette valve garantit une \u00e9tanch\u00e9it\u00e9 parfaite et une durabilit\u00e9 exceptionnelle, m\u00eame dans des conditions d&rsquo;utilisation intensives. Simple \u00e0 installer, elle est id\u00e9ale pour entretenir ou remplacer une pi\u00e8ce d\u00e9fectueuse sur votre flotteur.<\/p>\n<p>&nbsp;<\/p>\n","protected":false},"excerpt":{"rendered":"<p>Cette valve noire est utilis\u00e9e apr\u00e8s 2006.<\/p>\n<p>Il existe 2 mod\u00e8les de valves Ceredi. L&rsquo;int\u00e9rieur diff\u00e8re en fonction des mod\u00e8les (voir photos).<\/p>\n<p>&nbsp;<\/p>\n<p>&nbsp;<\/p>\n","protected":false},"featured_media":1022,"template":"","meta":[],"product_brand":[],"product_cat":[16,24],"product_tag":[],"class_list":{"0":"post-122","1":"product","2":"type-product","3":"status-publish","4":"has-post-thumbnail","6":"product_cat-accessoires-flotteurs","7":"product_cat-valves","8":"description-off","10":"first","11":"instock","12":"taxable","13":"shipping-taxable","14":"purchasable","15":"product-type-simple"},"_links":{"self":[{"href":"https:\/\/eboutique.zeppelin.fr\/index.php\/wp-json\/wp\/v2\/product\/122","targetHints":{"allow":["GET"]}}],"collection":[{"href":"https:\/\/eboutique.zeppelin.fr\/index.php\/wp-json\/wp\/v2\/product"}],"about":[{"href":"https:\/\/eboutique.zeppelin.fr\/index.php\/wp-json\/wp\/v2\/types\/product"}],"wp:featuredmedia":[{"embeddable":true,"href":"https:\/\/eboutique.zeppelin.fr\/index.php\/wp-json\/wp\/v2\/media\/1022"}],"wp:attachment":[{"href":"https:\/\/eboutique.zeppelin.fr\/index.php\/wp-json\/wp\/v2\/media?parent=122"}],"wp:term":[{"taxonomy":"product_brand","embeddable":true,"href":"https:\/\/eboutique.zeppelin.fr\/index.php\/wp-json\/wp\/v2\/product_brand?post=122"},{"taxonomy":"product_cat","embeddable":true,"href":"https:\/\/eboutique.zeppelin.fr\/index.php\/wp-json\/wp\/v2\/product_cat?post=122"},{"taxonomy":"product_tag","embeddable":true,"href":"https:\/\/eboutique.zeppelin.fr\/index.php\/wp-json\/wp\/v2\/product_tag?post=122"}],"curies":[{"name":"wp","href":"https:\/\/api.w.org\/{rel}","templated":true}]}}