{"id":1216,"date":"2025-02-28T13:13:04","date_gmt":"2025-02-28T13:13:04","guid":{"rendered":"https:\/\/eboutique.zeppelin.fr\/?post_type=product&#038;p=1216"},"modified":"2025-02-28T13:13:05","modified_gmt":"2025-02-28T13:13:05","slug":"sellerie-pour-console-c900s-simili-cuir-gris-fonce","status":"publish","type":"product","link":"https:\/\/eboutique.zeppelin.fr\/index.php\/produit\/sellerie-pour-console-c900s-simili-cuir-gris-fonce\/","title":{"rendered":"SELLERIE POUR CONSOLE C900S &#8211; SIMILI CUIR GRIS FONCE"},"content":{"rendered":"<p data-start=\"185\" data-end=\"473\"><strong data-start=\"185\" data-end=\"202\">Description :<\/strong><br data-start=\"202\" data-end=\"205\" \/>Cette sellerie, con\u00e7ue pour l&rsquo;avant des consoles C900S, offre un confort sup\u00e9rieur avec son rev\u00eatement en simili cuir gris fonc\u00e9. L&rsquo;assise et le dossier sont con\u00e7us pour r\u00e9sister aux conditions maritimes tout en ajoutant une touche moderne et \u00e9l\u00e9gante \u00e0 votre console.<\/p>\n<p data-start=\"475\" data-end=\"497\"><strong data-start=\"475\" data-end=\"497\">Caract\u00e9ristiques :<\/strong><\/p>\n<ul data-start=\"498\" data-end=\"807\">\n<li data-start=\"498\" data-end=\"542\"><strong data-start=\"500\" data-end=\"512\">Assise :<\/strong> 87 cm x 37 cm, \u00e9paisseur 6 cm<\/li>\n<li data-start=\"543\" data-end=\"588\"><strong data-start=\"545\" data-end=\"558\">Dossier :<\/strong> 70 cm x 21 cm, \u00e9paisseur 6 cm<\/li>\n<li data-start=\"589\" data-end=\"648\"><strong data-start=\"591\" data-end=\"605\">Mat\u00e9riau :<\/strong> Simili cuir durable et facile \u00e0 entretenir<\/li>\n<li data-start=\"649\" data-end=\"675\"><strong data-start=\"651\" data-end=\"664\">Couleur :<\/strong> Gris fonc\u00e9<\/li>\n<li data-start=\"676\" data-end=\"736\"><strong data-start=\"678\" data-end=\"691\">Confort :<\/strong> Mousse haute densit\u00e9 pour un soutien optimal<\/li>\n<li data-start=\"737\" data-end=\"807\"><strong data-start=\"739\" data-end=\"755\">Durabilit\u00e9 :<\/strong> R\u00e9siste aux \u00e9claboussures et aux conditions marines<\/li>\n<\/ul>\n<p data-start=\"809\" data-end=\"988\"><strong data-start=\"809\" data-end=\"824\">Avantages :<\/strong><br data-start=\"824\" data-end=\"827\" \/>Facile \u00e0 nettoyer, cette sellerie en simili cuir gris fonc\u00e9 apporte un design moderne et \u00e9l\u00e9gant tout en garantissant un confort durable pendant vos navigations.<\/p>\n","protected":false},"excerpt":{"rendered":"<p>Description :Cette sellerie, con\u00e7ue pour l&rsquo;avant des consoles C900S, offre un confort sup\u00e9rieur avec son rev\u00eatement en simili cuir gris fonc\u00e9. L&rsquo;assise et le dossier sont con\u00e7us pour r\u00e9sister aux conditions maritimes tout en ajoutant une touche moderne et \u00e9l\u00e9gante \u00e0 votre console. Caract\u00e9ristiques : Assise : 87 cm x 37 cm, \u00e9paisseur 6 cm&hellip;<\/p>\n","protected":false},"featured_media":1218,"template":"","meta":[],"product_brand":[],"product_cat":[45],"product_tag":[],"class_list":{"0":"post-1216","1":"product","2":"type-product","3":"status-publish","4":"has-post-thumbnail","6":"product_cat-selleries","7":"description-off","9":"first","10":"instock","11":"taxable","12":"shipping-taxable","13":"purchasable","14":"product-type-simple"},"_links":{"self":[{"href":"https:\/\/eboutique.zeppelin.fr\/index.php\/wp-json\/wp\/v2\/product\/1216","targetHints":{"allow":["GET"]}}],"collection":[{"href":"https:\/\/eboutique.zeppelin.fr\/index.php\/wp-json\/wp\/v2\/product"}],"about":[{"href":"https:\/\/eboutique.zeppelin.fr\/index.php\/wp-json\/wp\/v2\/types\/product"}],"wp:featuredmedia":[{"embeddable":true,"href":"https:\/\/eboutique.zeppelin.fr\/index.php\/wp-json\/wp\/v2\/media\/1218"}],"wp:attachment":[{"href":"https:\/\/eboutique.zeppelin.fr\/index.php\/wp-json\/wp\/v2\/media?parent=1216"}],"wp:term":[{"taxonomy":"product_brand","embeddable":true,"href":"https:\/\/eboutique.zeppelin.fr\/index.php\/wp-json\/wp\/v2\/product_brand?post=1216"},{"taxonomy":"product_cat","embeddable":true,"href":"https:\/\/eboutique.zeppelin.fr\/index.php\/wp-json\/wp\/v2\/product_cat?post=1216"},{"taxonomy":"product_tag","embeddable":true,"href":"https:\/\/eboutique.zeppelin.fr\/index.php\/wp-json\/wp\/v2\/product_tag?post=1216"}],"curies":[{"name":"wp","href":"https:\/\/api.w.org\/{rel}","templated":true}]}}