{"id":1213,"date":"2025-02-28T12:55:19","date_gmt":"2025-02-28T12:55:19","guid":{"rendered":"https:\/\/eboutique.zeppelin.fr\/?post_type=product&#038;p=1213"},"modified":"2025-02-28T12:55:19","modified_gmt":"2025-02-28T12:55:19","slug":"sellerie-pour-console-c900s-tissu-gris","status":"publish","type":"product","link":"https:\/\/eboutique.zeppelin.fr\/index.php\/produit\/sellerie-pour-console-c900s-tissu-gris\/","title":{"rendered":"SELLERIE POUR CONSOLE C900S &#8211; TISSU GRIS"},"content":{"rendered":"<p data-start=\"161\" data-end=\"433\"><strong data-start=\"161\" data-end=\"178\">Description :<\/strong><br data-start=\"178\" data-end=\"181\" \/>Cette sellerie, sp\u00e9cialement con\u00e7ue pour l&rsquo;avant des consoles C900S, offre un confort optimal avec son rev\u00eatement en tissu gris. L&rsquo;assise et le dossier sont fabriqu\u00e9s pour r\u00e9sister aux conditions maritimes tout en apportant un style \u00e9l\u00e9gant et moderne.<\/p>\n<p data-start=\"435\" data-end=\"457\"><strong data-start=\"435\" data-end=\"457\">Caract\u00e9ristiques :<\/strong><\/p>\n<ul data-start=\"458\" data-end=\"755\">\n<li data-start=\"458\" data-end=\"502\"><strong data-start=\"460\" data-end=\"472\">Assise :<\/strong> 87 cm x 37 cm, \u00e9paisseur 7 cm<\/li>\n<li data-start=\"503\" data-end=\"548\"><strong data-start=\"505\" data-end=\"518\">Dossier :<\/strong> 70 cm x 21 cm, \u00e9paisseur 7 cm<\/li>\n<li data-start=\"549\" data-end=\"602\"><strong data-start=\"551\" data-end=\"565\">Mat\u00e9riau :<\/strong> Tissu durable et facile \u00e0 entretenir<\/li>\n<li data-start=\"603\" data-end=\"623\"><strong data-start=\"605\" data-end=\"618\">Couleur :<\/strong> Gris<\/li>\n<li data-start=\"624\" data-end=\"684\"><strong data-start=\"626\" data-end=\"639\">Confort :<\/strong> Mousse haute densit\u00e9 pour un soutien optimal<\/li>\n<li data-start=\"685\" data-end=\"755\"><strong data-start=\"687\" data-end=\"703\">Durabilit\u00e9 :<\/strong> R\u00e9siste aux \u00e9claboussures et aux conditions marines<\/li>\n<\/ul>\n<p data-start=\"757\" data-end=\"939\"><strong data-start=\"757\" data-end=\"772\">Avantages :<\/strong><br data-start=\"772\" data-end=\"775\" \/>Facile \u00e0 entretenir, cette sellerie en tissu gris ajoute une touche moderne et raffin\u00e9e \u00e0 votre console tout en assurant un confort durable lors de vos navigations.<\/p>\n","protected":false},"excerpt":{"rendered":"<p>Description :Cette sellerie, sp\u00e9cialement con\u00e7ue pour l&rsquo;avant des consoles C900S, offre un confort optimal avec son rev\u00eatement en tissu gris. L&rsquo;assise et le dossier sont fabriqu\u00e9s pour r\u00e9sister aux conditions maritimes tout en apportant un style \u00e9l\u00e9gant et moderne. Caract\u00e9ristiques : Assise : 87 cm x 37 cm, \u00e9paisseur 7 cm Dossier : 70 cm&hellip;<\/p>\n","protected":false},"featured_media":1215,"template":"","meta":[],"product_brand":[],"product_cat":[45],"product_tag":[],"class_list":{"0":"post-1213","1":"product","2":"type-product","3":"status-publish","4":"has-post-thumbnail","6":"product_cat-selleries","7":"description-off","9":"first","10":"instock","11":"taxable","12":"shipping-taxable","13":"purchasable","14":"product-type-simple"},"_links":{"self":[{"href":"https:\/\/eboutique.zeppelin.fr\/index.php\/wp-json\/wp\/v2\/product\/1213","targetHints":{"allow":["GET"]}}],"collection":[{"href":"https:\/\/eboutique.zeppelin.fr\/index.php\/wp-json\/wp\/v2\/product"}],"about":[{"href":"https:\/\/eboutique.zeppelin.fr\/index.php\/wp-json\/wp\/v2\/types\/product"}],"wp:featuredmedia":[{"embeddable":true,"href":"https:\/\/eboutique.zeppelin.fr\/index.php\/wp-json\/wp\/v2\/media\/1215"}],"wp:attachment":[{"href":"https:\/\/eboutique.zeppelin.fr\/index.php\/wp-json\/wp\/v2\/media?parent=1213"}],"wp:term":[{"taxonomy":"product_brand","embeddable":true,"href":"https:\/\/eboutique.zeppelin.fr\/index.php\/wp-json\/wp\/v2\/product_brand?post=1213"},{"taxonomy":"product_cat","embeddable":true,"href":"https:\/\/eboutique.zeppelin.fr\/index.php\/wp-json\/wp\/v2\/product_cat?post=1213"},{"taxonomy":"product_tag","embeddable":true,"href":"https:\/\/eboutique.zeppelin.fr\/index.php\/wp-json\/wp\/v2\/product_tag?post=1213"}],"curies":[{"name":"wp","href":"https:\/\/api.w.org\/{rel}","templated":true}]}}