{"id":1210,"date":"2025-02-28T11:28:05","date_gmt":"2025-02-28T11:28:05","guid":{"rendered":"https:\/\/eboutique.zeppelin.fr\/?post_type=product&#038;p=1210"},"modified":"2026-02-28T08:15:28","modified_gmt":"2026-02-28T08:15:28","slug":"sellerie-pour-console-c900s-noir-simili-cuir","status":"publish","type":"product","link":"https:\/\/eboutique.zeppelin.fr\/index.php\/produit\/sellerie-pour-console-c900s-noir-simili-cuir\/","title":{"rendered":"SELLERIE POUR CONSOLE C900S &#8211; NOIR &#8211; SIMILI CUIR"},"content":{"rendered":"<p data-start=\"161\" data-end=\"464\"><strong data-start=\"161\" data-end=\"178\">Description :<\/strong><br data-start=\"178\" data-end=\"181\" \/>Cette sellerie, sp\u00e9cialement con\u00e7ue pour l&rsquo;avant des consoles C900S, combine confort et style avec son rev\u00eatement en simili cuir noir. L&rsquo;assise et le dossier sont con\u00e7us pour offrir un soutien optimal tout en \u00e9tant faciles \u00e0 entretenir, parfaitement adapt\u00e9s aux conditions maritimes.<\/p>\n<p data-start=\"466\" data-end=\"488\"><strong data-start=\"466\" data-end=\"488\">Caract\u00e9ristiques :<\/strong><\/p>\n<ul data-start=\"489\" data-end=\"796\">\n<li data-start=\"489\" data-end=\"533\"><strong data-start=\"491\" data-end=\"503\">Assise :<\/strong> 87 cm x 37 cm, \u00e9paisseur 4 cm<\/li>\n<li data-start=\"534\" data-end=\"579\"><strong data-start=\"536\" data-end=\"549\">Dossier :<\/strong> 70 cm x 21 cm, \u00e9paisseur 4 cm<\/li>\n<li data-start=\"580\" data-end=\"639\"><strong data-start=\"582\" data-end=\"596\">Mat\u00e9riau :<\/strong> Simili cuir durable et facile \u00e0 entretenir<\/li>\n<li data-start=\"640\" data-end=\"660\"><strong data-start=\"642\" data-end=\"655\">Couleur :<\/strong> Noir<\/li>\n<li data-start=\"661\" data-end=\"725\"><strong data-start=\"663\" data-end=\"676\">Confort :<\/strong> Mousse haute densit\u00e9 pour un soutien confortable<\/li>\n<li data-start=\"726\" data-end=\"796\"><strong data-start=\"728\" data-end=\"744\">Durabilit\u00e9 :<\/strong> R\u00e9siste aux \u00e9claboussures et aux conditions marines<\/li>\n<\/ul>\n<p data-start=\"798\" data-end=\"985\"><strong data-start=\"798\" data-end=\"813\">Avantages :<\/strong><br data-start=\"813\" data-end=\"816\" \/>Facile \u00e0 nettoyer, cette sellerie en simili cuir noir apporte un design sobre et moderne \u00e0 votre console tout en garantissant un confort durable pendant vos navigations.<\/p>\n","protected":false},"excerpt":{"rendered":"<p>Description :Cette sellerie, sp\u00e9cialement con\u00e7ue pour l&rsquo;avant des consoles C900S, combine confort et style avec son rev\u00eatement en simili cuir noir. L&rsquo;assise et le dossier sont con\u00e7us pour offrir un soutien optimal tout en \u00e9tant faciles \u00e0 entretenir, parfaitement adapt\u00e9s aux conditions maritimes. Caract\u00e9ristiques : Assise : 87 cm x 37 cm, \u00e9paisseur 4 cm&hellip;<\/p>\n","protected":false},"featured_media":1212,"template":"","meta":[],"product_brand":[],"product_cat":[45],"product_tag":[],"class_list":{"0":"post-1210","1":"product","2":"type-product","3":"status-publish","4":"has-post-thumbnail","6":"product_cat-selleries","7":"description-off","9":"first","10":"instock","11":"taxable","12":"shipping-taxable","13":"purchasable","14":"product-type-simple"},"_links":{"self":[{"href":"https:\/\/eboutique.zeppelin.fr\/index.php\/wp-json\/wp\/v2\/product\/1210","targetHints":{"allow":["GET"]}}],"collection":[{"href":"https:\/\/eboutique.zeppelin.fr\/index.php\/wp-json\/wp\/v2\/product"}],"about":[{"href":"https:\/\/eboutique.zeppelin.fr\/index.php\/wp-json\/wp\/v2\/types\/product"}],"wp:featuredmedia":[{"embeddable":true,"href":"https:\/\/eboutique.zeppelin.fr\/index.php\/wp-json\/wp\/v2\/media\/1212"}],"wp:attachment":[{"href":"https:\/\/eboutique.zeppelin.fr\/index.php\/wp-json\/wp\/v2\/media?parent=1210"}],"wp:term":[{"taxonomy":"product_brand","embeddable":true,"href":"https:\/\/eboutique.zeppelin.fr\/index.php\/wp-json\/wp\/v2\/product_brand?post=1210"},{"taxonomy":"product_cat","embeddable":true,"href":"https:\/\/eboutique.zeppelin.fr\/index.php\/wp-json\/wp\/v2\/product_cat?post=1210"},{"taxonomy":"product_tag","embeddable":true,"href":"https:\/\/eboutique.zeppelin.fr\/index.php\/wp-json\/wp\/v2\/product_tag?post=1210"}],"curies":[{"name":"wp","href":"https:\/\/api.w.org\/{rel}","templated":true}]}}