{"id":118,"date":"2021-03-25T10:10:44","date_gmt":"2021-03-25T10:10:44","guid":{"rendered":"https:\/\/eboutique.zeppelin.fr\/?post_type=product&#038;p=118"},"modified":"2025-12-15T15:51:20","modified_gmt":"2025-12-15T15:51:20","slug":"valve-de-gonflage-haar-complete","status":"publish","type":"product","link":"https:\/\/eboutique.zeppelin.fr\/index.php\/produit\/valve-de-gonflage-haar-complete\/","title":{"rendered":"VALVE DE GONFLAGE HAAR COMPLETE"},"content":{"rendered":"<p>Cette valve de gonflage <strong>HAAR<\/strong> est l&rsquo;accessoire id\u00e9al pour garantir une \u00e9tanch\u00e9it\u00e9 optimale et une performance durable lors du gonflage de vos \u00e9quipements.<\/p>\n<h3>Caract\u00e9ristiques :<\/h3>\n<ul>\n<li><strong>Marque<\/strong> : HAAR.<\/li>\n<li><strong>Diam\u00e8tre int\u00e9rieur de la valve<\/strong> : 2,2 cm.<\/li>\n<li><strong>Usage<\/strong> : Compatible avec divers \u00e9quipements n\u00e9cessitant une valve de gonflage fiable.<\/li>\n<\/ul>\n<p>Con\u00e7ue pour une utilisation facile et une durabilit\u00e9 exceptionnelle, cette valve est parfaite pour remplacer une pi\u00e8ce us\u00e9e ou endommag\u00e9e. Assurez le bon fonctionnement de vos \u00e9quipements avec la qualit\u00e9 \u00e9prouv\u00e9e de HAAR.<\/p>\n","protected":false},"excerpt":{"rendered":"<p>Cette valve de diam\u00e8tre : 34\/35mm a \u00e9t\u00e9 utilis\u00e9e pour les bateaux professionnels jusqu&rsquo;en 2007 et jusqu&rsquo;en 2005 pour les bateaux de plaisance.<\/p>\n","protected":false},"featured_media":1026,"template":"","meta":[],"product_brand":[],"product_cat":[16,24],"product_tag":[],"class_list":{"0":"post-118","1":"product","2":"type-product","3":"status-publish","4":"has-post-thumbnail","6":"product_cat-accessoires-flotteurs","7":"product_cat-valves","8":"description-off","10":"first","11":"instock","12":"taxable","13":"shipping-taxable","14":"purchasable","15":"product-type-simple"},"_links":{"self":[{"href":"https:\/\/eboutique.zeppelin.fr\/index.php\/wp-json\/wp\/v2\/product\/118","targetHints":{"allow":["GET"]}}],"collection":[{"href":"https:\/\/eboutique.zeppelin.fr\/index.php\/wp-json\/wp\/v2\/product"}],"about":[{"href":"https:\/\/eboutique.zeppelin.fr\/index.php\/wp-json\/wp\/v2\/types\/product"}],"wp:featuredmedia":[{"embeddable":true,"href":"https:\/\/eboutique.zeppelin.fr\/index.php\/wp-json\/wp\/v2\/media\/1026"}],"wp:attachment":[{"href":"https:\/\/eboutique.zeppelin.fr\/index.php\/wp-json\/wp\/v2\/media?parent=118"}],"wp:term":[{"taxonomy":"product_brand","embeddable":true,"href":"https:\/\/eboutique.zeppelin.fr\/index.php\/wp-json\/wp\/v2\/product_brand?post=118"},{"taxonomy":"product_cat","embeddable":true,"href":"https:\/\/eboutique.zeppelin.fr\/index.php\/wp-json\/wp\/v2\/product_cat?post=118"},{"taxonomy":"product_tag","embeddable":true,"href":"https:\/\/eboutique.zeppelin.fr\/index.php\/wp-json\/wp\/v2\/product_tag?post=118"}],"curies":[{"name":"wp","href":"https:\/\/api.w.org\/{rel}","templated":true}]}}