{"id":1161,"date":"2025-02-28T08:46:25","date_gmt":"2025-02-28T08:46:25","guid":{"rendered":"https:\/\/eboutique.zeppelin.fr\/?post_type=product&#038;p=1161"},"modified":"2025-03-14T07:13:30","modified_gmt":"2025-03-14T07:13:30","slug":"sellerie-de-dossier-pour-banquette-s1000-blanc-tissu","status":"publish","type":"product","link":"https:\/\/eboutique.zeppelin.fr\/index.php\/produit\/sellerie-de-dossier-pour-banquette-s1000-blanc-tissu\/","title":{"rendered":"SELLERIE DE DOSSIER POUR BANQUETTE S1000 &#8211; BLANC &#8211; TISSU"},"content":{"rendered":"<p data-start=\"73\" data-end=\"297\">Ajoutez confort et \u00e9l\u00e9gance \u00e0 votre bateau avec cette sellerie de dossier con\u00e7ue sp\u00e9cialement pour la banquette S1000. Fabriqu\u00e9e en tissu r\u00e9sistant, elle offre une assise agr\u00e9able et durable, parfaite pour vos navigations.<\/p>\n<h3 data-start=\"299\" data-end=\"327\"><strong data-start=\"303\" data-end=\"325\">Caract\u00e9ristiques :<\/strong><\/h3>\n<p data-start=\"328\" data-end=\"556\">\u2705 <strong data-start=\"330\" data-end=\"344\">Dimensions<\/strong> : 120 x 20 x 13 cm<br data-start=\"363\" data-end=\"366\" \/>\u2705 <strong data-start=\"368\" data-end=\"379\">Couleur<\/strong> : Blanc, sobre et lumineux<br data-start=\"406\" data-end=\"409\" data-is-only-node=\"\" \/>\u2705 <strong data-start=\"411\" data-end=\"423\">Mat\u00e9riau<\/strong> : Tissu robuste, adapt\u00e9 aux environnements marins<br data-start=\"473\" data-end=\"476\" \/>\u2705 <strong data-start=\"478\" data-end=\"501\">Installation facile<\/strong> : Con\u00e7ue pour s\u2019adapter parfaitement au mod\u00e8le S1000<\/p>\n<p data-start=\"558\" data-end=\"668\" data-is-last-node=\"\" data-is-only-node=\"\">Profitez d\u2019un confort optimal et d\u2019un design \u00e9pur\u00e9 \u00e0 bord de votre bateau avec cette sellerie de qualit\u00e9 !<\/p>\n","protected":false},"excerpt":{"rendered":"<p>Ajoutez confort et \u00e9l\u00e9gance \u00e0 votre bateau avec cette sellerie de dossier con\u00e7ue sp\u00e9cialement pour la banquette S1000. Fabriqu\u00e9e en tissu r\u00e9sistant, elle offre une assise agr\u00e9able et durable, parfaite pour vos navigations. Caract\u00e9ristiques : \u2705 Dimensions : 120 x 20 x 13 cm\u2705 Couleur : Blanc, sobre et lumineux\u2705 Mat\u00e9riau : Tissu robuste, adapt\u00e9&hellip;<\/p>\n","protected":false},"featured_media":1163,"template":"","meta":[],"product_brand":[],"product_cat":[43,45],"product_tag":[],"class_list":{"0":"post-1161","1":"product","2":"type-product","3":"status-publish","4":"has-post-thumbnail","6":"product_cat-produits-declasses","7":"product_cat-selleries","8":"description-off","10":"first","11":"instock","12":"taxable","13":"shipping-taxable","14":"purchasable","15":"product-type-simple"},"_links":{"self":[{"href":"https:\/\/eboutique.zeppelin.fr\/index.php\/wp-json\/wp\/v2\/product\/1161","targetHints":{"allow":["GET"]}}],"collection":[{"href":"https:\/\/eboutique.zeppelin.fr\/index.php\/wp-json\/wp\/v2\/product"}],"about":[{"href":"https:\/\/eboutique.zeppelin.fr\/index.php\/wp-json\/wp\/v2\/types\/product"}],"wp:featuredmedia":[{"embeddable":true,"href":"https:\/\/eboutique.zeppelin.fr\/index.php\/wp-json\/wp\/v2\/media\/1163"}],"wp:attachment":[{"href":"https:\/\/eboutique.zeppelin.fr\/index.php\/wp-json\/wp\/v2\/media?parent=1161"}],"wp:term":[{"taxonomy":"product_brand","embeddable":true,"href":"https:\/\/eboutique.zeppelin.fr\/index.php\/wp-json\/wp\/v2\/product_brand?post=1161"},{"taxonomy":"product_cat","embeddable":true,"href":"https:\/\/eboutique.zeppelin.fr\/index.php\/wp-json\/wp\/v2\/product_cat?post=1161"},{"taxonomy":"product_tag","embeddable":true,"href":"https:\/\/eboutique.zeppelin.fr\/index.php\/wp-json\/wp\/v2\/product_tag?post=1161"}],"curies":[{"name":"wp","href":"https:\/\/api.w.org\/{rel}","templated":true}]}}