{"id":1154,"date":"2025-02-28T08:33:08","date_gmt":"2025-02-28T08:33:08","guid":{"rendered":"https:\/\/eboutique.zeppelin.fr\/?post_type=product&#038;p=1154"},"modified":"2025-02-28T08:33:09","modified_gmt":"2025-02-28T08:33:09","slug":"sellerie-pour-dossier-de-banquette-s1011-gris-clair-simili-cuir","status":"publish","type":"product","link":"https:\/\/eboutique.zeppelin.fr\/index.php\/produit\/sellerie-pour-dossier-de-banquette-s1011-gris-clair-simili-cuir\/","title":{"rendered":"SELLERIE POUR DOSSIER DE BANQUETTE S1011 &#8211; GRIS CLAIR &#8211; SIMILI CUIR"},"content":{"rendered":"<p data-start=\"84\" data-end=\"346\">Offrez \u00e0 votre bateau une touche de confort et d\u2019\u00e9l\u00e9gance avec cette sellerie de dossier sp\u00e9cialement con\u00e7ue pour la banquette S1011. Fabriqu\u00e9e en simili cuir de haute qualit\u00e9, elle est \u00e0 la fois r\u00e9sistante, facile d\u2019entretien et id\u00e9ale pour un usage nautique.<\/p>\n<h3 data-start=\"348\" data-end=\"376\"><strong data-start=\"352\" data-end=\"374\">Caract\u00e9ristiques :<\/strong><\/h3>\n<p data-start=\"377\" data-end=\"591\">\u2705 <strong data-start=\"379\" data-end=\"393\">Dimensions<\/strong> : 110 x 24 x 16 cm<br data-start=\"412\" data-end=\"415\" \/>\u2705 <strong data-start=\"417\" data-end=\"428\">Couleur<\/strong> : Gris clair, sobre et moderne<br data-start=\"459\" data-end=\"462\" data-is-only-node=\"\" \/>\u2705 <strong data-start=\"464\" data-end=\"476\">Mat\u00e9riau<\/strong> : Simili cuir, r\u00e9sistant \u00e0 l\u2019humidit\u00e9 et simple \u00e0 nettoyer<br data-start=\"535\" data-end=\"538\" \/>\u2705 <strong data-start=\"540\" data-end=\"563\">Installation facile<\/strong> : Adapt\u00e9e au mod\u00e8le S1011<\/p>\n<p data-start=\"593\" data-end=\"696\" data-is-last-node=\"\" data-is-only-node=\"\">Am\u00e9liorez le confort et l\u2019esth\u00e9tique de votre embarcation avec cette sellerie \u00e9l\u00e9gante et durable !<\/p>\n","protected":false},"excerpt":{"rendered":"<p>Offrez \u00e0 votre bateau une touche de confort et d\u2019\u00e9l\u00e9gance avec cette sellerie de dossier sp\u00e9cialement con\u00e7ue pour la banquette S1011. Fabriqu\u00e9e en simili cuir de haute qualit\u00e9, elle est \u00e0 la fois r\u00e9sistante, facile d\u2019entretien et id\u00e9ale pour un usage nautique. Caract\u00e9ristiques : \u2705 Dimensions : 110 x 24 x 16 cm\u2705 Couleur :&hellip;<\/p>\n","protected":false},"featured_media":1156,"template":"","meta":[],"product_brand":[],"product_cat":[45],"product_tag":[],"class_list":{"0":"post-1154","1":"product","2":"type-product","3":"status-publish","4":"has-post-thumbnail","6":"product_cat-selleries","7":"description-off","9":"first","10":"instock","11":"taxable","12":"shipping-taxable","13":"purchasable","14":"product-type-simple"},"_links":{"self":[{"href":"https:\/\/eboutique.zeppelin.fr\/index.php\/wp-json\/wp\/v2\/product\/1154","targetHints":{"allow":["GET"]}}],"collection":[{"href":"https:\/\/eboutique.zeppelin.fr\/index.php\/wp-json\/wp\/v2\/product"}],"about":[{"href":"https:\/\/eboutique.zeppelin.fr\/index.php\/wp-json\/wp\/v2\/types\/product"}],"wp:featuredmedia":[{"embeddable":true,"href":"https:\/\/eboutique.zeppelin.fr\/index.php\/wp-json\/wp\/v2\/media\/1156"}],"wp:attachment":[{"href":"https:\/\/eboutique.zeppelin.fr\/index.php\/wp-json\/wp\/v2\/media?parent=1154"}],"wp:term":[{"taxonomy":"product_brand","embeddable":true,"href":"https:\/\/eboutique.zeppelin.fr\/index.php\/wp-json\/wp\/v2\/product_brand?post=1154"},{"taxonomy":"product_cat","embeddable":true,"href":"https:\/\/eboutique.zeppelin.fr\/index.php\/wp-json\/wp\/v2\/product_cat?post=1154"},{"taxonomy":"product_tag","embeddable":true,"href":"https:\/\/eboutique.zeppelin.fr\/index.php\/wp-json\/wp\/v2\/product_tag?post=1154"}],"curies":[{"name":"wp","href":"https:\/\/api.w.org\/{rel}","templated":true}]}}