{"id":1151,"date":"2025-02-28T08:30:58","date_gmt":"2025-02-28T08:30:58","guid":{"rendered":"https:\/\/eboutique.zeppelin.fr\/?post_type=product&#038;p=1151"},"modified":"2025-02-28T08:30:59","modified_gmt":"2025-02-28T08:30:59","slug":"sellerie-de-dossier-pour-banquette-s1011-gris-fonce-simili-cuir","status":"publish","type":"product","link":"https:\/\/eboutique.zeppelin.fr\/index.php\/produit\/sellerie-de-dossier-pour-banquette-s1011-gris-fonce-simili-cuir\/","title":{"rendered":"SELLERIE DE DOSSIER POUR BANQUETTE S1011 &#8211; GRIS FONCE &#8211; SIMILI CUIR"},"content":{"rendered":"<p data-start=\"84\" data-end=\"316\">Apportez confort et style \u00e0 votre bateau avec cette sellerie de dossier con\u00e7ue pour la banquette S1011. R\u00e9alis\u00e9e en simili cuir de haute qualit\u00e9, elle allie \u00e9l\u00e9gance et r\u00e9sistance, parfaite pour une utilisation en milieu nautique.<\/p>\n<h3 data-start=\"318\" data-end=\"346\"><strong data-start=\"322\" data-end=\"344\">Caract\u00e9ristiques :<\/strong><\/h3>\n<p data-start=\"347\" data-end=\"591\">\u2705 <strong data-start=\"349\" data-end=\"363\">Dimensions<\/strong> : 110 x 24 x 16 cm<br data-start=\"382\" data-end=\"385\" \/>\u2705 <strong data-start=\"387\" data-end=\"398\">Couleur<\/strong> : Gris fonc\u00e9, moderne et raffin\u00e9<br data-start=\"431\" data-end=\"434\" data-is-only-node=\"\" \/>\u2705 <strong data-start=\"436\" data-end=\"448\">Mat\u00e9riau<\/strong> : Simili cuir, facile d\u2019entretien et r\u00e9sistant \u00e0 l\u2019humidit\u00e9<br data-start=\"508\" data-end=\"511\" \/>\u2705 <strong data-start=\"513\" data-end=\"536\">Installation rapide<\/strong> : Con\u00e7ue pour s\u2019adapter parfaitement au mod\u00e8le S1011<\/p>\n<p data-start=\"593\" data-end=\"696\" data-is-last-node=\"\" data-is-only-node=\"\">Ajoutez une touche de confort et d\u2019\u00e9l\u00e9gance \u00e0 votre embarcation avec cette sellerie haut de gamme !<\/p>\n","protected":false},"excerpt":{"rendered":"<p>Apportez confort et style \u00e0 votre bateau avec cette sellerie de dossier con\u00e7ue pour la banquette S1011. R\u00e9alis\u00e9e en simili cuir de haute qualit\u00e9, elle allie \u00e9l\u00e9gance et r\u00e9sistance, parfaite pour une utilisation en milieu nautique. Caract\u00e9ristiques : \u2705 Dimensions : 110 x 24 x 16 cm\u2705 Couleur : Gris fonc\u00e9, moderne et raffin\u00e9\u2705 Mat\u00e9riau&hellip;<\/p>\n","protected":false},"featured_media":1153,"template":"","meta":[],"product_brand":[],"product_cat":[45],"product_tag":[],"class_list":{"0":"post-1151","1":"product","2":"type-product","3":"status-publish","4":"has-post-thumbnail","6":"product_cat-selleries","7":"description-off","9":"first","10":"instock","11":"taxable","12":"shipping-taxable","13":"purchasable","14":"product-type-simple"},"_links":{"self":[{"href":"https:\/\/eboutique.zeppelin.fr\/index.php\/wp-json\/wp\/v2\/product\/1151","targetHints":{"allow":["GET"]}}],"collection":[{"href":"https:\/\/eboutique.zeppelin.fr\/index.php\/wp-json\/wp\/v2\/product"}],"about":[{"href":"https:\/\/eboutique.zeppelin.fr\/index.php\/wp-json\/wp\/v2\/types\/product"}],"wp:featuredmedia":[{"embeddable":true,"href":"https:\/\/eboutique.zeppelin.fr\/index.php\/wp-json\/wp\/v2\/media\/1153"}],"wp:attachment":[{"href":"https:\/\/eboutique.zeppelin.fr\/index.php\/wp-json\/wp\/v2\/media?parent=1151"}],"wp:term":[{"taxonomy":"product_brand","embeddable":true,"href":"https:\/\/eboutique.zeppelin.fr\/index.php\/wp-json\/wp\/v2\/product_brand?post=1151"},{"taxonomy":"product_cat","embeddable":true,"href":"https:\/\/eboutique.zeppelin.fr\/index.php\/wp-json\/wp\/v2\/product_cat?post=1151"},{"taxonomy":"product_tag","embeddable":true,"href":"https:\/\/eboutique.zeppelin.fr\/index.php\/wp-json\/wp\/v2\/product_tag?post=1151"}],"curies":[{"name":"wp","href":"https:\/\/api.w.org\/{rel}","templated":true}]}}