{"id":1139,"date":"2025-02-25T10:50:08","date_gmt":"2025-02-25T10:50:08","guid":{"rendered":"https:\/\/eboutique.zeppelin.fr\/?post_type=product&#038;p=1139"},"modified":"2025-02-25T10:50:09","modified_gmt":"2025-02-25T10:50:09","slug":"dossier-s500-gris-2","status":"publish","type":"product","link":"https:\/\/eboutique.zeppelin.fr\/index.php\/produit\/dossier-s500-gris-2\/","title":{"rendered":"DOSSIER S500 GRIS"},"content":{"rendered":"<p data-start=\"56\" data-end=\"157\">Apportez confort et style \u00e0 votre bateau avec cette sellerie de dossier con\u00e7ue pour le mod\u00e8le S500.<\/p>\n<p data-start=\"159\" data-end=\"461\">\u2705 <strong data-start=\"161\" data-end=\"175\">Dimensions<\/strong> : 73 x 20 x 12 cm<br data-start=\"193\" data-end=\"196\" \/>\u2705 <strong data-start=\"198\" data-end=\"210\">Mat\u00e9riau<\/strong> : Tissu gris, r\u00e9sistant aux UV et \u00e0 l\u2019humidit\u00e9, id\u00e9al pour un usage nautique<br data-start=\"287\" data-end=\"290\" data-is-only-node=\"\" \/>\u2705 <strong data-start=\"292\" data-end=\"321\">Design moderne et \u00e9l\u00e9gant<\/strong> : Coloris gris uni pour une finition chic et sobre<br data-start=\"372\" data-end=\"375\" \/>\u2705 <strong data-start=\"377\" data-end=\"400\">Installation facile<\/strong> : Conception adapt\u00e9e pour une fixation rapide et s\u00e9curis\u00e9e<\/p>\n<p data-start=\"463\" data-end=\"588\">Id\u00e9al pour remplacer ou moderniser votre sellerie, ce dossier assure confort et durabilit\u00e9 pour une navigation agr\u00e9able.<\/p>\n","protected":false},"excerpt":{"rendered":"<p>Apportez confort et style \u00e0 votre bateau avec cette sellerie de dossier con\u00e7ue pour le mod\u00e8le S500. \u2705 Dimensions : 73 x 20 x 12 cm\u2705 Mat\u00e9riau : Tissu gris, r\u00e9sistant aux UV et \u00e0 l\u2019humidit\u00e9, id\u00e9al pour un usage nautique\u2705 Design moderne et \u00e9l\u00e9gant : Coloris gris uni pour une finition chic et sobre\u2705&hellip;<\/p>\n","protected":false},"featured_media":1141,"template":"","meta":[],"product_brand":[],"product_cat":[45],"product_tag":[],"class_list":{"0":"post-1139","1":"product","2":"type-product","3":"status-publish","4":"has-post-thumbnail","6":"product_cat-selleries","7":"description-off","9":"first","10":"instock","11":"taxable","12":"shipping-taxable","13":"purchasable","14":"product-type-simple"},"_links":{"self":[{"href":"https:\/\/eboutique.zeppelin.fr\/index.php\/wp-json\/wp\/v2\/product\/1139","targetHints":{"allow":["GET"]}}],"collection":[{"href":"https:\/\/eboutique.zeppelin.fr\/index.php\/wp-json\/wp\/v2\/product"}],"about":[{"href":"https:\/\/eboutique.zeppelin.fr\/index.php\/wp-json\/wp\/v2\/types\/product"}],"wp:featuredmedia":[{"embeddable":true,"href":"https:\/\/eboutique.zeppelin.fr\/index.php\/wp-json\/wp\/v2\/media\/1141"}],"wp:attachment":[{"href":"https:\/\/eboutique.zeppelin.fr\/index.php\/wp-json\/wp\/v2\/media?parent=1139"}],"wp:term":[{"taxonomy":"product_brand","embeddable":true,"href":"https:\/\/eboutique.zeppelin.fr\/index.php\/wp-json\/wp\/v2\/product_brand?post=1139"},{"taxonomy":"product_cat","embeddable":true,"href":"https:\/\/eboutique.zeppelin.fr\/index.php\/wp-json\/wp\/v2\/product_cat?post=1139"},{"taxonomy":"product_tag","embeddable":true,"href":"https:\/\/eboutique.zeppelin.fr\/index.php\/wp-json\/wp\/v2\/product_tag?post=1139"}],"curies":[{"name":"wp","href":"https:\/\/api.w.org\/{rel}","templated":true}]}}