{"id":1130,"date":"2025-02-25T10:24:17","date_gmt":"2025-02-25T10:24:17","guid":{"rendered":"https:\/\/eboutique.zeppelin.fr\/?post_type=product&#038;p=1130"},"modified":"2025-02-25T10:24:42","modified_gmt":"2025-02-25T10:24:42","slug":"dossier-s500-noir","status":"publish","type":"product","link":"https:\/\/eboutique.zeppelin.fr\/index.php\/produit\/dossier-s500-noir\/","title":{"rendered":"DOSSIER S500 NOIR"},"content":{"rendered":"<p data-start=\"56\" data-end=\"159\">Ajoutez confort et \u00e9l\u00e9gance \u00e0 votre bateau avec cette sellerie de dossier con\u00e7ue pour le mod\u00e8le S500.<\/p>\n<p data-start=\"161\" data-end=\"472\">\u2705 <strong data-start=\"163\" data-end=\"177\">Dimensions<\/strong> : 73 x 20 x 12 cm<br data-start=\"195\" data-end=\"198\" \/>\u2705 <strong data-start=\"200\" data-end=\"212\">Mat\u00e9riau<\/strong> : Tissu noir, r\u00e9sistant aux UV et \u00e0 l\u2019humidit\u00e9, id\u00e9al pour un usage nautique<br data-start=\"289\" data-end=\"292\" data-is-only-node=\"\" \/>\u2705 <strong data-start=\"294\" data-end=\"321\">Design sobre et moderne<\/strong> : Coloris noir uni pour une finition \u00e9l\u00e9gante et intemporelle<br data-start=\"383\" data-end=\"386\" \/>\u2705 <strong data-start=\"388\" data-end=\"411\">Installation facile<\/strong> : Conception adapt\u00e9e pour une fixation rapide et s\u00e9curis\u00e9e<\/p>\n<p data-start=\"474\" data-end=\"593\">Parfait pour remplacer ou moderniser votre sellerie, ce dossier assure confort et durabilit\u00e9 pour vos navigations.<\/p>\n","protected":false},"excerpt":{"rendered":"<p>Ajoutez confort et \u00e9l\u00e9gance \u00e0 votre bateau avec cette sellerie de dossier con\u00e7ue pour le mod\u00e8le S500. \u2705 Dimensions : 73 x 20 x 12 cm\u2705 Mat\u00e9riau : Tissu noir, r\u00e9sistant aux UV et \u00e0 l\u2019humidit\u00e9, id\u00e9al pour un usage nautique\u2705 Design sobre et moderne : Coloris noir uni pour une finition \u00e9l\u00e9gante et intemporelle\u2705&hellip;<\/p>\n","protected":false},"featured_media":1132,"template":"","meta":[],"product_brand":[],"product_cat":[45],"product_tag":[],"class_list":{"0":"post-1130","1":"product","2":"type-product","3":"status-publish","4":"has-post-thumbnail","6":"product_cat-selleries","7":"description-off","9":"first","10":"instock","11":"taxable","12":"shipping-taxable","13":"purchasable","14":"product-type-simple"},"_links":{"self":[{"href":"https:\/\/eboutique.zeppelin.fr\/index.php\/wp-json\/wp\/v2\/product\/1130","targetHints":{"allow":["GET"]}}],"collection":[{"href":"https:\/\/eboutique.zeppelin.fr\/index.php\/wp-json\/wp\/v2\/product"}],"about":[{"href":"https:\/\/eboutique.zeppelin.fr\/index.php\/wp-json\/wp\/v2\/types\/product"}],"wp:featuredmedia":[{"embeddable":true,"href":"https:\/\/eboutique.zeppelin.fr\/index.php\/wp-json\/wp\/v2\/media\/1132"}],"wp:attachment":[{"href":"https:\/\/eboutique.zeppelin.fr\/index.php\/wp-json\/wp\/v2\/media?parent=1130"}],"wp:term":[{"taxonomy":"product_brand","embeddable":true,"href":"https:\/\/eboutique.zeppelin.fr\/index.php\/wp-json\/wp\/v2\/product_brand?post=1130"},{"taxonomy":"product_cat","embeddable":true,"href":"https:\/\/eboutique.zeppelin.fr\/index.php\/wp-json\/wp\/v2\/product_cat?post=1130"},{"taxonomy":"product_tag","embeddable":true,"href":"https:\/\/eboutique.zeppelin.fr\/index.php\/wp-json\/wp\/v2\/product_tag?post=1130"}],"curies":[{"name":"wp","href":"https:\/\/api.w.org\/{rel}","templated":true}]}}