{"id":1123,"date":"2025-02-25T10:08:32","date_gmt":"2025-02-25T10:08:32","guid":{"rendered":"https:\/\/eboutique.zeppelin.fr\/?post_type=product&#038;p=1123"},"modified":"2025-02-25T10:08:32","modified_gmt":"2025-02-25T10:08:32","slug":"dossier-s700-blanc","status":"publish","type":"product","link":"https:\/\/eboutique.zeppelin.fr\/index.php\/produit\/dossier-s700-blanc\/","title":{"rendered":"DOSSIER S700 BLANC"},"content":{"rendered":"<p data-start=\"57\" data-end=\"170\">Offrez confort et \u00e9l\u00e9gance \u00e0 votre bateau avec cette sellerie de dossier con\u00e7ue pour la banquette mod\u00e8le S700.<\/p>\n<p data-start=\"172\" data-end=\"477\">\u2705 <strong data-start=\"174\" data-end=\"188\">Dimensions<\/strong> : 91 x 20 x 12 cm<br data-start=\"207\" data-end=\"210\" \/>\u2705 <strong data-start=\"212\" data-end=\"224\">Mat\u00e9riau<\/strong> : Simili cuir blanc, r\u00e9sistant aux UV et \u00e0 l\u2019humidit\u00e9, id\u00e9al pour un usage nautique<br data-start=\"308\" data-end=\"311\" data-is-only-node=\"\" \/>\u2705 <strong data-start=\"313\" data-end=\"329\">Design \u00e9pur\u00e9<\/strong> : Coloris blanc uni pour une finition lumineuse et moderne<br data-start=\"388\" data-end=\"391\" \/>\u2705 <strong data-start=\"393\" data-end=\"416\">Installation facile<\/strong> : Conception adapt\u00e9e pour une fixation rapide et s\u00e9curis\u00e9e<\/p>\n<p data-start=\"479\" data-end=\"610\">Parfait pour remplacer ou moderniser votre sellerie, ce dossier allie style et durabilit\u00e9 pour une navigation en tout confort.<\/p>\n","protected":false},"excerpt":{"rendered":"<p>Offrez confort et \u00e9l\u00e9gance \u00e0 votre bateau avec cette sellerie de dossier con\u00e7ue pour la banquette mod\u00e8le S700. \u2705 Dimensions : 91 x 20 x 12 cm\u2705 Mat\u00e9riau : Simili cuir blanc, r\u00e9sistant aux UV et \u00e0 l\u2019humidit\u00e9, id\u00e9al pour un usage nautique\u2705 Design \u00e9pur\u00e9 : Coloris blanc uni pour une finition lumineuse et moderne\u2705&hellip;<\/p>\n","protected":false},"featured_media":1126,"template":"","meta":[],"product_brand":[],"product_cat":[45],"product_tag":[],"class_list":{"0":"post-1123","1":"product","2":"type-product","3":"status-publish","4":"has-post-thumbnail","6":"product_cat-selleries","7":"description-off","9":"first","10":"instock","11":"taxable","12":"shipping-taxable","13":"purchasable","14":"product-type-simple"},"_links":{"self":[{"href":"https:\/\/eboutique.zeppelin.fr\/index.php\/wp-json\/wp\/v2\/product\/1123","targetHints":{"allow":["GET"]}}],"collection":[{"href":"https:\/\/eboutique.zeppelin.fr\/index.php\/wp-json\/wp\/v2\/product"}],"about":[{"href":"https:\/\/eboutique.zeppelin.fr\/index.php\/wp-json\/wp\/v2\/types\/product"}],"wp:featuredmedia":[{"embeddable":true,"href":"https:\/\/eboutique.zeppelin.fr\/index.php\/wp-json\/wp\/v2\/media\/1126"}],"wp:attachment":[{"href":"https:\/\/eboutique.zeppelin.fr\/index.php\/wp-json\/wp\/v2\/media?parent=1123"}],"wp:term":[{"taxonomy":"product_brand","embeddable":true,"href":"https:\/\/eboutique.zeppelin.fr\/index.php\/wp-json\/wp\/v2\/product_brand?post=1123"},{"taxonomy":"product_cat","embeddable":true,"href":"https:\/\/eboutique.zeppelin.fr\/index.php\/wp-json\/wp\/v2\/product_cat?post=1123"},{"taxonomy":"product_tag","embeddable":true,"href":"https:\/\/eboutique.zeppelin.fr\/index.php\/wp-json\/wp\/v2\/product_tag?post=1123"}],"curies":[{"name":"wp","href":"https:\/\/api.w.org\/{rel}","templated":true}]}}